{"id":1023,"date":"2020-06-12T18:45:45","date_gmt":"2020-06-12T16:45:45","guid":{"rendered":"https:\/\/cgmap.org\/projekti\/the-genocide-in-srebrenica-through-legal-judgements\/"},"modified":"2022-04-19T12:58:34","modified_gmt":"2022-04-19T10:58:34","slug":"genocid-u-srebrenici-kroz-presude-krivicnih-sudova","status":"publish","type":"page","link":"https:\/\/cgmap.org\/bs\/projekti\/naslijede-mksj\/genocid-u-srebrenici-kroz-presude-krivicnih-sudova\/","title":{"rendered":"Genocid u Srebrenici kroz presude krivi\u010dnih sudova"},"content":{"rendered":"\t\t<div data-elementor-type=\"wp-page\" data-elementor-id=\"1023\" class=\"elementor elementor-1023 elementor-1001\">\n\t\t\t\t\t\t<div class=\"elementor-inner\">\n\t\t\t\t<div class=\"elementor-section-wrap\">\n\t\t\t\t\t\t\t\t\t<section class=\"elementor-section elementor-top-section elementor-element elementor-element-7b5f8d21 elementor-section-height-min-height elementor-section-boxed elementor-section-height-default elementor-section-items-middle\" data-id=\"7b5f8d21\" data-element_type=\"section\" data-settings=\"{&quot;background_background&quot;:&quot;classic&quot;,&quot;shape_divider_bottom&quot;:&quot;tilt&quot;}\">\n\t\t\t\t\t\t\t<div class=\"elementor-background-overlay\"><\/div>\n\t\t\t\t\t\t<div class=\"elementor-shape elementor-shape-bottom\" data-negative=\"false\">\n\t\t\t<svg xmlns=\"http:\/\/www.w3.org\/2000\/svg\" viewBox=\"0 0 1000 100\" preserveAspectRatio=\"none\">\n\t<path class=\"elementor-shape-fill\" d=\"M0,6V0h1000v100L0,6z\"\/>\n<\/svg>\t\t<\/div>\n\t\t\t\t\t<div class=\"elementor-container elementor-column-gap-default\">\n\t\t\t\t\t\t\t<div class=\"elementor-row\">\n\t\t\t\t\t<div class=\"elementor-column elementor-col-100 elementor-top-column elementor-element elementor-element-796d42d1\" data-id=\"796d42d1\" data-element_type=\"column\">\n\t\t\t<div class=\"elementor-column-wrap elementor-element-populated\">\n\t\t\t\t\t\t\t<div class=\"elementor-widget-wrap\">\n\t\t\t\t\t\t\t\t<\/div>\n\t\t\t\t\t<\/div>\n\t\t<\/div>\n\t\t\t\t\t\t\t\t<\/div>\n\t\t\t\t\t<\/div>\n\t\t<\/section>\n\t\t\t\t<section class=\"elementor-section elementor-top-section elementor-element elementor-element-3e532ab2 elementor-section-boxed elementor-section-height-default elementor-section-height-default\" data-id=\"3e532ab2\" data-element_type=\"section\">\n\t\t\t\t\t\t<div class=\"elementor-container elementor-column-gap-default\">\n\t\t\t\t\t\t\t<div class=\"elementor-row\">\n\t\t\t\t\t<div class=\"elementor-column elementor-col-100 elementor-top-column elementor-element elementor-element-3752f7f3\" data-id=\"3752f7f3\" data-element_type=\"column\">\n\t\t\t<div class=\"elementor-column-wrap elementor-element-populated\">\n\t\t\t\t\t\t\t<div class=\"elementor-widget-wrap\">\n\t\t\t\t\t\t<div class=\"elementor-element elementor-element-7dafc7ee elementor-widget elementor-widget-text-editor\" data-id=\"7dafc7ee\" data-element_type=\"widget\" data-widget_type=\"text-editor.default\">\n\t\t\t\t<div class=\"elementor-widget-container\">\n\t\t\t\t\t\t\t\t<div class=\"elementor-text-editor elementor-clearfix\">\n\t\t\t\t<p>U julu 1995. godine, Vojska Republike Srpske (VRS) izvr\u0161ila je napad na Srebrenicu, grad u isto\u010dnoj Bosni i Hercegovini (BiH). U samo nekoliko dana vi\u0161e od 8 hiljada dje\u010daka i mu\u0161karaca prisilno je odvedeno, zatvoreno, zlostavljano, mu\u010deno i potom ubijeno zbog njihove etni\u010dke i religijske pripadnosti kao bosanskih Muslimana. U pozadini hiljada tijela u masovnim grobnicama, nastajao je sistem spreman da negira ove zlo\u010dine.<\/p>\t\t\t\t\t<\/div>\n\t\t\t\t\t\t<\/div>\n\t\t\t\t<\/div>\n\t\t\t\t<div class=\"elementor-element elementor-element-5f8eaa7 elementor-blockquote--skin-border elementor-blockquote--button-color-official elementor-widget elementor-widget-blockquote\" data-id=\"5f8eaa7\" data-element_type=\"widget\" data-widget_type=\"blockquote.default\">\n\t\t\t\t<div class=\"elementor-widget-container\">\n\t\t\t\t\t<blockquote class=\"elementor-blockquote\">\n\t\t\t<p class=\"elementor-blockquote__content\">\n\t\t\t\t\u201cNakon \u0161to je Srebrenica u julu 1995. pala u ruke srpskih snaga koje su je opsjedale, izgleda da se desio zaista stra\u0161an masakr muslimanskog stanovni\u0161tva. Dokazi koje je podnijelo Tu\u017eila\u0161tvo opisuju scene neza-mislivog divlja\u0161tva: na hiljade mu\u0161karaca pogubljenih i zatrpanih u masovne grobnice, na stotine \u017eivih sahranjenih mu\u0161karaca, mu\u0161karci i \u017eene saka\u0107eni i zaklani, djeca ubijana pred o\u010dima svojih majki, djed primoran da jede jetru svog unuka. Ovo su istinske scene iz pakla, pisane na najmra\u010dnijim stranicama ljudske istorije\u201d.\t\t\t<\/p>\n\t\t\t\t\t\t\t<footer>\n\t\t\t\t\t\t\t\t\t\t\t<cite class=\"elementor-blockquote__author\">Sudija Fouad Riad, 16. novembar 1995. godine, Me\u0111unarodni krivi\u010dni sud za biv\u0161u Jugoslaviju. Optu\u017enice protiv Radovana Karad\u017ei\u0107a, predsjednika vlasti bosanskih Srba na Palama, i Ratka Mladi\u0107a, komandanta vojske bosanskih Srba.<\/cite>\n\t\t\t\t\t\t\t\t\t\t\t\t\t\t<\/footer>\n\t\t\t\t\t<\/blockquote>\n\t\t\t\t<\/div>\n\t\t\t\t<\/div>\n\t\t\t\t<div class=\"elementor-element elementor-element-093437f elementor-widget elementor-widget-text-editor\" data-id=\"093437f\" data-element_type=\"widget\" data-widget_type=\"text-editor.default\">\n\t\t\t\t<div class=\"elementor-widget-container\">\n\t\t\t\t\t\t\t\t<div class=\"elementor-text-editor elementor-clearfix\">\n\t\t\t\t<p>Radna Grupa Komisije za istra\u017eivanje doga\u0111aja u i oko Srebrenice od 10. do 19. jula 1995. godine, formirana od strane Vlade bosanskohercegova\u010dkog entiteta Republike Srpske, je 2004. godine utvrdila da je 20.150 osoba direktno ili indirektno u\u010destvovalo u pripremi i realizaciji genocida u Srebrenici. Me\u0111unarodni sud pravde je 2007. godine presudio da je dr\u017eava Srbija prekr\u0161ila Konvenciju o sprje\u010davanju i ka\u017enjavanju zlo\u010dina genocida time \u0161to nije u\u010dinila sve \u0161to je bilo u njenoj mo\u0107i da sprije\u010di genocid, nije kaznila niti predala po\u010dinioce MKSJ, te je prekr\u0161ila svoje obaveze da po\u0161tuje privremene mjere koje je odredio Sud. Me\u0111unarodni krivi\u010dni sud za biv\u0161u Jugoslaviju (MKSJ), Sud Bosne i Hercegovine i sudovi u Srbiji osudili su vi\u0161e od pedeset osoba na vi\u0161e od 700 godina zatvora za zlo\u010dine po\u010dinjene u Srebrenici.<\/p><p>Od 21 presude MKSJ-a za zlo\u010dine po\u010dinjene u Srebrenici, osam uklju\u010duje i presude za zlo\u010din genocida. Sud BiH donjeo je 25 presuda za zlo\u010dine po\u010dinjene u Srebrenici, od \u010dega je trinaest za zlo\u010din genocida. U Republici Srbiji doneseno je pet presuda koje se odnose na Srebrenicu, uklju\u010duju\u0107i presude za ratne zlo\u010dine protiv civilnog stanovni\u0161tva i kr\u0161enje zakona i obi\u010daja ratovanja.<\/p>\t\t\t\t\t<\/div>\n\t\t\t\t\t\t<\/div>\n\t\t\t\t<\/div>\n\t\t\t\t\t\t<\/div>\n\t\t\t\t\t<\/div>\n\t\t<\/div>\n\t\t\t\t\t\t\t\t<\/div>\n\t\t\t\t\t<\/div>\n\t\t<\/section>\n\t\t\t\t<section class=\"elementor-section elementor-top-section elementor-element elementor-element-d72b629 elementor-section-stretched elementor-section-boxed elementor-section-height-default elementor-section-height-default\" data-id=\"d72b629\" data-element_type=\"section\" data-settings=\"{&quot;stretch_section&quot;:&quot;section-stretched&quot;}\">\n\t\t\t\t\t\t<div class=\"elementor-container elementor-column-gap-default\">\n\t\t\t\t\t\t\t<div class=\"elementor-row\">\n\t\t\t\t\t<div class=\"elementor-column elementor-col-100 elementor-top-column elementor-element elementor-element-a0591b2\" data-id=\"a0591b2\" data-element_type=\"column\">\n\t\t\t<div class=\"elementor-column-wrap elementor-element-populated\">\n\t\t\t\t\t\t\t<div class=\"elementor-widget-wrap\">\n\t\t\t\t\t\t<div class=\"elementor-element elementor-element-1b51ecd elementor-widget elementor-widget-image\" data-id=\"1b51ecd\" data-element_type=\"widget\" data-widget_type=\"image.default\">\n\t\t\t\t<div class=\"elementor-widget-container\">\n\t\t\t\t\t\t\t\t<div class=\"elementor-image\">\n\t\t\t\t\t\t\t\t\t\t\t\t<img width=\"2560\" height=\"1468\" src=\"https:\/\/cgmap.org\/app\/uploads\/2021\/11\/Info-BOS-scaled.jpg\" class=\"attachment-full size-full\" alt=\"\" loading=\"lazy\" srcset=\"https:\/\/cgmap.org\/app\/uploads\/2021\/11\/Info-BOS-scaled.jpg 2560w, https:\/\/cgmap.org\/app\/uploads\/2021\/11\/Info-BOS-300x172.jpg 300w, https:\/\/cgmap.org\/app\/uploads\/2021\/11\/Info-BOS-1024x587.jpg 1024w, https:\/\/cgmap.org\/app\/uploads\/2021\/11\/Info-BOS-768x440.jpg 768w, https:\/\/cgmap.org\/app\/uploads\/2021\/11\/Info-BOS-1536x881.jpg 1536w, https:\/\/cgmap.org\/app\/uploads\/2021\/11\/Info-BOS-2048x1174.jpg 2048w, https:\/\/cgmap.org\/app\/uploads\/2021\/11\/Info-BOS-1200x688.jpg 1200w, https:\/\/cgmap.org\/app\/uploads\/2021\/11\/Info-BOS-1980x1135.jpg 1980w\" sizes=\"(max-width: 2560px) 100vw, 2560px\" \/>\t\t\t\t\t\t\t\t\t\t\t\t\t\t<\/div>\n\t\t\t\t\t\t<\/div>\n\t\t\t\t<\/div>\n\t\t\t\t\t\t<\/div>\n\t\t\t\t\t<\/div>\n\t\t<\/div>\n\t\t\t\t\t\t\t\t<\/div>\n\t\t\t\t\t<\/div>\n\t\t<\/section>\n\t\t\t\t<section class=\"elementor-section elementor-top-section elementor-element elementor-element-55fd1df elementor-section-boxed elementor-section-height-default elementor-section-height-default\" data-id=\"55fd1df\" data-element_type=\"section\">\n\t\t\t\t\t\t<div class=\"elementor-container elementor-column-gap-default\">\n\t\t\t\t\t\t\t<div class=\"elementor-row\">\n\t\t\t\t\t<div class=\"elementor-column elementor-col-100 elementor-top-column elementor-element elementor-element-d068f86\" data-id=\"d068f86\" data-element_type=\"column\">\n\t\t\t<div class=\"elementor-column-wrap elementor-element-populated\">\n\t\t\t\t\t\t\t<div class=\"elementor-widget-wrap\">\n\t\t\t\t\t\t<div class=\"elementor-element elementor-element-f862f38 elementor-widget elementor-widget-text-editor\" data-id=\"f862f38\" data-element_type=\"widget\" data-widget_type=\"text-editor.default\">\n\t\t\t\t<div class=\"elementor-widget-container\">\n\t\t\t\t\t\t\t\t<div class=\"elementor-text-editor elementor-clearfix\">\n\t\t\t\t\t\t\t\t\t<\/div>\n\t\t\t\t\t\t<\/div>\n\t\t\t\t<\/div>\n\t\t\t\t<div class=\"elementor-element elementor-element-a8068ab elementor-cta--layout-image-above elementor-cta--skin-classic elementor-animated-content elementor-bg-transform elementor-bg-transform-zoom-in elementor-widget elementor-widget-call-to-action\" data-id=\"a8068ab\" data-element_type=\"widget\" data-widget_type=\"call-to-action.default\">\n\t\t\t\t<div class=\"elementor-widget-container\">\n\t\t\t\t\t<a class=\"elementor-cta\" href=\"https:\/\/cgmap.org\/app\/uploads\/2022\/04\/Srebrenica-Project-Findings.pdf\" target=\"_blank\">\n\t\t\t\t\t<div class=\"elementor-cta__bg-wrapper\">\n\t\t\t\t<div class=\"elementor-cta__bg elementor-bg\" style=\"background-image: url(https:\/\/cgmap.org\/app\/uploads\/2020\/04\/optuznice-header-768x192.jpg);\"><\/div>\n\t\t\t\t<div class=\"elementor-cta__bg-overlay\"><\/div>\n\t\t\t<\/div>\n\t\t\t\t\t\t\t<div class=\"elementor-cta__content\">\n\t\t\t\t\n\t\t\t\t<h2 class=\"elementor-cta__title elementor-cta__content-item elementor-content-item\">GENOCID U SREBRENICI<\/h2>\n\t\t\t\t\t\t\t\t\t<div class=\"elementor-cta__description elementor-cta__content-item elementor-content-item\">\n\t\t\t\t\t\tkroz presude krivi\u010dnih sudova\t\t\t\t\t<\/div>\n\t\t\t\t\n\t\t\t\t\t\t\t\t\t<div class=\"elementor-cta__button-wrapper elementor-cta__content-item elementor-content-item \">\n\t\t\t\t\t<span class=\"elementor-cta__button elementor-button elementor-size-sm\">\n\t\t\t\t\t\tproject booklet \t\t\t\t\t<\/span>\n\t\t\t\t\t<\/div>\n\t\t\t\t\t\t\t<\/div>\n\t\t\t\t\t\t<\/a>\n\t\t\t\t<\/div>\n\t\t\t\t<\/div>\n\t\t\t\t\t\t<\/div>\n\t\t\t\t\t<\/div>\n\t\t<\/div>\n\t\t\t\t\t\t\t\t<\/div>\n\t\t\t\t\t<\/div>\n\t\t<\/section>\n\t\t\t\t\t\t\t\t\t<\/div>\n\t\t\t<\/div>\n\t\t\t\t\t<\/div>\n\t\t","protected":false},"excerpt":{"rendered":"<p>U julu 1995. godine, Vojska Republike Srpske (VRS) izvr\u0161ila je napad na Srebrenicu, grad u isto\u010dnoj Bosni i Hercegovini (BiH). U samo nekoliko dana vi\u0161e od 8 hiljada dje\u010daka i mu\u0161karaca prisilno je odvedeno, zatvoreno, zlostavljano, mu\u010deno i potom ubijeno zbog njihove etni\u010dke i religijske pripadnosti kao bosanskih Muslimana. U pozadini hiljada tijela u masovnim [&hellip;]<\/p>\n","protected":false},"author":1,"featured_media":874,"parent":867,"menu_order":3,"comment_status":"closed","ping_status":"closed","template":"elementor_header_footer","meta":{"_mi_skip_tracking":false},"yoast_head":"<!-- This site is optimized with the Yoast SEO plugin v18.5.1 - https:\/\/yoast.com\/wordpress\/plugins\/seo\/ -->\n<title>Genocid u Srebrenici kroz presude krivi\u010dnih sudova - cgmap.org<\/title>\n<meta name=\"robots\" content=\"index, follow, max-snippet:-1, max-image-preview:large, max-video-preview:-1\" \/>\n<link rel=\"canonical\" href=\"https:\/\/cgmap.org\/projects\/legacy-of-icty\/the-genocide-in-srebrenica-through-legal-judgements\/\" \/>\n<meta property=\"og:locale\" content=\"bs_BA\" \/>\n<meta property=\"og:type\" content=\"article\" \/>\n<meta property=\"og:title\" content=\"Genocid u Srebrenici kroz presude krivi\u010dnih sudova - cgmap.org\" \/>\n<meta property=\"og:description\" content=\"U julu 1995. godine, Vojska Republike Srpske (VRS) izvr\u0161ila je napad na Srebrenicu, grad u isto\u010dnoj Bosni i Hercegovini (BiH). U samo nekoliko dana vi\u0161e od 8 hiljada dje\u010daka i mu\u0161karaca prisilno je odvedeno, zatvoreno, zlostavljano, mu\u010deno i potom ubijeno zbog njihove etni\u010dke i religijske pripadnosti kao bosanskih Muslimana. U pozadini hiljada tijela u masovnim [&hellip;]\" \/>\n<meta property=\"og:url\" content=\"https:\/\/cgmap.org\/projects\/legacy-of-icty\/the-genocide-in-srebrenica-through-legal-judgements\/\" \/>\n<meta property=\"og:site_name\" content=\"cgmap.org\" \/>\n<meta property=\"article:modified_time\" content=\"2022-04-19T10:58:34+00:00\" \/>\n<meta property=\"og:image\" content=\"https:\/\/cgmap.org\/app\/uploads\/2020\/06\/Memorijalni-centar-ARD-6.jpg\" \/>\n\t<meta property=\"og:image:width\" content=\"1600\" \/>\n\t<meta property=\"og:image:height\" content=\"1066\" \/>\n\t<meta property=\"og:image:type\" content=\"image\/jpeg\" \/>\n<meta name=\"twitter:card\" content=\"summary_large_image\" \/>\n<meta name=\"twitter:label1\" content=\"Est. reading time\" \/>\n\t<meta name=\"twitter:data1\" content=\"3 minutes\" \/>\n<script type=\"application\/ld+json\" class=\"yoast-schema-graph\">{\"@context\":\"https:\/\/schema.org\",\"@graph\":[{\"@type\":\"WebSite\",\"@id\":\"https:\/\/cgmap.org\/#website\",\"url\":\"https:\/\/cgmap.org\/\",\"name\":\"cgmap.org\",\"description\":\"Koalicija za prevenciju genocida i masovnih zlo\u010dina na Zapadnom Balkanu\",\"potentialAction\":[{\"@type\":\"SearchAction\",\"target\":{\"@type\":\"EntryPoint\",\"urlTemplate\":\"https:\/\/cgmap.org\/?s={search_term_string}\"},\"query-input\":\"required name=search_term_string\"}],\"inLanguage\":\"bs-BA\"},{\"@type\":\"ImageObject\",\"@id\":\"https:\/\/cgmap.org\/projects\/legacy-of-icty\/the-genocide-in-srebrenica-through-legal-judgements\/#primaryimage\",\"inLanguage\":\"bs-BA\",\"url\":\"https:\/\/cgmap.org\/app\/uploads\/2020\/06\/Memorijalni-centar-ARD-6.jpg\",\"contentUrl\":\"https:\/\/cgmap.org\/app\/uploads\/2020\/06\/Memorijalni-centar-ARD-6.jpg\",\"width\":1600,\"height\":1066,\"caption\":\"10.07.2017., Potocari - Memorijalni centar u Potocarima. Photo: Armin Durgut\/HaloPix\/PIXSELL\"},{\"@type\":\"WebPage\",\"@id\":\"https:\/\/cgmap.org\/projects\/legacy-of-icty\/the-genocide-in-srebrenica-through-legal-judgements\/#webpage\",\"url\":\"https:\/\/cgmap.org\/projects\/legacy-of-icty\/the-genocide-in-srebrenica-through-legal-judgements\/\",\"name\":\"Genocid u Srebrenici kroz presude krivi\u010dnih sudova - cgmap.org\",\"isPartOf\":{\"@id\":\"https:\/\/cgmap.org\/#website\"},\"primaryImageOfPage\":{\"@id\":\"https:\/\/cgmap.org\/projects\/legacy-of-icty\/the-genocide-in-srebrenica-through-legal-judgements\/#primaryimage\"},\"datePublished\":\"2020-06-12T16:45:45+00:00\",\"dateModified\":\"2022-04-19T10:58:34+00:00\",\"breadcrumb\":{\"@id\":\"https:\/\/cgmap.org\/projects\/legacy-of-icty\/the-genocide-in-srebrenica-through-legal-judgements\/#breadcrumb\"},\"inLanguage\":\"bs-BA\",\"potentialAction\":[{\"@type\":\"ReadAction\",\"target\":[\"https:\/\/cgmap.org\/projects\/legacy-of-icty\/the-genocide-in-srebrenica-through-legal-judgements\/\"]}]},{\"@type\":\"BreadcrumbList\",\"@id\":\"https:\/\/cgmap.org\/projects\/legacy-of-icty\/the-genocide-in-srebrenica-through-legal-judgements\/#breadcrumb\",\"itemListElement\":[{\"@type\":\"ListItem\",\"position\":1,\"name\":\"Home\",\"item\":\"https:\/\/cgmap.org\/\"},{\"@type\":\"ListItem\",\"position\":2,\"name\":\"Projekti\",\"item\":\"https:\/\/cgmap.org\/bs\/projekti\/\"},{\"@type\":\"ListItem\",\"position\":3,\"name\":\"Naslije\u0111e MKSJ\",\"item\":\"https:\/\/cgmap.org\/bs\/projekti\/naslijede-mksj\/\"},{\"@type\":\"ListItem\",\"position\":4,\"name\":\"Genocid u Srebrenici kroz presude krivi\u010dnih sudova\"}]}]}<\/script>\n<!-- \/ Yoast SEO plugin. -->","yoast_head_json":{"title":"Genocid u Srebrenici kroz presude krivi\u010dnih sudova - cgmap.org","robots":{"index":"index","follow":"follow","max-snippet":"max-snippet:-1","max-image-preview":"max-image-preview:large","max-video-preview":"max-video-preview:-1"},"canonical":"https:\/\/cgmap.org\/projects\/legacy-of-icty\/the-genocide-in-srebrenica-through-legal-judgements\/","og_locale":"bs_BA","og_type":"article","og_title":"Genocid u Srebrenici kroz presude krivi\u010dnih sudova - cgmap.org","og_description":"U julu 1995. godine, Vojska Republike Srpske (VRS) izvr\u0161ila je napad na Srebrenicu, grad u isto\u010dnoj Bosni i Hercegovini (BiH). U samo nekoliko dana vi\u0161e od 8 hiljada dje\u010daka i mu\u0161karaca prisilno je odvedeno, zatvoreno, zlostavljano, mu\u010deno i potom ubijeno zbog njihove etni\u010dke i religijske pripadnosti kao bosanskih Muslimana. U pozadini hiljada tijela u masovnim [&hellip;]","og_url":"https:\/\/cgmap.org\/projects\/legacy-of-icty\/the-genocide-in-srebrenica-through-legal-judgements\/","og_site_name":"cgmap.org","article_modified_time":"2022-04-19T10:58:34+00:00","og_image":[{"width":1600,"height":1066,"url":"https:\/\/cgmap.org\/app\/uploads\/2020\/06\/Memorijalni-centar-ARD-6.jpg","type":"image\/jpeg"}],"twitter_card":"summary_large_image","twitter_misc":{"Est. reading time":"3 minutes"},"schema":{"@context":"https:\/\/schema.org","@graph":[{"@type":"WebSite","@id":"https:\/\/cgmap.org\/#website","url":"https:\/\/cgmap.org\/","name":"cgmap.org","description":"Koalicija za prevenciju genocida i masovnih zlo\u010dina na Zapadnom Balkanu","potentialAction":[{"@type":"SearchAction","target":{"@type":"EntryPoint","urlTemplate":"https:\/\/cgmap.org\/?s={search_term_string}"},"query-input":"required name=search_term_string"}],"inLanguage":"bs-BA"},{"@type":"ImageObject","@id":"https:\/\/cgmap.org\/projects\/legacy-of-icty\/the-genocide-in-srebrenica-through-legal-judgements\/#primaryimage","inLanguage":"bs-BA","url":"https:\/\/cgmap.org\/app\/uploads\/2020\/06\/Memorijalni-centar-ARD-6.jpg","contentUrl":"https:\/\/cgmap.org\/app\/uploads\/2020\/06\/Memorijalni-centar-ARD-6.jpg","width":1600,"height":1066,"caption":"10.07.2017., Potocari - Memorijalni centar u Potocarima. Photo: Armin Durgut\/HaloPix\/PIXSELL"},{"@type":"WebPage","@id":"https:\/\/cgmap.org\/projects\/legacy-of-icty\/the-genocide-in-srebrenica-through-legal-judgements\/#webpage","url":"https:\/\/cgmap.org\/projects\/legacy-of-icty\/the-genocide-in-srebrenica-through-legal-judgements\/","name":"Genocid u Srebrenici kroz presude krivi\u010dnih sudova - cgmap.org","isPartOf":{"@id":"https:\/\/cgmap.org\/#website"},"primaryImageOfPage":{"@id":"https:\/\/cgmap.org\/projects\/legacy-of-icty\/the-genocide-in-srebrenica-through-legal-judgements\/#primaryimage"},"datePublished":"2020-06-12T16:45:45+00:00","dateModified":"2022-04-19T10:58:34+00:00","breadcrumb":{"@id":"https:\/\/cgmap.org\/projects\/legacy-of-icty\/the-genocide-in-srebrenica-through-legal-judgements\/#breadcrumb"},"inLanguage":"bs-BA","potentialAction":[{"@type":"ReadAction","target":["https:\/\/cgmap.org\/projects\/legacy-of-icty\/the-genocide-in-srebrenica-through-legal-judgements\/"]}]},{"@type":"BreadcrumbList","@id":"https:\/\/cgmap.org\/projects\/legacy-of-icty\/the-genocide-in-srebrenica-through-legal-judgements\/#breadcrumb","itemListElement":[{"@type":"ListItem","position":1,"name":"Home","item":"https:\/\/cgmap.org\/"},{"@type":"ListItem","position":2,"name":"Projekti","item":"https:\/\/cgmap.org\/bs\/projekti\/"},{"@type":"ListItem","position":3,"name":"Naslije\u0111e MKSJ","item":"https:\/\/cgmap.org\/bs\/projekti\/naslijede-mksj\/"},{"@type":"ListItem","position":4,"name":"Genocid u Srebrenici kroz presude krivi\u010dnih sudova"}]}]}},"_links":{"self":[{"href":"https:\/\/cgmap.org\/bs\/wp-json\/wp\/v2\/pages\/1023"}],"collection":[{"href":"https:\/\/cgmap.org\/bs\/wp-json\/wp\/v2\/pages"}],"about":[{"href":"https:\/\/cgmap.org\/bs\/wp-json\/wp\/v2\/types\/page"}],"author":[{"embeddable":true,"href":"https:\/\/cgmap.org\/bs\/wp-json\/wp\/v2\/users\/1"}],"replies":[{"embeddable":true,"href":"https:\/\/cgmap.org\/bs\/wp-json\/wp\/v2\/comments?post=1023"}],"version-history":[{"count":17,"href":"https:\/\/cgmap.org\/bs\/wp-json\/wp\/v2\/pages\/1023\/revisions"}],"predecessor-version":[{"id":1656,"href":"https:\/\/cgmap.org\/bs\/wp-json\/wp\/v2\/pages\/1023\/revisions\/1656"}],"up":[{"embeddable":true,"href":"https:\/\/cgmap.org\/bs\/wp-json\/wp\/v2\/pages\/867"}],"wp:featuredmedia":[{"embeddable":true,"href":"https:\/\/cgmap.org\/bs\/wp-json\/wp\/v2\/media\/874"}],"wp:attachment":[{"href":"https:\/\/cgmap.org\/bs\/wp-json\/wp\/v2\/media?parent=1023"}],"curies":[{"name":"wp","href":"https:\/\/api.w.org\/{rel}","templated":true}]}}