{"id":1084,"date":"2020-06-12T20:02:50","date_gmt":"2020-06-12T18:02:50","guid":{"rendered":"https:\/\/cgmap.org\/projekti\/naslijede-mksj\/siege-of-sarajevo\/"},"modified":"2021-11-01T20:15:04","modified_gmt":"2021-11-01T19:15:04","slug":"opsada-sarajeva","status":"publish","type":"page","link":"https:\/\/cgmap.org\/bs\/projekti\/naslijede-mksj\/opsada-sarajeva\/","title":{"rendered":"Opsada Sarajeva kroz presude MKSJ"},"content":{"rendered":"\t\t<div data-elementor-type=\"wp-page\" data-elementor-id=\"1084\" class=\"elementor elementor-1084 elementor-1032\">\n\t\t\t\t\t\t<div class=\"elementor-inner\">\n\t\t\t\t<div class=\"elementor-section-wrap\">\n\t\t\t\t\t\t\t\t\t<section class=\"elementor-section elementor-top-section elementor-element elementor-element-460f86bc elementor-section-height-min-height elementor-section-boxed elementor-section-height-default elementor-section-items-middle\" data-id=\"460f86bc\" data-element_type=\"section\" data-settings=\"{&quot;background_background&quot;:&quot;classic&quot;,&quot;shape_divider_bottom&quot;:&quot;tilt&quot;}\">\n\t\t\t\t\t\t\t<div class=\"elementor-background-overlay\"><\/div>\n\t\t\t\t\t\t<div class=\"elementor-shape elementor-shape-bottom\" data-negative=\"false\">\n\t\t\t<svg xmlns=\"http:\/\/www.w3.org\/2000\/svg\" viewBox=\"0 0 1000 100\" preserveAspectRatio=\"none\">\n\t<path class=\"elementor-shape-fill\" d=\"M0,6V0h1000v100L0,6z\"\/>\n<\/svg>\t\t<\/div>\n\t\t\t\t\t<div class=\"elementor-container elementor-column-gap-default\">\n\t\t\t\t\t\t\t<div class=\"elementor-row\">\n\t\t\t\t\t<div class=\"elementor-column elementor-col-100 elementor-top-column elementor-element elementor-element-462b8b3\" data-id=\"462b8b3\" data-element_type=\"column\">\n\t\t\t<div class=\"elementor-column-wrap elementor-element-populated\">\n\t\t\t\t\t\t\t<div class=\"elementor-widget-wrap\">\n\t\t\t\t\t\t\t\t<\/div>\n\t\t\t\t\t<\/div>\n\t\t<\/div>\n\t\t\t\t\t\t\t\t<\/div>\n\t\t\t\t\t<\/div>\n\t\t<\/section>\n\t\t\t\t<section class=\"elementor-section elementor-top-section elementor-element elementor-element-dfdf44d elementor-section-boxed elementor-section-height-default elementor-section-height-default\" data-id=\"dfdf44d\" data-element_type=\"section\">\n\t\t\t\t\t\t<div class=\"elementor-container elementor-column-gap-default\">\n\t\t\t\t\t\t\t<div class=\"elementor-row\">\n\t\t\t\t\t<div class=\"elementor-column elementor-col-100 elementor-top-column elementor-element elementor-element-1d6f342\" data-id=\"1d6f342\" data-element_type=\"column\">\n\t\t\t<div class=\"elementor-column-wrap elementor-element-populated\">\n\t\t\t\t\t\t\t<div class=\"elementor-widget-wrap\">\n\t\t\t\t\t\t<div class=\"elementor-element elementor-element-14e27dc elementor-widget elementor-widget-text-editor\" data-id=\"14e27dc\" data-element_type=\"widget\" data-widget_type=\"text-editor.default\">\n\t\t\t\t<div class=\"elementor-widget-container\">\n\t\t\t\t\t\t\t\t<div class=\"elementor-text-editor elementor-clearfix\">\n\t\t\t\t<p>Sarajevo je glavni grad Bosne i Hercegovine, smje\u0161ten na obalama rijeke Miljacke i okru\u017een visokim planinama. Sukob izme\u0111u Jugoslovenske narodne armije i stanovnika u glavnom gradu i okolnim selima zapo\u010deo je 6. aprila 1992. godine nakon \u0161to je Evropska zajednica priznala Bosnu i Hercegovinu kao nezavisnu dr\u017eavu. Od maja 1992. do decembra 1995. godine grad je bio pod blokadom, svakodnevno granatiran i izlo\u017een dejstvu snajperskih snaga bosanskih Srba, prvenstveno Sarajevsko-romanijskog korpusa. Vi\u0161e od tri i po godine, snage bosanskih Srba su, ga\u0111aju\u0107i neselektivno, ubile i ranile na hiljade civila tokom kampanje \u010diji cilj je bio da stanovni\u0161tvo dr\u017ei u stalnom strahu. \u017divot svih stanovnika Sarajeva je postao borba za pre\u017eivljavanje. Bez struje i vode, ljudi su bili primorani da izlaze napolje kako bi prona\u0161li osnovne potrep\u0161tine, \u010desto rizikuju\u0107i sopstveni \u017eivot. Opsada je zavr\u0161ena u decembru 1995. godine.<\/p>\t\t\t\t\t<\/div>\n\t\t\t\t\t\t<\/div>\n\t\t\t\t<\/div>\n\t\t\t\t\t\t<\/div>\n\t\t\t\t\t<\/div>\n\t\t<\/div>\n\t\t\t\t\t\t\t\t<\/div>\n\t\t\t\t\t<\/div>\n\t\t<\/section>\n\t\t\t\t<section class=\"elementor-section elementor-top-section elementor-element elementor-element-56391ef elementor-section-boxed elementor-section-height-default elementor-section-height-default\" data-id=\"56391ef\" data-element_type=\"section\">\n\t\t\t\t\t\t<div class=\"elementor-container elementor-column-gap-default\">\n\t\t\t\t\t\t\t<div class=\"elementor-row\">\n\t\t\t\t\t<div class=\"elementor-column elementor-col-100 elementor-top-column elementor-element elementor-element-71c6e06\" data-id=\"71c6e06\" data-element_type=\"column\">\n\t\t\t<div class=\"elementor-column-wrap elementor-element-populated\">\n\t\t\t\t\t\t\t<div class=\"elementor-widget-wrap\">\n\t\t\t\t\t\t<div class=\"elementor-element elementor-element-f9f705b elementor-cta--skin-classic elementor-animated-content elementor-bg-transform elementor-bg-transform-zoom-in elementor-widget elementor-widget-call-to-action\" data-id=\"f9f705b\" data-element_type=\"widget\" data-widget_type=\"call-to-action.default\">\n\t\t\t\t<div class=\"elementor-widget-container\">\n\t\t\t\t\t<div class=\"elementor-cta\">\n\t\t\t\t\t<div class=\"elementor-cta__bg-wrapper\">\n\t\t\t\t<div class=\"elementor-cta__bg elementor-bg\" style=\"background-image: url(https:\/\/cgmap.org\/app\/uploads\/2020\/04\/optuznice-header-768x192.jpg);\"><\/div>\n\t\t\t\t<div class=\"elementor-cta__bg-overlay\"><\/div>\n\t\t\t<\/div>\n\t\t\t\t\t\t\t<div class=\"elementor-cta__content\">\n\t\t\t\t\n\t\t\t\t<h2 class=\"elementor-cta__title elementor-cta__content-item elementor-content-item\">OPSADA SARAJEVA<\/h2>\n\t\t\t\t\t\t\t\t\t<div class=\"elementor-cta__description elementor-cta__content-item elementor-content-item\">\n\t\t\t\t\t\tkroz presude MKSJ-a\t\t\t\t\t<\/div>\n\t\t\t\t\n\t\t\t\t\t\t\t\t\t<div class=\"elementor-cta__button-wrapper elementor-cta__content-item elementor-content-item \">\n\t\t\t\t\t<a class=\"elementor-cta__button elementor-button elementor-size-sm\" href=\"https:\/\/cgmap.org\/app\/uploads\/2021\/11\/Siege-of-Sarajevo-Project-Findings.pdf\">\n\t\t\t\t\t\tpresude\t\t\t\t\t<\/a>\n\t\t\t\t\t<\/div>\n\t\t\t\t\t\t\t<\/div>\n\t\t\t\t\t\t<\/div>\n\t\t\t\t<\/div>\n\t\t\t\t<\/div>\n\t\t\t\t\t\t<\/div>\n\t\t\t\t\t<\/div>\n\t\t<\/div>\n\t\t\t\t\t\t\t\t<\/div>\n\t\t\t\t\t<\/div>\n\t\t<\/section>\n\t\t\t\t\t\t\t\t\t<\/div>\n\t\t\t<\/div>\n\t\t\t\t\t<\/div>\n\t\t","protected":false},"excerpt":{"rendered":"<p>Sarajevo je glavni grad Bosne i Hercegovine, smje\u0161ten na obalama rijeke Miljacke i okru\u017een visokim planinama. Sukob izme\u0111u Jugoslovenske narodne armije i stanovnika u glavnom gradu i okolnim selima zapo\u010deo je 6. aprila 1992. godine nakon \u0161to je Evropska zajednica priznala Bosnu i Hercegovinu kao nezavisnu dr\u017eavu. Od maja 1992. do decembra 1995. godine grad [&hellip;]<\/p>\n","protected":false},"author":1,"featured_media":879,"parent":867,"menu_order":5,"comment_status":"closed","ping_status":"closed","template":"elementor_header_footer","meta":{"_mi_skip_tracking":false},"yoast_head":"<!-- This site is optimized with the Yoast SEO plugin v18.5.1 - https:\/\/yoast.com\/wordpress\/plugins\/seo\/ -->\n<title>Opsada Sarajeva kroz presude MKSJ - cgmap.org<\/title>\n<meta name=\"robots\" content=\"index, follow, max-snippet:-1, max-image-preview:large, max-video-preview:-1\" \/>\n<link rel=\"canonical\" href=\"https:\/\/cgmap.org\/bs\/projekti\/naslijede-mksj\/opsada-sarajeva\/\" \/>\n<meta property=\"og:locale\" content=\"bs_BA\" \/>\n<meta property=\"og:type\" content=\"article\" \/>\n<meta property=\"og:title\" content=\"Opsada Sarajeva kroz presude MKSJ - cgmap.org\" \/>\n<meta property=\"og:description\" content=\"Sarajevo je glavni grad Bosne i Hercegovine, smje\u0161ten na obalama rijeke Miljacke i okru\u017een visokim planinama. Sukob izme\u0111u Jugoslovenske narodne armije i stanovnika u glavnom gradu i okolnim selima zapo\u010deo je 6. aprila 1992. godine nakon \u0161to je Evropska zajednica priznala Bosnu i Hercegovinu kao nezavisnu dr\u017eavu. Od maja 1992. do decembra 1995. godine grad [&hellip;]\" \/>\n<meta property=\"og:url\" content=\"https:\/\/cgmap.org\/bs\/projekti\/naslijede-mksj\/opsada-sarajeva\/\" \/>\n<meta property=\"og:site_name\" content=\"cgmap.org\" \/>\n<meta property=\"article:modified_time\" content=\"2021-11-01T19:15:04+00:00\" \/>\n<meta property=\"og:image\" content=\"https:\/\/cgmap.org\/app\/uploads\/2020\/06\/15630025079_1740628ae5_o.jpg\" \/>\n\t<meta property=\"og:image:width\" content=\"991\" \/>\n\t<meta property=\"og:image:height\" content=\"656\" \/>\n\t<meta property=\"og:image:type\" content=\"image\/jpeg\" \/>\n<meta name=\"twitter:card\" content=\"summary_large_image\" \/>\n<meta name=\"twitter:label1\" content=\"Est. reading time\" \/>\n\t<meta name=\"twitter:data1\" content=\"1 minute\" \/>\n<script type=\"application\/ld+json\" class=\"yoast-schema-graph\">{\"@context\":\"https:\/\/schema.org\",\"@graph\":[{\"@type\":\"WebSite\",\"@id\":\"https:\/\/cgmap.org\/#website\",\"url\":\"https:\/\/cgmap.org\/\",\"name\":\"cgmap.org\",\"description\":\"Koalicija za prevenciju genocida i masovnih zlo\u010dina na Zapadnom Balkanu\",\"potentialAction\":[{\"@type\":\"SearchAction\",\"target\":{\"@type\":\"EntryPoint\",\"urlTemplate\":\"https:\/\/cgmap.org\/?s={search_term_string}\"},\"query-input\":\"required name=search_term_string\"}],\"inLanguage\":\"bs-BA\"},{\"@type\":\"ImageObject\",\"@id\":\"https:\/\/cgmap.org\/bs\/projekti\/naslijede-mksj\/opsada-sarajeva\/#primaryimage\",\"inLanguage\":\"bs-BA\",\"url\":\"https:\/\/cgmap.org\/app\/uploads\/2020\/06\/15630025079_1740628ae5_o.jpg\",\"contentUrl\":\"https:\/\/cgmap.org\/app\/uploads\/2020\/06\/15630025079_1740628ae5_o.jpg\",\"width\":991,\"height\":656},{\"@type\":\"WebPage\",\"@id\":\"https:\/\/cgmap.org\/bs\/projekti\/naslijede-mksj\/opsada-sarajeva\/#webpage\",\"url\":\"https:\/\/cgmap.org\/bs\/projekti\/naslijede-mksj\/opsada-sarajeva\/\",\"name\":\"Opsada Sarajeva kroz presude MKSJ - cgmap.org\",\"isPartOf\":{\"@id\":\"https:\/\/cgmap.org\/#website\"},\"primaryImageOfPage\":{\"@id\":\"https:\/\/cgmap.org\/bs\/projekti\/naslijede-mksj\/opsada-sarajeva\/#primaryimage\"},\"datePublished\":\"2020-06-12T18:02:50+00:00\",\"dateModified\":\"2021-11-01T19:15:04+00:00\",\"breadcrumb\":{\"@id\":\"https:\/\/cgmap.org\/bs\/projekti\/naslijede-mksj\/opsada-sarajeva\/#breadcrumb\"},\"inLanguage\":\"bs-BA\",\"potentialAction\":[{\"@type\":\"ReadAction\",\"target\":[\"https:\/\/cgmap.org\/bs\/projekti\/naslijede-mksj\/opsada-sarajeva\/\"]}]},{\"@type\":\"BreadcrumbList\",\"@id\":\"https:\/\/cgmap.org\/bs\/projekti\/naslijede-mksj\/opsada-sarajeva\/#breadcrumb\",\"itemListElement\":[{\"@type\":\"ListItem\",\"position\":1,\"name\":\"Home\",\"item\":\"https:\/\/cgmap.org\/\"},{\"@type\":\"ListItem\",\"position\":2,\"name\":\"Projekti\",\"item\":\"https:\/\/cgmap.org\/bs\/projekti\/\"},{\"@type\":\"ListItem\",\"position\":3,\"name\":\"Naslije\u0111e MKSJ\",\"item\":\"https:\/\/cgmap.org\/bs\/projekti\/naslijede-mksj\/\"},{\"@type\":\"ListItem\",\"position\":4,\"name\":\"Opsada Sarajeva kroz presude MKSJ\"}]}]}<\/script>\n<!-- \/ Yoast SEO plugin. -->","yoast_head_json":{"title":"Opsada Sarajeva kroz presude MKSJ - cgmap.org","robots":{"index":"index","follow":"follow","max-snippet":"max-snippet:-1","max-image-preview":"max-image-preview:large","max-video-preview":"max-video-preview:-1"},"canonical":"https:\/\/cgmap.org\/bs\/projekti\/naslijede-mksj\/opsada-sarajeva\/","og_locale":"bs_BA","og_type":"article","og_title":"Opsada Sarajeva kroz presude MKSJ - cgmap.org","og_description":"Sarajevo je glavni grad Bosne i Hercegovine, smje\u0161ten na obalama rijeke Miljacke i okru\u017een visokim planinama. Sukob izme\u0111u Jugoslovenske narodne armije i stanovnika u glavnom gradu i okolnim selima zapo\u010deo je 6. aprila 1992. godine nakon \u0161to je Evropska zajednica priznala Bosnu i Hercegovinu kao nezavisnu dr\u017eavu. Od maja 1992. do decembra 1995. godine grad [&hellip;]","og_url":"https:\/\/cgmap.org\/bs\/projekti\/naslijede-mksj\/opsada-sarajeva\/","og_site_name":"cgmap.org","article_modified_time":"2021-11-01T19:15:04+00:00","og_image":[{"width":991,"height":656,"url":"https:\/\/cgmap.org\/app\/uploads\/2020\/06\/15630025079_1740628ae5_o.jpg","type":"image\/jpeg"}],"twitter_card":"summary_large_image","twitter_misc":{"Est. reading time":"1 minute"},"schema":{"@context":"https:\/\/schema.org","@graph":[{"@type":"WebSite","@id":"https:\/\/cgmap.org\/#website","url":"https:\/\/cgmap.org\/","name":"cgmap.org","description":"Koalicija za prevenciju genocida i masovnih zlo\u010dina na Zapadnom Balkanu","potentialAction":[{"@type":"SearchAction","target":{"@type":"EntryPoint","urlTemplate":"https:\/\/cgmap.org\/?s={search_term_string}"},"query-input":"required name=search_term_string"}],"inLanguage":"bs-BA"},{"@type":"ImageObject","@id":"https:\/\/cgmap.org\/bs\/projekti\/naslijede-mksj\/opsada-sarajeva\/#primaryimage","inLanguage":"bs-BA","url":"https:\/\/cgmap.org\/app\/uploads\/2020\/06\/15630025079_1740628ae5_o.jpg","contentUrl":"https:\/\/cgmap.org\/app\/uploads\/2020\/06\/15630025079_1740628ae5_o.jpg","width":991,"height":656},{"@type":"WebPage","@id":"https:\/\/cgmap.org\/bs\/projekti\/naslijede-mksj\/opsada-sarajeva\/#webpage","url":"https:\/\/cgmap.org\/bs\/projekti\/naslijede-mksj\/opsada-sarajeva\/","name":"Opsada Sarajeva kroz presude MKSJ - cgmap.org","isPartOf":{"@id":"https:\/\/cgmap.org\/#website"},"primaryImageOfPage":{"@id":"https:\/\/cgmap.org\/bs\/projekti\/naslijede-mksj\/opsada-sarajeva\/#primaryimage"},"datePublished":"2020-06-12T18:02:50+00:00","dateModified":"2021-11-01T19:15:04+00:00","breadcrumb":{"@id":"https:\/\/cgmap.org\/bs\/projekti\/naslijede-mksj\/opsada-sarajeva\/#breadcrumb"},"inLanguage":"bs-BA","potentialAction":[{"@type":"ReadAction","target":["https:\/\/cgmap.org\/bs\/projekti\/naslijede-mksj\/opsada-sarajeva\/"]}]},{"@type":"BreadcrumbList","@id":"https:\/\/cgmap.org\/bs\/projekti\/naslijede-mksj\/opsada-sarajeva\/#breadcrumb","itemListElement":[{"@type":"ListItem","position":1,"name":"Home","item":"https:\/\/cgmap.org\/"},{"@type":"ListItem","position":2,"name":"Projekti","item":"https:\/\/cgmap.org\/bs\/projekti\/"},{"@type":"ListItem","position":3,"name":"Naslije\u0111e MKSJ","item":"https:\/\/cgmap.org\/bs\/projekti\/naslijede-mksj\/"},{"@type":"ListItem","position":4,"name":"Opsada Sarajeva kroz presude MKSJ"}]}]}},"_links":{"self":[{"href":"https:\/\/cgmap.org\/bs\/wp-json\/wp\/v2\/pages\/1084"}],"collection":[{"href":"https:\/\/cgmap.org\/bs\/wp-json\/wp\/v2\/pages"}],"about":[{"href":"https:\/\/cgmap.org\/bs\/wp-json\/wp\/v2\/types\/page"}],"author":[{"embeddable":true,"href":"https:\/\/cgmap.org\/bs\/wp-json\/wp\/v2\/users\/1"}],"replies":[{"embeddable":true,"href":"https:\/\/cgmap.org\/bs\/wp-json\/wp\/v2\/comments?post=1084"}],"version-history":[{"count":6,"href":"https:\/\/cgmap.org\/bs\/wp-json\/wp\/v2\/pages\/1084\/revisions"}],"predecessor-version":[{"id":1479,"href":"https:\/\/cgmap.org\/bs\/wp-json\/wp\/v2\/pages\/1084\/revisions\/1479"}],"up":[{"embeddable":true,"href":"https:\/\/cgmap.org\/bs\/wp-json\/wp\/v2\/pages\/867"}],"wp:featuredmedia":[{"embeddable":true,"href":"https:\/\/cgmap.org\/bs\/wp-json\/wp\/v2\/media\/879"}],"wp:attachment":[{"href":"https:\/\/cgmap.org\/bs\/wp-json\/wp\/v2\/media?parent=1084"}],"curies":[{"name":"wp","href":"https:\/\/api.w.org\/{rel}","templated":true}]}}