{"id":1376,"date":"2021-03-16T10:22:49","date_gmt":"2021-03-16T09:22:49","guid":{"rendered":"https:\/\/cgmap.org\/?page_id=1376"},"modified":"2021-03-18T10:43:13","modified_gmt":"2021-03-18T09:43:13","slug":"thomas-unger-3","status":"publish","type":"page","link":"https:\/\/cgmap.org\/bs\/o-nama\/savjetodavni-odbor\/thomas-unger-3\/","title":{"rendered":"Thomas Unger"},"content":{"rendered":"<p align=\"justify\"><span><span style=\"font-family: Times New Roman, serif;\"><span style=\"font-size: medium;\"><span lang=\"bs-BA\"><b>Thomas Unger<\/b><\/span><\/span><\/span><span style=\"font-family: Times New Roman, serif;\"><span style=\"font-size: medium;\"><span lang=\"bs-BA\"> je suosniva\u010d magistarskog programa naprednih studija tranzicione pravde, ljudskih prava i vladavine prava na \u017denevskoj Akademiji za me\u0111unarodno humanitarno pravo i ljudska prava. Biv\u0161i je vi\u0161i savjetnik specijalnog izvjestitelja UN-a za promicanje istine, pravde, reparacija i garancija za neponavljanje.<\/span><\/span><\/span><\/span><\/p>\n<p align=\"justify\"><span><span style=\"font-family: Times New Roman, serif;\"><span style=\"font-size: medium;\"><span lang=\"bs-BA\">S vi\u0161e od 15 godina iskustva u polju tranzicione pravde, prethodno je bio pravni savjetnik za ljudska prava i me\u0111unarodno humanitarno pravo austrijskog Ministarstva vanjskih poslova i stariji saradnik Me\u0111unarodnog centra za tranzicijsku pravdu (ICTJ). Tako\u0111e je radio u Misiji OSCE-a na Kosovu i kao pravni slu\u017ebenik u Tu\u017eila\u0161tvu Me\u0111unarodnog krivi\u010dnog suda za biv\u0161u Jugoslaviju (MKSJ). <\/span><\/span><\/span><\/span><\/p>\n<p align=\"justify\"><span><span style=\"font-family: Times New Roman, serif;\"><span style=\"font-size: medium;\"><span lang=\"bs-BA\">Thomas Unger je diplomirao pravo na Univerzitetu u Be\u010du, diplomirao je me\u0111unarodne pravne studije na Pravnom fakultetu Univerziteta u New Yorku i magistrirao iz oblasti ljudskih prava i demokratizacije na Evropskom me\u0111uuniverzitetskom centru za ljudska prava i demokratizaciju (Venecija).<\/span><\/span><\/span><\/span><\/p>\n","protected":false},"excerpt":{"rendered":"<p>Thomas Unger je suosniva\u010d magistarskog programa naprednih studija tranzicione pravde, ljudskih prava i vladavine prava na \u017denevskoj Akademiji za me\u0111unarodno humanitarno pravo i ljudska prava. Biv\u0161i je vi\u0161i savjetnik specijalnog izvjestitelja UN-a za promicanje istine, pravde, reparacija i garancija za neponavljanje. S vi\u0161e od 15 godina iskustva u polju tranzicione pravde, prethodno je bio pravni [&hellip;]<\/p>\n","protected":false},"author":2,"featured_media":1190,"parent":1379,"menu_order":0,"comment_status":"closed","ping_status":"closed","template":"","meta":{"_mi_skip_tracking":false},"yoast_head":"<!-- This site is optimized with the Yoast SEO plugin v18.5.1 - https:\/\/yoast.com\/wordpress\/plugins\/seo\/ -->\n<title>Thomas Unger - cgmap.org<\/title>\n<meta name=\"robots\" content=\"index, follow, max-snippet:-1, max-image-preview:large, max-video-preview:-1\" \/>\n<link rel=\"canonical\" href=\"https:\/\/cgmap.org\/about\/advisory-board\/thomas-unger\/\" \/>\n<meta property=\"og:locale\" content=\"bs_BA\" \/>\n<meta property=\"og:type\" content=\"article\" \/>\n<meta property=\"og:title\" content=\"Thomas Unger - cgmap.org\" \/>\n<meta property=\"og:description\" content=\"Thomas Unger je suosniva\u010d magistarskog programa naprednih studija tranzicione pravde, ljudskih prava i vladavine prava na \u017denevskoj Akademiji za me\u0111unarodno humanitarno pravo i ljudska prava. Biv\u0161i je vi\u0161i savjetnik specijalnog izvjestitelja UN-a za promicanje istine, pravde, reparacija i garancija za neponavljanje. S vi\u0161e od 15 godina iskustva u polju tranzicione pravde, prethodno je bio pravni [&hellip;]\" \/>\n<meta property=\"og:url\" content=\"https:\/\/cgmap.org\/about\/advisory-board\/thomas-unger\/\" \/>\n<meta property=\"og:site_name\" content=\"cgmap.org\" \/>\n<meta property=\"article:modified_time\" content=\"2021-03-18T09:43:13+00:00\" \/>\n<meta property=\"og:image\" content=\"https:\/\/cgmap.org\/app\/uploads\/2021\/02\/Thomas-Unger.jpg\" \/>\n\t<meta property=\"og:image:width\" content=\"400\" \/>\n\t<meta property=\"og:image:height\" content=\"393\" \/>\n\t<meta property=\"og:image:type\" content=\"image\/jpeg\" \/>\n<meta name=\"twitter:card\" content=\"summary_large_image\" \/>\n<meta name=\"twitter:label1\" content=\"Est. reading time\" \/>\n\t<meta name=\"twitter:data1\" content=\"1 minute\" \/>\n<script type=\"application\/ld+json\" class=\"yoast-schema-graph\">{\"@context\":\"https:\/\/schema.org\",\"@graph\":[{\"@type\":\"WebSite\",\"@id\":\"https:\/\/cgmap.org\/#website\",\"url\":\"https:\/\/cgmap.org\/\",\"name\":\"cgmap.org\",\"description\":\"Koalicija za prevenciju genocida i masovnih zlo\u010dina na Zapadnom Balkanu\",\"potentialAction\":[{\"@type\":\"SearchAction\",\"target\":{\"@type\":\"EntryPoint\",\"urlTemplate\":\"https:\/\/cgmap.org\/?s={search_term_string}\"},\"query-input\":\"required name=search_term_string\"}],\"inLanguage\":\"bs-BA\"},{\"@type\":\"ImageObject\",\"@id\":\"https:\/\/cgmap.org\/about\/advisory-board\/thomas-unger\/#primaryimage\",\"inLanguage\":\"bs-BA\",\"url\":\"https:\/\/cgmap.org\/app\/uploads\/2021\/02\/Thomas-Unger.jpg\",\"contentUrl\":\"https:\/\/cgmap.org\/app\/uploads\/2021\/02\/Thomas-Unger.jpg\",\"width\":400,\"height\":393,\"caption\":\"Thomas Unger, Advisory Board President\"},{\"@type\":\"WebPage\",\"@id\":\"https:\/\/cgmap.org\/about\/advisory-board\/thomas-unger\/#webpage\",\"url\":\"https:\/\/cgmap.org\/about\/advisory-board\/thomas-unger\/\",\"name\":\"Thomas Unger - cgmap.org\",\"isPartOf\":{\"@id\":\"https:\/\/cgmap.org\/#website\"},\"primaryImageOfPage\":{\"@id\":\"https:\/\/cgmap.org\/about\/advisory-board\/thomas-unger\/#primaryimage\"},\"datePublished\":\"2021-03-16T09:22:49+00:00\",\"dateModified\":\"2021-03-18T09:43:13+00:00\",\"breadcrumb\":{\"@id\":\"https:\/\/cgmap.org\/about\/advisory-board\/thomas-unger\/#breadcrumb\"},\"inLanguage\":\"bs-BA\",\"potentialAction\":[{\"@type\":\"ReadAction\",\"target\":[\"https:\/\/cgmap.org\/about\/advisory-board\/thomas-unger\/\"]}]},{\"@type\":\"BreadcrumbList\",\"@id\":\"https:\/\/cgmap.org\/about\/advisory-board\/thomas-unger\/#breadcrumb\",\"itemListElement\":[{\"@type\":\"ListItem\",\"position\":1,\"name\":\"Home\",\"item\":\"https:\/\/cgmap.org\/\"},{\"@type\":\"ListItem\",\"position\":2,\"name\":\"O nama\",\"item\":\"https:\/\/cgmap.org\/about\/\"},{\"@type\":\"ListItem\",\"position\":3,\"name\":\"Savjetodavni odbor\",\"item\":\"https:\/\/cgmap.org\/about\/advisory-board\/\"},{\"@type\":\"ListItem\",\"position\":4,\"name\":\"Thomas Unger\"}]}]}<\/script>\n<!-- \/ Yoast SEO plugin. -->","yoast_head_json":{"title":"Thomas Unger - cgmap.org","robots":{"index":"index","follow":"follow","max-snippet":"max-snippet:-1","max-image-preview":"max-image-preview:large","max-video-preview":"max-video-preview:-1"},"canonical":"https:\/\/cgmap.org\/about\/advisory-board\/thomas-unger\/","og_locale":"bs_BA","og_type":"article","og_title":"Thomas Unger - cgmap.org","og_description":"Thomas Unger je suosniva\u010d magistarskog programa naprednih studija tranzicione pravde, ljudskih prava i vladavine prava na \u017denevskoj Akademiji za me\u0111unarodno humanitarno pravo i ljudska prava. Biv\u0161i je vi\u0161i savjetnik specijalnog izvjestitelja UN-a za promicanje istine, pravde, reparacija i garancija za neponavljanje. S vi\u0161e od 15 godina iskustva u polju tranzicione pravde, prethodno je bio pravni [&hellip;]","og_url":"https:\/\/cgmap.org\/about\/advisory-board\/thomas-unger\/","og_site_name":"cgmap.org","article_modified_time":"2021-03-18T09:43:13+00:00","og_image":[{"width":400,"height":393,"url":"https:\/\/cgmap.org\/app\/uploads\/2021\/02\/Thomas-Unger.jpg","type":"image\/jpeg"}],"twitter_card":"summary_large_image","twitter_misc":{"Est. reading time":"1 minute"},"schema":{"@context":"https:\/\/schema.org","@graph":[{"@type":"WebSite","@id":"https:\/\/cgmap.org\/#website","url":"https:\/\/cgmap.org\/","name":"cgmap.org","description":"Koalicija za prevenciju genocida i masovnih zlo\u010dina na Zapadnom Balkanu","potentialAction":[{"@type":"SearchAction","target":{"@type":"EntryPoint","urlTemplate":"https:\/\/cgmap.org\/?s={search_term_string}"},"query-input":"required name=search_term_string"}],"inLanguage":"bs-BA"},{"@type":"ImageObject","@id":"https:\/\/cgmap.org\/about\/advisory-board\/thomas-unger\/#primaryimage","inLanguage":"bs-BA","url":"https:\/\/cgmap.org\/app\/uploads\/2021\/02\/Thomas-Unger.jpg","contentUrl":"https:\/\/cgmap.org\/app\/uploads\/2021\/02\/Thomas-Unger.jpg","width":400,"height":393,"caption":"Thomas Unger, Advisory Board President"},{"@type":"WebPage","@id":"https:\/\/cgmap.org\/about\/advisory-board\/thomas-unger\/#webpage","url":"https:\/\/cgmap.org\/about\/advisory-board\/thomas-unger\/","name":"Thomas Unger - cgmap.org","isPartOf":{"@id":"https:\/\/cgmap.org\/#website"},"primaryImageOfPage":{"@id":"https:\/\/cgmap.org\/about\/advisory-board\/thomas-unger\/#primaryimage"},"datePublished":"2021-03-16T09:22:49+00:00","dateModified":"2021-03-18T09:43:13+00:00","breadcrumb":{"@id":"https:\/\/cgmap.org\/about\/advisory-board\/thomas-unger\/#breadcrumb"},"inLanguage":"bs-BA","potentialAction":[{"@type":"ReadAction","target":["https:\/\/cgmap.org\/about\/advisory-board\/thomas-unger\/"]}]},{"@type":"BreadcrumbList","@id":"https:\/\/cgmap.org\/about\/advisory-board\/thomas-unger\/#breadcrumb","itemListElement":[{"@type":"ListItem","position":1,"name":"Home","item":"https:\/\/cgmap.org\/"},{"@type":"ListItem","position":2,"name":"O nama","item":"https:\/\/cgmap.org\/about\/"},{"@type":"ListItem","position":3,"name":"Savjetodavni odbor","item":"https:\/\/cgmap.org\/about\/advisory-board\/"},{"@type":"ListItem","position":4,"name":"Thomas Unger"}]}]}},"_links":{"self":[{"href":"https:\/\/cgmap.org\/bs\/wp-json\/wp\/v2\/pages\/1376"}],"collection":[{"href":"https:\/\/cgmap.org\/bs\/wp-json\/wp\/v2\/pages"}],"about":[{"href":"https:\/\/cgmap.org\/bs\/wp-json\/wp\/v2\/types\/page"}],"author":[{"embeddable":true,"href":"https:\/\/cgmap.org\/bs\/wp-json\/wp\/v2\/users\/2"}],"replies":[{"embeddable":true,"href":"https:\/\/cgmap.org\/bs\/wp-json\/wp\/v2\/comments?post=1376"}],"version-history":[{"count":3,"href":"https:\/\/cgmap.org\/bs\/wp-json\/wp\/v2\/pages\/1376\/revisions"}],"predecessor-version":[{"id":1411,"href":"https:\/\/cgmap.org\/bs\/wp-json\/wp\/v2\/pages\/1376\/revisions\/1411"}],"up":[{"embeddable":true,"href":"https:\/\/cgmap.org\/bs\/wp-json\/wp\/v2\/pages\/1379"}],"wp:featuredmedia":[{"embeddable":true,"href":"https:\/\/cgmap.org\/bs\/wp-json\/wp\/v2\/media\/1190"}],"wp:attachment":[{"href":"https:\/\/cgmap.org\/bs\/wp-json\/wp\/v2\/media?parent=1376"}],"curies":[{"name":"wp","href":"https:\/\/api.w.org\/{rel}","templated":true}]}}