{"id":1379,"date":"2021-03-16T10:26:00","date_gmt":"2021-03-16T09:26:00","guid":{"rendered":"https:\/\/cgmap.org\/?page_id=1379"},"modified":"2021-03-16T13:41:49","modified_gmt":"2021-03-16T12:41:49","slug":"savjetodavni-odbor","status":"publish","type":"page","link":"https:\/\/cgmap.org\/bs\/o-nama\/savjetodavni-odbor\/","title":{"rendered":"Savjetodavni odbor"},"content":{"rendered":"\t\t<div data-elementor-type=\"wp-page\" data-elementor-id=\"1379\" class=\"elementor elementor-1379 elementor-1292\">\n\t\t\t\t\t\t<div class=\"elementor-inner\">\n\t\t\t\t<div class=\"elementor-section-wrap\">\n\t\t\t\t\t\t\t\t\t<section class=\"elementor-section elementor-top-section elementor-element elementor-element-6863310 elementor-section-boxed elementor-section-height-default elementor-section-height-default\" data-id=\"6863310\" data-element_type=\"section\">\n\t\t\t\t\t\t<div class=\"elementor-container elementor-column-gap-default\">\n\t\t\t\t\t\t\t<div class=\"elementor-row\">\n\t\t\t\t\t<div class=\"elementor-column elementor-col-100 elementor-top-column elementor-element elementor-element-ba39c7e\" data-id=\"ba39c7e\" data-element_type=\"column\">\n\t\t\t<div class=\"elementor-column-wrap elementor-element-populated\">\n\t\t\t\t\t\t\t<div class=\"elementor-widget-wrap\">\n\t\t\t\t\t\t<div class=\"elementor-element elementor-element-9866f49 elementor-widget elementor-widget-theme-post-title elementor-page-title elementor-widget-heading\" data-id=\"9866f49\" data-element_type=\"widget\" data-widget_type=\"theme-post-title.default\">\n\t\t\t\t<div class=\"elementor-widget-container\">\n\t\t\t<h2 class=\"elementor-heading-title elementor-size-default\">Savjetodavni odbor<\/h2>\t\t<\/div>\n\t\t\t\t<\/div>\n\t\t\t\t\t\t<\/div>\n\t\t\t\t\t<\/div>\n\t\t<\/div>\n\t\t\t\t\t\t\t\t<\/div>\n\t\t\t\t\t<\/div>\n\t\t<\/section>\n\t\t\t\t<section class=\"elementor-section elementor-top-section elementor-element elementor-element-c1d191c elementor-section-boxed elementor-section-height-default elementor-section-height-default\" data-id=\"c1d191c\" data-element_type=\"section\">\n\t\t\t\t\t\t<div class=\"elementor-container elementor-column-gap-default\">\n\t\t\t\t\t\t\t<div class=\"elementor-row\">\n\t\t\t\t\t<div class=\"elementor-column elementor-col-100 elementor-top-column elementor-element elementor-element-ebd9cd6\" data-id=\"ebd9cd6\" data-element_type=\"column\">\n\t\t\t<div class=\"elementor-column-wrap elementor-element-populated\">\n\t\t\t\t\t\t\t<div class=\"elementor-widget-wrap\">\n\t\t\t\t\t\t<div class=\"elementor-element elementor-element-24bd201 elementor-grid-1 elementor-posts--thumbnail-left elementor-grid-tablet-2 elementor-grid-mobile-1 elementor-widget elementor-widget-posts\" data-id=\"24bd201\" data-element_type=\"widget\" data-settings=\"{&quot;classic_columns&quot;:&quot;1&quot;,&quot;classic_columns_tablet&quot;:&quot;2&quot;,&quot;classic_columns_mobile&quot;:&quot;1&quot;,&quot;classic_row_gap&quot;:{&quot;unit&quot;:&quot;px&quot;,&quot;size&quot;:35,&quot;sizes&quot;:[]},&quot;classic_row_gap_tablet&quot;:{&quot;unit&quot;:&quot;px&quot;,&quot;size&quot;:&quot;&quot;,&quot;sizes&quot;:[]},&quot;classic_row_gap_mobile&quot;:{&quot;unit&quot;:&quot;px&quot;,&quot;size&quot;:&quot;&quot;,&quot;sizes&quot;:[]}}\" data-widget_type=\"posts.classic\">\n\t\t\t\t<div class=\"elementor-widget-container\">\n\t\t\t\t\t<div class=\"elementor-posts-container elementor-posts elementor-posts--skin-classic elementor-grid\">\n\t\t\t\t<article class=\"elementor-post elementor-grid-item post-1376 page type-page status-publish has-post-thumbnail hentry\">\n\t\t\t\t<a class=\"elementor-post__thumbnail__link\" href=\"https:\/\/cgmap.org\/bs\/o-nama\/savjetodavni-odbor\/thomas-unger-3\/\" >\n\t\t\t<div class=\"elementor-post__thumbnail\"><img width=\"300\" height=\"295\" src=\"https:\/\/cgmap.org\/app\/uploads\/2021\/02\/Thomas-Unger-300x295.jpg\" class=\"attachment-medium size-medium\" alt=\"\" loading=\"lazy\" \/><\/div>\n\t\t<\/a>\n\t\t\t\t<div class=\"elementor-post__text\">\n\t\t\t\t<h3 class=\"elementor-post__title\">\n\t\t\t<a href=\"https:\/\/cgmap.org\/bs\/o-nama\/savjetodavni-odbor\/thomas-unger-3\/\" >\n\t\t\t\tThomas Unger\t\t\t<\/a>\n\t\t<\/h3>\n\t\t\t\t<div class=\"elementor-post__excerpt\">\n\t\t\t<p>Thomas Unger je suosniva\u010d magistarskog programa naprednih studija tranzicione pravde, ljudskih prava i vladavine prava na \u017denevskoj Akademiji za me\u0111unarodno humanitarno pravo i ljudska prava. Biv\u0161i je vi\u0161i savjetnik specijalnog izvjestitelja UN-a za promicanje istine, pravde, reparacija i garancija za neponavljanje. S vi\u0161e od 15 godina iskustva u polju tranzicione pravde, prethodno je bio pravni savjetnik za ljudska prava i me\u0111unarodno humanitarno pravo austrijskog Ministarstva vanjskih poslova i stariji saradnik Me\u0111unarodnog centra za tranzicijsku pravdu (ICTJ). Tako\u0111e je radio u Misiji OSCE-a na Kosovu i kao pravni slu\u017ebenik u Tu\u017eila\u0161tvu Me\u0111unarodnog krivi\u010dnog suda za biv\u0161u Jugoslaviju (MKSJ). Thomas Unger je diplomirao pravo na Univerzitetu u Be\u010du, diplomirao je me\u0111unarodne pravne studije na Pravnom fakultetu Univerziteta u New Yorku i magistrirao iz oblasti ljudskih prava i demokratizacije na Evropskom me\u0111uuniverzitetskom centru za ljudska prava i demokratizaciju (Venecija).<\/p>\n\t\t<\/div>\n\t\t\t\t<\/div>\n\t\t\t\t<\/article>\n\t\t\t\t<\/div>\n\n\n\t\t\n\t\t\t\t<\/div>\n\t\t\t\t<\/div>\n\t\t\t\t<div class=\"elementor-element elementor-element-5d5cdd9 elementor-grid-3 elementor-grid-tablet-2 elementor-grid-mobile-1 elementor-posts--thumbnail-top elementor-widget elementor-widget-posts\" data-id=\"5d5cdd9\" data-element_type=\"widget\" data-settings=\"{&quot;classic_columns&quot;:&quot;3&quot;,&quot;classic_columns_tablet&quot;:&quot;2&quot;,&quot;classic_columns_mobile&quot;:&quot;1&quot;,&quot;classic_row_gap&quot;:{&quot;unit&quot;:&quot;px&quot;,&quot;size&quot;:35,&quot;sizes&quot;:[]},&quot;classic_row_gap_tablet&quot;:{&quot;unit&quot;:&quot;px&quot;,&quot;size&quot;:&quot;&quot;,&quot;sizes&quot;:[]},&quot;classic_row_gap_mobile&quot;:{&quot;unit&quot;:&quot;px&quot;,&quot;size&quot;:&quot;&quot;,&quot;sizes&quot;:[]}}\" data-widget_type=\"posts.classic\">\n\t\t\t\t<div class=\"elementor-widget-container\">\n\t\t\t\t\t<div class=\"elementor-posts-container elementor-posts elementor-posts--skin-classic elementor-grid\">\n\t\t\t\t<article class=\"elementor-post elementor-grid-item post-1885 page type-page status-publish has-post-thumbnail hentry\">\n\t\t\t\t<a class=\"elementor-post__thumbnail__link\" href=\"https:\/\/cgmap.org\/bs\/projekti\/izgradnja-zajednicke-agende-za-prevenciju-na-zapadnom-balkanu\/\" >\n\t\t\t<div class=\"elementor-post__thumbnail\"><img width=\"300\" height=\"172\" src=\"https:\/\/cgmap.org\/app\/uploads\/2024\/12\/ENG-300x172.png\" class=\"attachment-medium size-medium\" alt=\"\" loading=\"lazy\" \/><\/div>\n\t\t<\/a>\n\t\t\t\t<div class=\"elementor-post__text\">\n\t\t\t\t<h3 class=\"elementor-post__title\">\n\t\t\t<a href=\"https:\/\/cgmap.org\/bs\/projekti\/izgradnja-zajednicke-agende-za-prevenciju-na-zapadnom-balkanu\/\" >\n\t\t\t\tIzgradnja zajedni\u010dke agende za prevenciju na Zapadnom Balkanu\t\t\t<\/a>\n\t\t<\/h3>\n\t\t\t\t<div class=\"elementor-post__excerpt\">\n\t\t\t<p>Konferencija pod nazivom \u201cIzgradnja zajedni\u010dke agende za prevenciju na Zapadnom Balkanu\u201d, koja je odr\u017eana u Podgorici, Crna Gora, od 21. do 22. marta 2024. godine,<\/p>\n\t\t<\/div>\n\t\t\t\t<\/div>\n\t\t\t\t<\/article>\n\t\t\t\t<article class=\"elementor-post elementor-grid-item post-1536 page type-page status-publish has-post-thumbnail hentry\">\n\t\t\t\t<a class=\"elementor-post__thumbnail__link\" href=\"https:\/\/cgmap.org\/bs\/projekti\/ratni-zlocini-u-prijedoru-kroz-krivicne-presude\/\" >\n\t\t\t<div class=\"elementor-post__thumbnail\"><img width=\"300\" height=\"200\" src=\"https:\/\/cgmap.org\/app\/uploads\/2022\/04\/velija-white-armband-1920x1281-1-300x200.jpg\" class=\"attachment-medium size-medium\" alt=\"\" loading=\"lazy\" \/><\/div>\n\t\t<\/a>\n\t\t\t\t<div class=\"elementor-post__text\">\n\t\t\t\t<h3 class=\"elementor-post__title\">\n\t\t\t<a href=\"https:\/\/cgmap.org\/bs\/projekti\/ratni-zlocini-u-prijedoru-kroz-krivicne-presude\/\" >\n\t\t\t\tRatni zlo\u010dini u Prijedoru kroz presude krivi\u010dnih sudova\t\t\t<\/a>\n\t\t<\/h3>\n\t\t\t\t<div class=\"elementor-post__excerpt\">\n\t\t\t<p>Prijedor je grad u sjeverozapadnom dijelu Bosne i Hercegovine. Snage bosanskih Srba su 30. aprila 1992. godine preuzele kontrolu nod ovom op\u0107inom i smijenile nesrbe,<\/p>\n\t\t<\/div>\n\t\t\t\t<\/div>\n\t\t\t\t<\/article>\n\t\t\t\t<article class=\"elementor-post elementor-grid-item post-1534 page type-page status-publish has-post-thumbnail hentry\">\n\t\t\t\t<a class=\"elementor-post__thumbnail__link\" href=\"https:\/\/cgmap.org\/bs\/projekti\/ratni-zlocini-u-centralnoj-bosni-kroz-krivicne-presude\/\" >\n\t\t\t<div class=\"elementor-post__thumbnail\"><img width=\"300\" height=\"203\" src=\"https:\/\/cgmap.org\/app\/uploads\/2022\/04\/03_04_01_93_Ahmici_Bosnia_05-022-2-300x203.jpg\" class=\"attachment-medium size-medium\" alt=\"\" loading=\"lazy\" \/><\/div>\n\t\t<\/a>\n\t\t\t\t<div class=\"elementor-post__text\">\n\t\t\t\t<h3 class=\"elementor-post__title\">\n\t\t\t<a href=\"https:\/\/cgmap.org\/bs\/projekti\/ratni-zlocini-u-centralnoj-bosni-kroz-krivicne-presude\/\" >\n\t\t\t\tRatni zlo\u010dini u Centralnoj Bosni kroz presude krivi\u010dnih sudova\t\t\t<\/a>\n\t\t<\/h3>\n\t\t\t\t<div class=\"elementor-post__excerpt\">\n\t\t\t<p>Teritorija Srednje Bosne najve\u0107im dijelom pripada Srednjobosanskom kantonu, jednom od deset kantona Federacije Bosne i Hercegovine, odnosno administrativnih jedinica. Srednjobosanski kanton sastoji se od ukupno<\/p>\n\t\t<\/div>\n\t\t\t\t<\/div>\n\t\t\t\t<\/article>\n\t\t\t\t<article class=\"elementor-post elementor-grid-item post-1391 page type-page status-publish has-post-thumbnail hentry\">\n\t\t\t\t<a class=\"elementor-post__thumbnail__link\" href=\"https:\/\/cgmap.org\/bs\/o-nama\/savjetodavni-odbor\/richard-s-a-newell\/\" >\n\t\t\t<div class=\"elementor-post__thumbnail\"><img width=\"300\" height=\"200\" src=\"https:\/\/cgmap.org\/app\/uploads\/2021\/02\/Richard-II-300x200.jpg\" class=\"attachment-medium size-medium\" alt=\"\" loading=\"lazy\" \/><\/div>\n\t\t<\/a>\n\t\t\t\t<div class=\"elementor-post__text\">\n\t\t\t\t<h3 class=\"elementor-post__title\">\n\t\t\t<a href=\"https:\/\/cgmap.org\/bs\/o-nama\/savjetodavni-odbor\/richard-s-a-newell\/\" >\n\t\t\t\tRichard S. A. Newell\t\t\t<\/a>\n\t\t<\/h3>\n\t\t\t\t<div class=\"elementor-post__excerpt\">\n\t\t\t<p>Richard S. A. Newell je suosniva\u010d Aegis fondacije udru\u017eenih studenata (sada STAND). Proveo je nekoliko godina rade\u0107i kao aktivist u Bosni i Hercegovini kao organizator<\/p>\n\t\t<\/div>\n\t\t\t\t<\/div>\n\t\t\t\t<\/article>\n\t\t\t\t<article class=\"elementor-post elementor-grid-item post-1389 page type-page status-publish has-post-thumbnail hentry\">\n\t\t\t\t<a class=\"elementor-post__thumbnail__link\" href=\"https:\/\/cgmap.org\/bs\/o-nama\/savjetodavni-odbor\/david-simon\/\" >\n\t\t\t<div class=\"elementor-post__thumbnail\"><img width=\"205\" height=\"300\" src=\"https:\/\/cgmap.org\/app\/uploads\/2021\/02\/David-Simon-205x300.jpg\" class=\"attachment-medium size-medium\" alt=\"\" loading=\"lazy\" \/><\/div>\n\t\t<\/a>\n\t\t\t\t<div class=\"elementor-post__text\">\n\t\t\t\t<h3 class=\"elementor-post__title\">\n\t\t\t<a href=\"https:\/\/cgmap.org\/bs\/o-nama\/savjetodavni-odbor\/david-simon\/\" >\n\t\t\t\tDavid Simon\t\t\t<\/a>\n\t\t<\/h3>\n\t\t\t\t<div class=\"elementor-post__excerpt\">\n\t\t\t<p>David Simon je direktor Programa za prou\u010davanje genocida na Univerzitetu Yale. Radi kao predava\u010d na Odsjeku za politi\u010dke nauke na Yaleu. Njegovo istra\u017eivanje usredoto\u010deno je<\/p>\n\t\t<\/div>\n\t\t\t\t<\/div>\n\t\t\t\t<\/article>\n\t\t\t\t<article class=\"elementor-post elementor-grid-item post-1387 page type-page status-publish has-post-thumbnail hentry\">\n\t\t\t\t<a class=\"elementor-post__thumbnail__link\" href=\"https:\/\/cgmap.org\/bs\/o-nama\/savjetodavni-odbor\/dr-melanie-obrien\/\" >\n\t\t\t<div class=\"elementor-post__thumbnail\"><img width=\"300\" height=\"207\" src=\"https:\/\/cgmap.org\/app\/uploads\/2021\/02\/Melanie-300x207.jpg\" class=\"attachment-medium size-medium\" alt=\"\" loading=\"lazy\" \/><\/div>\n\t\t<\/a>\n\t\t\t\t<div class=\"elementor-post__text\">\n\t\t\t\t<h3 class=\"elementor-post__title\">\n\t\t\t<a href=\"https:\/\/cgmap.org\/bs\/o-nama\/savjetodavni-odbor\/dr-melanie-obrien\/\" >\n\t\t\t\tDr Melanie O\u2019Brien\t\t\t<\/a>\n\t\t<\/h3>\n\t\t\t\t<div class=\"elementor-post__excerpt\">\n\t\t\t<p>Dr Melanie O\u2019Brien je predava\u010dica me\u0111unarodnog prava na Univerzitetu Zapadne Australije i nagra\u0111ivana nastavnica me\u0111unarodnog humanitarnog prava, me\u0111unarodnog javnog prava i pravnih istra\u017eivanja. Njeno istra\u017eivanje<\/p>\n\t\t<\/div>\n\t\t\t\t<\/div>\n\t\t\t\t<\/article>\n\t\t\t\t<\/div>\n\n\n\t\t\n\t\t\t\t<\/div>\n\t\t\t\t<\/div>\n\t\t\t\t\t\t<\/div>\n\t\t\t\t\t<\/div>\n\t\t<\/div>\n\t\t\t\t\t\t\t\t<\/div>\n\t\t\t\t\t<\/div>\n\t\t<\/section>\n\t\t\t\t\t\t\t\t\t<\/div>\n\t\t\t<\/div>\n\t\t\t\t\t<\/div>\n\t\t","protected":false},"excerpt":{"rendered":"","protected":false},"author":2,"featured_media":0,"parent":63,"menu_order":0,"comment_status":"closed","ping_status":"closed","template":"elementor_header_footer","meta":{"_mi_skip_tracking":false},"yoast_head":"<!-- This site is optimized with the Yoast SEO plugin v18.5.1 - https:\/\/yoast.com\/wordpress\/plugins\/seo\/ -->\n<title>Savjetodavni odbor - cgmap.org<\/title>\n<meta name=\"robots\" content=\"index, follow, max-snippet:-1, max-image-preview:large, max-video-preview:-1\" \/>\n<link rel=\"canonical\" href=\"https:\/\/cgmap.org\/about\/advisory-board\/\" \/>\n<meta property=\"og:locale\" content=\"bs_BA\" \/>\n<meta property=\"og:type\" content=\"article\" \/>\n<meta property=\"og:title\" content=\"Savjetodavni odbor - cgmap.org\" \/>\n<meta property=\"og:url\" content=\"https:\/\/cgmap.org\/about\/advisory-board\/\" \/>\n<meta property=\"og:site_name\" content=\"cgmap.org\" \/>\n<meta property=\"article:modified_time\" content=\"2021-03-16T12:41:49+00:00\" \/>\n<meta name=\"twitter:card\" content=\"summary_large_image\" \/>\n<script type=\"application\/ld+json\" class=\"yoast-schema-graph\">{\"@context\":\"https:\/\/schema.org\",\"@graph\":[{\"@type\":\"WebSite\",\"@id\":\"https:\/\/cgmap.org\/#website\",\"url\":\"https:\/\/cgmap.org\/\",\"name\":\"cgmap.org\",\"description\":\"Koalicija za prevenciju genocida i masovnih zlo\u010dina na Zapadnom Balkanu\",\"potentialAction\":[{\"@type\":\"SearchAction\",\"target\":{\"@type\":\"EntryPoint\",\"urlTemplate\":\"https:\/\/cgmap.org\/?s={search_term_string}\"},\"query-input\":\"required name=search_term_string\"}],\"inLanguage\":\"bs-BA\"},{\"@type\":\"WebPage\",\"@id\":\"https:\/\/cgmap.org\/about\/advisory-board\/#webpage\",\"url\":\"https:\/\/cgmap.org\/about\/advisory-board\/\",\"name\":\"Savjetodavni odbor - cgmap.org\",\"isPartOf\":{\"@id\":\"https:\/\/cgmap.org\/#website\"},\"datePublished\":\"2021-03-16T09:26:00+00:00\",\"dateModified\":\"2021-03-16T12:41:49+00:00\",\"breadcrumb\":{\"@id\":\"https:\/\/cgmap.org\/about\/advisory-board\/#breadcrumb\"},\"inLanguage\":\"bs-BA\",\"potentialAction\":[{\"@type\":\"ReadAction\",\"target\":[\"https:\/\/cgmap.org\/about\/advisory-board\/\"]}]},{\"@type\":\"BreadcrumbList\",\"@id\":\"https:\/\/cgmap.org\/about\/advisory-board\/#breadcrumb\",\"itemListElement\":[{\"@type\":\"ListItem\",\"position\":1,\"name\":\"Home\",\"item\":\"https:\/\/cgmap.org\/\"},{\"@type\":\"ListItem\",\"position\":2,\"name\":\"O nama\",\"item\":\"https:\/\/cgmap.org\/about\/\"},{\"@type\":\"ListItem\",\"position\":3,\"name\":\"Savjetodavni odbor\"}]}]}<\/script>\n<!-- \/ Yoast SEO plugin. -->","yoast_head_json":{"title":"Savjetodavni odbor - cgmap.org","robots":{"index":"index","follow":"follow","max-snippet":"max-snippet:-1","max-image-preview":"max-image-preview:large","max-video-preview":"max-video-preview:-1"},"canonical":"https:\/\/cgmap.org\/about\/advisory-board\/","og_locale":"bs_BA","og_type":"article","og_title":"Savjetodavni odbor - cgmap.org","og_url":"https:\/\/cgmap.org\/about\/advisory-board\/","og_site_name":"cgmap.org","article_modified_time":"2021-03-16T12:41:49+00:00","twitter_card":"summary_large_image","schema":{"@context":"https:\/\/schema.org","@graph":[{"@type":"WebSite","@id":"https:\/\/cgmap.org\/#website","url":"https:\/\/cgmap.org\/","name":"cgmap.org","description":"Koalicija za prevenciju genocida i masovnih zlo\u010dina na Zapadnom Balkanu","potentialAction":[{"@type":"SearchAction","target":{"@type":"EntryPoint","urlTemplate":"https:\/\/cgmap.org\/?s={search_term_string}"},"query-input":"required name=search_term_string"}],"inLanguage":"bs-BA"},{"@type":"WebPage","@id":"https:\/\/cgmap.org\/about\/advisory-board\/#webpage","url":"https:\/\/cgmap.org\/about\/advisory-board\/","name":"Savjetodavni odbor - cgmap.org","isPartOf":{"@id":"https:\/\/cgmap.org\/#website"},"datePublished":"2021-03-16T09:26:00+00:00","dateModified":"2021-03-16T12:41:49+00:00","breadcrumb":{"@id":"https:\/\/cgmap.org\/about\/advisory-board\/#breadcrumb"},"inLanguage":"bs-BA","potentialAction":[{"@type":"ReadAction","target":["https:\/\/cgmap.org\/about\/advisory-board\/"]}]},{"@type":"BreadcrumbList","@id":"https:\/\/cgmap.org\/about\/advisory-board\/#breadcrumb","itemListElement":[{"@type":"ListItem","position":1,"name":"Home","item":"https:\/\/cgmap.org\/"},{"@type":"ListItem","position":2,"name":"O nama","item":"https:\/\/cgmap.org\/about\/"},{"@type":"ListItem","position":3,"name":"Savjetodavni odbor"}]}]}},"_links":{"self":[{"href":"https:\/\/cgmap.org\/bs\/wp-json\/wp\/v2\/pages\/1379"}],"collection":[{"href":"https:\/\/cgmap.org\/bs\/wp-json\/wp\/v2\/pages"}],"about":[{"href":"https:\/\/cgmap.org\/bs\/wp-json\/wp\/v2\/types\/page"}],"author":[{"embeddable":true,"href":"https:\/\/cgmap.org\/bs\/wp-json\/wp\/v2\/users\/2"}],"replies":[{"embeddable":true,"href":"https:\/\/cgmap.org\/bs\/wp-json\/wp\/v2\/comments?post=1379"}],"version-history":[{"count":7,"href":"https:\/\/cgmap.org\/bs\/wp-json\/wp\/v2\/pages\/1379\/revisions"}],"predecessor-version":[{"id":1408,"href":"https:\/\/cgmap.org\/bs\/wp-json\/wp\/v2\/pages\/1379\/revisions\/1408"}],"up":[{"embeddable":true,"href":"https:\/\/cgmap.org\/bs\/wp-json\/wp\/v2\/pages\/63"}],"wp:attachment":[{"href":"https:\/\/cgmap.org\/bs\/wp-json\/wp\/v2\/media?parent=1379"}],"curies":[{"name":"wp","href":"https:\/\/api.w.org\/{rel}","templated":true}]}}