{"id":1381,"date":"2021-03-16T10:28:28","date_gmt":"2021-03-16T09:28:28","guid":{"rendered":"https:\/\/cgmap.org\/?page_id=1381"},"modified":"2021-03-18T10:44:02","modified_gmt":"2021-03-18T09:44:02","slug":"dr-hikmet-karcic","status":"publish","type":"page","link":"https:\/\/cgmap.org\/bs\/o-nama\/savjetodavni-odbor\/dr-hikmet-karcic\/","title":{"rendered":"Dr. Hikmet Kar\u010di\u0107"},"content":{"rendered":"<p align=\"justify\"><span style=\"font-family: Times New Roman, serif;\"><span style=\"font-size: medium;\"><b>Dr. Hikmet Kar\u010di\u0107<\/b><\/span><\/span><span style=\"font-family: Times New Roman, serif;\"><span style=\"font-size: medium;\"> je istra\u017eiva\u010d genocida iz Sarajeva, Bosna i Hercegovina. Radi na Institutu za islamsku tradiciju Bo\u0161njaka (IITB) u Sarajevu i vi\u0161i je saradnik u Centru za globalnu politiku (CGP) u Washingtonu, DC. 2017. je radio kao saradnik u Auschwitz Institutu za mir i pomirenje. Twitter: <a href=\"https:\/\/twitter.com\/hikmet_karcic\">@hikmet_karcic<\/a><\/span><\/span><\/p>\n","protected":false},"excerpt":{"rendered":"<p>Dr. Hikmet Kar\u010di\u0107 je istra\u017eiva\u010d genocida iz Sarajeva, Bosna i Hercegovina. Radi na Institutu za islamsku tradiciju Bo\u0161njaka (IITB) u Sarajevu i vi\u0161i je saradnik u Centru za globalnu politiku (CGP) u Washingtonu, DC. 2017. je radio kao saradnik u Auschwitz Institutu za mir i pomirenje. Twitter: @hikmet_karcic<\/p>\n","protected":false},"author":2,"featured_media":1198,"parent":1379,"menu_order":1,"comment_status":"closed","ping_status":"closed","template":"","meta":{"_mi_skip_tracking":false},"yoast_head":"<!-- This site is optimized with the Yoast SEO plugin v18.5.1 - https:\/\/yoast.com\/wordpress\/plugins\/seo\/ -->\n<title>Dr. Hikmet Kar\u010di\u0107 - cgmap.org<\/title>\n<meta name=\"robots\" content=\"index, follow, max-snippet:-1, max-image-preview:large, max-video-preview:-1\" \/>\n<link rel=\"canonical\" href=\"https:\/\/cgmap.org\/about\/advisory-board\/dr-hikmet-karcic\/\" \/>\n<meta property=\"og:locale\" content=\"bs_BA\" \/>\n<meta property=\"og:type\" content=\"article\" \/>\n<meta property=\"og:title\" content=\"Dr. Hikmet Kar\u010di\u0107 - cgmap.org\" \/>\n<meta property=\"og:description\" content=\"Dr. Hikmet Kar\u010di\u0107 je istra\u017eiva\u010d genocida iz Sarajeva, Bosna i Hercegovina. Radi na Institutu za islamsku tradiciju Bo\u0161njaka (IITB) u Sarajevu i vi\u0161i je saradnik u Centru za globalnu politiku (CGP) u Washingtonu, DC. 2017. je radio kao saradnik u Auschwitz Institutu za mir i pomirenje. Twitter: @hikmet_karcic\" \/>\n<meta property=\"og:url\" content=\"https:\/\/cgmap.org\/about\/advisory-board\/dr-hikmet-karcic\/\" \/>\n<meta property=\"og:site_name\" content=\"cgmap.org\" \/>\n<meta property=\"article:modified_time\" content=\"2021-03-18T09:44:02+00:00\" \/>\n<meta property=\"og:image\" content=\"https:\/\/cgmap.org\/app\/uploads\/2021\/02\/Hikmet.jpg\" \/>\n\t<meta property=\"og:image:width\" content=\"1024\" \/>\n\t<meta property=\"og:image:height\" content=\"785\" \/>\n\t<meta property=\"og:image:type\" content=\"image\/jpeg\" \/>\n<meta name=\"twitter:card\" content=\"summary_large_image\" \/>\n<script type=\"application\/ld+json\" class=\"yoast-schema-graph\">{\"@context\":\"https:\/\/schema.org\",\"@graph\":[{\"@type\":\"WebSite\",\"@id\":\"https:\/\/cgmap.org\/#website\",\"url\":\"https:\/\/cgmap.org\/\",\"name\":\"cgmap.org\",\"description\":\"Koalicija za prevenciju genocida i masovnih zlo\u010dina na Zapadnom Balkanu\",\"potentialAction\":[{\"@type\":\"SearchAction\",\"target\":{\"@type\":\"EntryPoint\",\"urlTemplate\":\"https:\/\/cgmap.org\/?s={search_term_string}\"},\"query-input\":\"required name=search_term_string\"}],\"inLanguage\":\"bs-BA\"},{\"@type\":\"ImageObject\",\"@id\":\"https:\/\/cgmap.org\/about\/advisory-board\/dr-hikmet-karcic\/#primaryimage\",\"inLanguage\":\"bs-BA\",\"url\":\"https:\/\/cgmap.org\/app\/uploads\/2021\/02\/Hikmet.jpg\",\"contentUrl\":\"https:\/\/cgmap.org\/app\/uploads\/2021\/02\/Hikmet.jpg\",\"width\":1024,\"height\":785,\"caption\":\"Dr. Hikmet Kar\u010di\u0107\"},{\"@type\":\"WebPage\",\"@id\":\"https:\/\/cgmap.org\/about\/advisory-board\/dr-hikmet-karcic\/#webpage\",\"url\":\"https:\/\/cgmap.org\/about\/advisory-board\/dr-hikmet-karcic\/\",\"name\":\"Dr. Hikmet Kar\u010di\u0107 - cgmap.org\",\"isPartOf\":{\"@id\":\"https:\/\/cgmap.org\/#website\"},\"primaryImageOfPage\":{\"@id\":\"https:\/\/cgmap.org\/about\/advisory-board\/dr-hikmet-karcic\/#primaryimage\"},\"datePublished\":\"2021-03-16T09:28:28+00:00\",\"dateModified\":\"2021-03-18T09:44:02+00:00\",\"breadcrumb\":{\"@id\":\"https:\/\/cgmap.org\/about\/advisory-board\/dr-hikmet-karcic\/#breadcrumb\"},\"inLanguage\":\"bs-BA\",\"potentialAction\":[{\"@type\":\"ReadAction\",\"target\":[\"https:\/\/cgmap.org\/about\/advisory-board\/dr-hikmet-karcic\/\"]}]},{\"@type\":\"BreadcrumbList\",\"@id\":\"https:\/\/cgmap.org\/about\/advisory-board\/dr-hikmet-karcic\/#breadcrumb\",\"itemListElement\":[{\"@type\":\"ListItem\",\"position\":1,\"name\":\"Home\",\"item\":\"https:\/\/cgmap.org\/\"},{\"@type\":\"ListItem\",\"position\":2,\"name\":\"O nama\",\"item\":\"https:\/\/cgmap.org\/about\/\"},{\"@type\":\"ListItem\",\"position\":3,\"name\":\"Savjetodavni odbor\",\"item\":\"https:\/\/cgmap.org\/about\/advisory-board\/\"},{\"@type\":\"ListItem\",\"position\":4,\"name\":\"Dr. Hikmet Kar\u010di\u0107\"}]}]}<\/script>\n<!-- \/ Yoast SEO plugin. -->","yoast_head_json":{"title":"Dr. Hikmet Kar\u010di\u0107 - cgmap.org","robots":{"index":"index","follow":"follow","max-snippet":"max-snippet:-1","max-image-preview":"max-image-preview:large","max-video-preview":"max-video-preview:-1"},"canonical":"https:\/\/cgmap.org\/about\/advisory-board\/dr-hikmet-karcic\/","og_locale":"bs_BA","og_type":"article","og_title":"Dr. Hikmet Kar\u010di\u0107 - cgmap.org","og_description":"Dr. Hikmet Kar\u010di\u0107 je istra\u017eiva\u010d genocida iz Sarajeva, Bosna i Hercegovina. Radi na Institutu za islamsku tradiciju Bo\u0161njaka (IITB) u Sarajevu i vi\u0161i je saradnik u Centru za globalnu politiku (CGP) u Washingtonu, DC. 2017. je radio kao saradnik u Auschwitz Institutu za mir i pomirenje. Twitter: @hikmet_karcic","og_url":"https:\/\/cgmap.org\/about\/advisory-board\/dr-hikmet-karcic\/","og_site_name":"cgmap.org","article_modified_time":"2021-03-18T09:44:02+00:00","og_image":[{"width":1024,"height":785,"url":"https:\/\/cgmap.org\/app\/uploads\/2021\/02\/Hikmet.jpg","type":"image\/jpeg"}],"twitter_card":"summary_large_image","schema":{"@context":"https:\/\/schema.org","@graph":[{"@type":"WebSite","@id":"https:\/\/cgmap.org\/#website","url":"https:\/\/cgmap.org\/","name":"cgmap.org","description":"Koalicija za prevenciju genocida i masovnih zlo\u010dina na Zapadnom Balkanu","potentialAction":[{"@type":"SearchAction","target":{"@type":"EntryPoint","urlTemplate":"https:\/\/cgmap.org\/?s={search_term_string}"},"query-input":"required name=search_term_string"}],"inLanguage":"bs-BA"},{"@type":"ImageObject","@id":"https:\/\/cgmap.org\/about\/advisory-board\/dr-hikmet-karcic\/#primaryimage","inLanguage":"bs-BA","url":"https:\/\/cgmap.org\/app\/uploads\/2021\/02\/Hikmet.jpg","contentUrl":"https:\/\/cgmap.org\/app\/uploads\/2021\/02\/Hikmet.jpg","width":1024,"height":785,"caption":"Dr. Hikmet Kar\u010di\u0107"},{"@type":"WebPage","@id":"https:\/\/cgmap.org\/about\/advisory-board\/dr-hikmet-karcic\/#webpage","url":"https:\/\/cgmap.org\/about\/advisory-board\/dr-hikmet-karcic\/","name":"Dr. Hikmet Kar\u010di\u0107 - cgmap.org","isPartOf":{"@id":"https:\/\/cgmap.org\/#website"},"primaryImageOfPage":{"@id":"https:\/\/cgmap.org\/about\/advisory-board\/dr-hikmet-karcic\/#primaryimage"},"datePublished":"2021-03-16T09:28:28+00:00","dateModified":"2021-03-18T09:44:02+00:00","breadcrumb":{"@id":"https:\/\/cgmap.org\/about\/advisory-board\/dr-hikmet-karcic\/#breadcrumb"},"inLanguage":"bs-BA","potentialAction":[{"@type":"ReadAction","target":["https:\/\/cgmap.org\/about\/advisory-board\/dr-hikmet-karcic\/"]}]},{"@type":"BreadcrumbList","@id":"https:\/\/cgmap.org\/about\/advisory-board\/dr-hikmet-karcic\/#breadcrumb","itemListElement":[{"@type":"ListItem","position":1,"name":"Home","item":"https:\/\/cgmap.org\/"},{"@type":"ListItem","position":2,"name":"O nama","item":"https:\/\/cgmap.org\/about\/"},{"@type":"ListItem","position":3,"name":"Savjetodavni odbor","item":"https:\/\/cgmap.org\/about\/advisory-board\/"},{"@type":"ListItem","position":4,"name":"Dr. Hikmet Kar\u010di\u0107"}]}]}},"_links":{"self":[{"href":"https:\/\/cgmap.org\/bs\/wp-json\/wp\/v2\/pages\/1381"}],"collection":[{"href":"https:\/\/cgmap.org\/bs\/wp-json\/wp\/v2\/pages"}],"about":[{"href":"https:\/\/cgmap.org\/bs\/wp-json\/wp\/v2\/types\/page"}],"author":[{"embeddable":true,"href":"https:\/\/cgmap.org\/bs\/wp-json\/wp\/v2\/users\/2"}],"replies":[{"embeddable":true,"href":"https:\/\/cgmap.org\/bs\/wp-json\/wp\/v2\/comments?post=1381"}],"version-history":[{"count":2,"href":"https:\/\/cgmap.org\/bs\/wp-json\/wp\/v2\/pages\/1381\/revisions"}],"predecessor-version":[{"id":1412,"href":"https:\/\/cgmap.org\/bs\/wp-json\/wp\/v2\/pages\/1381\/revisions\/1412"}],"up":[{"embeddable":true,"href":"https:\/\/cgmap.org\/bs\/wp-json\/wp\/v2\/pages\/1379"}],"wp:featuredmedia":[{"embeddable":true,"href":"https:\/\/cgmap.org\/bs\/wp-json\/wp\/v2\/media\/1198"}],"wp:attachment":[{"href":"https:\/\/cgmap.org\/bs\/wp-json\/wp\/v2\/media?parent=1381"}],"curies":[{"name":"wp","href":"https:\/\/api.w.org\/{rel}","templated":true}]}}