{"id":1383,"date":"2021-03-16T10:30:40","date_gmt":"2021-03-16T09:30:40","guid":{"rendered":"https:\/\/cgmap.org\/?page_id=1383"},"modified":"2021-03-18T10:44:33","modified_gmt":"2021-03-18T09:44:33","slug":"david-estrin","status":"publish","type":"page","link":"https:\/\/cgmap.org\/bs\/o-nama\/savjetodavni-odbor\/david-estrin\/","title":{"rendered":"David Estrin"},"content":{"rendered":"<p align=\"justify\"><span><span style=\"font-family: Times New Roman, serif;\"><span style=\"font-size: medium;\"><b>David Estrin<\/b><\/span><\/span><span style=\"font-family: Times New Roman, serif;\"><span style=\"font-size: medium;\"> je osniva\u010d i izvr\u0161ni direktor neprofitne organizacije Zajedno se sje\u0107amo posve\u0107ene osna\u017eivanju budu\u0107ih generacija lidera da \u201cnikad vi\u0161e\u201d ne ostane samo fraza na papiru. Unuk \u010detvorice koji su pre\u017eivjeli holocaust, Davidov cilj je da transformi\u0161e memoralizaciju u djelovanje koje \u0107e zaustaviti antisemitizam, fanatizam i nasilje \u0161irom svijeta. Svakog aprila tokom Mjeseca sje\u0107anja na genocide vodi globalnu kampanju koja ujedinjuje studente, nastavnike i politi\u010dke vo\u0111e u suzbijanju nasilne mr\u017enje u njihovim \u0161kolama, zajednicama i na dru\u0161tvenim mre\u017eama. On je podijelio pri\u010du o svojoj porodici i svom radu sa \u0161kolama, univerzitetima, muzejima, vjerskim centrima i drugim institucijama \u0161irom zemlje, uklju\u010duju\u0107i Muzej i obrazovni centar holokausta u Illinoisu, srednju \u0161kolu Marjory Stoneman Douglas u Parklandu, FL, gradske lidere u Charlottesvilleu, VA, i Ujedinjenim nacijama u New Yorku. Kombiniraju\u0107i multimedijalno pripovijedanje i aktivnosti solidarnosti nastoji ohrabriti publiku svih dobnih skupina da djeluju.<\/span><\/span><\/span><\/p>\n<p align=\"justify\"><span><span style=\"font-family: Times New Roman, serif;\"><span style=\"font-size: medium;\">Nakon \u0161to je diplomirao na odsjeku za javnu politiku na Univerzitetu Duke, David se pridru\u017eio strategiji Accenture gdje je savjetovao 500 klijentata Fortune. Tu je i vodio program korporativne filantropije te firme, Accenture Corporate Citizenship. U januaru 2017. godine, uznemiren porastom straha i mr\u017enje kod ku\u0107e i u inostranstvu, David je napustio Accenture da bi nastavio svoju globalnu viziju za Zajedno se sje\u0107amo.<\/span><\/span><\/span><\/p>\n","protected":false},"excerpt":{"rendered":"<p>David Estrin je osniva\u010d i izvr\u0161ni direktor neprofitne organizacije Zajedno se sje\u0107amo posve\u0107ene osna\u017eivanju budu\u0107ih generacija lidera da \u201cnikad vi\u0161e\u201d ne ostane samo fraza na papiru. Unuk \u010detvorice koji su pre\u017eivjeli holocaust, Davidov cilj je da transformi\u0161e memoralizaciju u djelovanje koje \u0107e zaustaviti antisemitizam, fanatizam i nasilje \u0161irom svijeta. Svakog aprila tokom Mjeseca sje\u0107anja na [&hellip;]<\/p>\n","protected":false},"author":2,"featured_media":1192,"parent":1379,"menu_order":2,"comment_status":"closed","ping_status":"closed","template":"","meta":{"_mi_skip_tracking":false},"yoast_head":"<!-- This site is optimized with the Yoast SEO plugin v18.5.1 - https:\/\/yoast.com\/wordpress\/plugins\/seo\/ -->\n<title>David Estrin - cgmap.org<\/title>\n<meta name=\"robots\" content=\"index, follow, max-snippet:-1, max-image-preview:large, max-video-preview:-1\" \/>\n<link rel=\"canonical\" href=\"https:\/\/cgmap.org\/about\/advisory-board\/david-estrin\/\" \/>\n<meta property=\"og:locale\" content=\"bs_BA\" \/>\n<meta property=\"og:type\" content=\"article\" \/>\n<meta property=\"og:title\" content=\"David Estrin - cgmap.org\" \/>\n<meta property=\"og:description\" content=\"David Estrin je osniva\u010d i izvr\u0161ni direktor neprofitne organizacije Zajedno se sje\u0107amo posve\u0107ene osna\u017eivanju budu\u0107ih generacija lidera da \u201cnikad vi\u0161e\u201d ne ostane samo fraza na papiru. Unuk \u010detvorice koji su pre\u017eivjeli holocaust, Davidov cilj je da transformi\u0161e memoralizaciju u djelovanje koje \u0107e zaustaviti antisemitizam, fanatizam i nasilje \u0161irom svijeta. Svakog aprila tokom Mjeseca sje\u0107anja na [&hellip;]\" \/>\n<meta property=\"og:url\" content=\"https:\/\/cgmap.org\/about\/advisory-board\/david-estrin\/\" \/>\n<meta property=\"og:site_name\" content=\"cgmap.org\" \/>\n<meta property=\"article:modified_time\" content=\"2021-03-18T09:44:33+00:00\" \/>\n<meta property=\"og:image\" content=\"https:\/\/cgmap.org\/app\/uploads\/2021\/02\/David-Estrin.jpeg\" \/>\n\t<meta property=\"og:image:width\" content=\"1088\" \/>\n\t<meta property=\"og:image:height\" content=\"1156\" \/>\n\t<meta property=\"og:image:type\" content=\"image\/jpeg\" \/>\n<meta name=\"twitter:card\" content=\"summary_large_image\" \/>\n<meta name=\"twitter:label1\" content=\"Est. reading time\" \/>\n\t<meta name=\"twitter:data1\" content=\"1 minute\" \/>\n<script type=\"application\/ld+json\" class=\"yoast-schema-graph\">{\"@context\":\"https:\/\/schema.org\",\"@graph\":[{\"@type\":\"WebSite\",\"@id\":\"https:\/\/cgmap.org\/#website\",\"url\":\"https:\/\/cgmap.org\/\",\"name\":\"cgmap.org\",\"description\":\"Koalicija za prevenciju genocida i masovnih zlo\u010dina na Zapadnom Balkanu\",\"potentialAction\":[{\"@type\":\"SearchAction\",\"target\":{\"@type\":\"EntryPoint\",\"urlTemplate\":\"https:\/\/cgmap.org\/?s={search_term_string}\"},\"query-input\":\"required name=search_term_string\"}],\"inLanguage\":\"bs-BA\"},{\"@type\":\"ImageObject\",\"@id\":\"https:\/\/cgmap.org\/about\/advisory-board\/david-estrin\/#primaryimage\",\"inLanguage\":\"bs-BA\",\"url\":\"https:\/\/cgmap.org\/app\/uploads\/2021\/02\/David-Estrin.jpeg\",\"contentUrl\":\"https:\/\/cgmap.org\/app\/uploads\/2021\/02\/David-Estrin.jpeg\",\"width\":1088,\"height\":1156,\"caption\":\"David Estrin\"},{\"@type\":\"WebPage\",\"@id\":\"https:\/\/cgmap.org\/about\/advisory-board\/david-estrin\/#webpage\",\"url\":\"https:\/\/cgmap.org\/about\/advisory-board\/david-estrin\/\",\"name\":\"David Estrin - cgmap.org\",\"isPartOf\":{\"@id\":\"https:\/\/cgmap.org\/#website\"},\"primaryImageOfPage\":{\"@id\":\"https:\/\/cgmap.org\/about\/advisory-board\/david-estrin\/#primaryimage\"},\"datePublished\":\"2021-03-16T09:30:40+00:00\",\"dateModified\":\"2021-03-18T09:44:33+00:00\",\"breadcrumb\":{\"@id\":\"https:\/\/cgmap.org\/about\/advisory-board\/david-estrin\/#breadcrumb\"},\"inLanguage\":\"bs-BA\",\"potentialAction\":[{\"@type\":\"ReadAction\",\"target\":[\"https:\/\/cgmap.org\/about\/advisory-board\/david-estrin\/\"]}]},{\"@type\":\"BreadcrumbList\",\"@id\":\"https:\/\/cgmap.org\/about\/advisory-board\/david-estrin\/#breadcrumb\",\"itemListElement\":[{\"@type\":\"ListItem\",\"position\":1,\"name\":\"Home\",\"item\":\"https:\/\/cgmap.org\/\"},{\"@type\":\"ListItem\",\"position\":2,\"name\":\"O nama\",\"item\":\"https:\/\/cgmap.org\/about\/\"},{\"@type\":\"ListItem\",\"position\":3,\"name\":\"Savjetodavni odbor\",\"item\":\"https:\/\/cgmap.org\/about\/advisory-board\/\"},{\"@type\":\"ListItem\",\"position\":4,\"name\":\"David Estrin\"}]}]}<\/script>\n<!-- \/ Yoast SEO plugin. -->","yoast_head_json":{"title":"David Estrin - cgmap.org","robots":{"index":"index","follow":"follow","max-snippet":"max-snippet:-1","max-image-preview":"max-image-preview:large","max-video-preview":"max-video-preview:-1"},"canonical":"https:\/\/cgmap.org\/about\/advisory-board\/david-estrin\/","og_locale":"bs_BA","og_type":"article","og_title":"David Estrin - cgmap.org","og_description":"David Estrin je osniva\u010d i izvr\u0161ni direktor neprofitne organizacije Zajedno se sje\u0107amo posve\u0107ene osna\u017eivanju budu\u0107ih generacija lidera da \u201cnikad vi\u0161e\u201d ne ostane samo fraza na papiru. Unuk \u010detvorice koji su pre\u017eivjeli holocaust, Davidov cilj je da transformi\u0161e memoralizaciju u djelovanje koje \u0107e zaustaviti antisemitizam, fanatizam i nasilje \u0161irom svijeta. Svakog aprila tokom Mjeseca sje\u0107anja na [&hellip;]","og_url":"https:\/\/cgmap.org\/about\/advisory-board\/david-estrin\/","og_site_name":"cgmap.org","article_modified_time":"2021-03-18T09:44:33+00:00","og_image":[{"width":1088,"height":1156,"url":"https:\/\/cgmap.org\/app\/uploads\/2021\/02\/David-Estrin.jpeg","type":"image\/jpeg"}],"twitter_card":"summary_large_image","twitter_misc":{"Est. reading time":"1 minute"},"schema":{"@context":"https:\/\/schema.org","@graph":[{"@type":"WebSite","@id":"https:\/\/cgmap.org\/#website","url":"https:\/\/cgmap.org\/","name":"cgmap.org","description":"Koalicija za prevenciju genocida i masovnih zlo\u010dina na Zapadnom Balkanu","potentialAction":[{"@type":"SearchAction","target":{"@type":"EntryPoint","urlTemplate":"https:\/\/cgmap.org\/?s={search_term_string}"},"query-input":"required name=search_term_string"}],"inLanguage":"bs-BA"},{"@type":"ImageObject","@id":"https:\/\/cgmap.org\/about\/advisory-board\/david-estrin\/#primaryimage","inLanguage":"bs-BA","url":"https:\/\/cgmap.org\/app\/uploads\/2021\/02\/David-Estrin.jpeg","contentUrl":"https:\/\/cgmap.org\/app\/uploads\/2021\/02\/David-Estrin.jpeg","width":1088,"height":1156,"caption":"David Estrin"},{"@type":"WebPage","@id":"https:\/\/cgmap.org\/about\/advisory-board\/david-estrin\/#webpage","url":"https:\/\/cgmap.org\/about\/advisory-board\/david-estrin\/","name":"David Estrin - cgmap.org","isPartOf":{"@id":"https:\/\/cgmap.org\/#website"},"primaryImageOfPage":{"@id":"https:\/\/cgmap.org\/about\/advisory-board\/david-estrin\/#primaryimage"},"datePublished":"2021-03-16T09:30:40+00:00","dateModified":"2021-03-18T09:44:33+00:00","breadcrumb":{"@id":"https:\/\/cgmap.org\/about\/advisory-board\/david-estrin\/#breadcrumb"},"inLanguage":"bs-BA","potentialAction":[{"@type":"ReadAction","target":["https:\/\/cgmap.org\/about\/advisory-board\/david-estrin\/"]}]},{"@type":"BreadcrumbList","@id":"https:\/\/cgmap.org\/about\/advisory-board\/david-estrin\/#breadcrumb","itemListElement":[{"@type":"ListItem","position":1,"name":"Home","item":"https:\/\/cgmap.org\/"},{"@type":"ListItem","position":2,"name":"O nama","item":"https:\/\/cgmap.org\/about\/"},{"@type":"ListItem","position":3,"name":"Savjetodavni odbor","item":"https:\/\/cgmap.org\/about\/advisory-board\/"},{"@type":"ListItem","position":4,"name":"David Estrin"}]}]}},"_links":{"self":[{"href":"https:\/\/cgmap.org\/bs\/wp-json\/wp\/v2\/pages\/1383"}],"collection":[{"href":"https:\/\/cgmap.org\/bs\/wp-json\/wp\/v2\/pages"}],"about":[{"href":"https:\/\/cgmap.org\/bs\/wp-json\/wp\/v2\/types\/page"}],"author":[{"embeddable":true,"href":"https:\/\/cgmap.org\/bs\/wp-json\/wp\/v2\/users\/2"}],"replies":[{"embeddable":true,"href":"https:\/\/cgmap.org\/bs\/wp-json\/wp\/v2\/comments?post=1383"}],"version-history":[{"count":2,"href":"https:\/\/cgmap.org\/bs\/wp-json\/wp\/v2\/pages\/1383\/revisions"}],"predecessor-version":[{"id":1413,"href":"https:\/\/cgmap.org\/bs\/wp-json\/wp\/v2\/pages\/1383\/revisions\/1413"}],"up":[{"embeddable":true,"href":"https:\/\/cgmap.org\/bs\/wp-json\/wp\/v2\/pages\/1379"}],"wp:featuredmedia":[{"embeddable":true,"href":"https:\/\/cgmap.org\/bs\/wp-json\/wp\/v2\/media\/1192"}],"wp:attachment":[{"href":"https:\/\/cgmap.org\/bs\/wp-json\/wp\/v2\/media?parent=1383"}],"curies":[{"name":"wp","href":"https:\/\/api.w.org\/{rel}","templated":true}]}}