{"id":1385,"date":"2021-03-16T10:32:57","date_gmt":"2021-03-16T09:32:57","guid":{"rendered":"https:\/\/cgmap.org\/?page_id=1385"},"modified":"2021-03-18T10:44:55","modified_gmt":"2021-03-18T09:44:55","slug":"ellen-j-kennedy-ph-d","status":"publish","type":"page","link":"https:\/\/cgmap.org\/bs\/o-nama\/savjetodavni-odbor\/ellen-j-kennedy-ph-d\/","title":{"rendered":"Ellen J. Kennedy, Ph.D."},"content":{"rendered":"<p align=\"justify\"><span><span style=\"font-family: Times New Roman, serif;\"><span style=\"font-size: medium;\"><b>Dr Ellen J. Kennedy<\/b><\/span><\/span><span style=\"font-family: Times New Roman, serif;\"><span style=\"font-size: medium;\"> je osniva\u010dica i izvr\u0161na direktorica organizacije Svijet bez genocida koja pru\u017ea obrazovanje o pro\u0161lim i trenutnim sukobima i zagovara na lokalnim, dr\u017eavnim i nacionalnim nivoima politike koje promi\u010du mir i pravdu. Ona je vanredni profesor na Pravnom fakultetu Mitchell Hamline u St. Paulu, Minnesota. Kennedy je za svoj rad primila mnoge nagrade, uklju\u010duju\u0107i Izvanrednog gra\u0111anina iz Centra Anne Frank u New Yorku, Vo\u0111u godine u visokom obrazovanju iz Nacionalnog dru\u0161tva za iskustveno obrazovanje, Nagradu za izvanredne usluge od Sociolo\u0161kog dru\u0161tva na Srednjem zapadu, Nagradu za usluge u zajednici od Univerziteta iz Minnesote, Nagrada za ljudska prava Ureda Ujedinjenih nacija za Crkvene \u017eene ujedinjena, Nagrada za dono\u0161enje promjena iz Minesota Women&#8217;s Press, a 2019. je progla\u0161ena istaknutim istra\u017eiva\u010dem za svoj rad na polju ljudskih prava.<\/span><\/span><\/span><\/p>\n<p align=\"justify\"><span><span style=\"font-family: Times New Roman, serif;\"><span style=\"font-size: medium;\">Svijet bez genocida dobio je Zahvalnicu za rad od Ureda guvernera dr\u017eave Minnesota. Dva programa Svijet bez genocida dobila su nagradu za eti\u010dko vo\u0111stvo u Minnesoti. Kennedy je \u010dlan Advokatske komore dr\u017eave Minnesota, \u010dlan odbora FBI-jevog udru\u017eenja biv\u0161ih studenata Akademije gra\u0111ana Minneapolis, u Savjetodavnom odboru Udru\u017eenja Ujedinjenih nacija u Minesoti i biv\u0161i predsjednik dva Rotary kluba. Podr\u017eava rad Me\u0111unarodnog krivi\u010dnog suda putem Koalicije za Me\u0111unarodni krivi\u010dni sud. Kennedy je diplomirala na Univerzitetu u Michiganu, tri magisterija i dva doktorata zavr\u0161ila je na Univerzitetu u Minnesoti.<\/span><\/span><\/span><\/p>\n","protected":false},"excerpt":{"rendered":"<p>Dr Ellen J. Kennedy je osniva\u010dica i izvr\u0161na direktorica organizacije Svijet bez genocida koja pru\u017ea obrazovanje o pro\u0161lim i trenutnim sukobima i zagovara na lokalnim, dr\u017eavnim i nacionalnim nivoima politike koje promi\u010du mir i pravdu. Ona je vanredni profesor na Pravnom fakultetu Mitchell Hamline u St. Paulu, Minnesota. Kennedy je za svoj rad primila mnoge [&hellip;]<\/p>\n","protected":false},"author":2,"featured_media":1196,"parent":1379,"menu_order":3,"comment_status":"closed","ping_status":"closed","template":"","meta":{"_mi_skip_tracking":false},"yoast_head":"<!-- This site is optimized with the Yoast SEO plugin v18.5.1 - https:\/\/yoast.com\/wordpress\/plugins\/seo\/ -->\n<title>Ellen J. Kennedy, Ph.D. - cgmap.org<\/title>\n<meta name=\"robots\" content=\"index, follow, max-snippet:-1, max-image-preview:large, max-video-preview:-1\" \/>\n<link rel=\"canonical\" href=\"https:\/\/cgmap.org\/about\/advisory-board\/ellen-j-kennedy-ph-d\/\" \/>\n<meta property=\"og:locale\" content=\"bs_BA\" \/>\n<meta property=\"og:type\" content=\"article\" \/>\n<meta property=\"og:title\" content=\"Ellen J. Kennedy, Ph.D. - cgmap.org\" \/>\n<meta property=\"og:description\" content=\"Dr Ellen J. Kennedy je osniva\u010dica i izvr\u0161na direktorica organizacije Svijet bez genocida koja pru\u017ea obrazovanje o pro\u0161lim i trenutnim sukobima i zagovara na lokalnim, dr\u017eavnim i nacionalnim nivoima politike koje promi\u010du mir i pravdu. Ona je vanredni profesor na Pravnom fakultetu Mitchell Hamline u St. Paulu, Minnesota. Kennedy je za svoj rad primila mnoge [&hellip;]\" \/>\n<meta property=\"og:url\" content=\"https:\/\/cgmap.org\/about\/advisory-board\/ellen-j-kennedy-ph-d\/\" \/>\n<meta property=\"og:site_name\" content=\"cgmap.org\" \/>\n<meta property=\"article:modified_time\" content=\"2021-03-18T09:44:55+00:00\" \/>\n<meta property=\"og:image\" content=\"https:\/\/cgmap.org\/app\/uploads\/2021\/02\/Ellen-Keneddy.jpg\" \/>\n\t<meta property=\"og:image:width\" content=\"675\" \/>\n\t<meta property=\"og:image:height\" content=\"825\" \/>\n\t<meta property=\"og:image:type\" content=\"image\/jpeg\" \/>\n<meta name=\"twitter:card\" content=\"summary_large_image\" \/>\n<meta name=\"twitter:label1\" content=\"Est. reading time\" \/>\n\t<meta name=\"twitter:data1\" content=\"1 minute\" \/>\n<script type=\"application\/ld+json\" class=\"yoast-schema-graph\">{\"@context\":\"https:\/\/schema.org\",\"@graph\":[{\"@type\":\"WebSite\",\"@id\":\"https:\/\/cgmap.org\/#website\",\"url\":\"https:\/\/cgmap.org\/\",\"name\":\"cgmap.org\",\"description\":\"Koalicija za prevenciju genocida i masovnih zlo\u010dina na Zapadnom Balkanu\",\"potentialAction\":[{\"@type\":\"SearchAction\",\"target\":{\"@type\":\"EntryPoint\",\"urlTemplate\":\"https:\/\/cgmap.org\/?s={search_term_string}\"},\"query-input\":\"required name=search_term_string\"}],\"inLanguage\":\"bs-BA\"},{\"@type\":\"ImageObject\",\"@id\":\"https:\/\/cgmap.org\/about\/advisory-board\/ellen-j-kennedy-ph-d\/#primaryimage\",\"inLanguage\":\"bs-BA\",\"url\":\"https:\/\/cgmap.org\/app\/uploads\/2021\/02\/Ellen-Keneddy.jpg\",\"contentUrl\":\"https:\/\/cgmap.org\/app\/uploads\/2021\/02\/Ellen-Keneddy.jpg\",\"width\":675,\"height\":825,\"caption\":\"Ellen J. Kennedy, Ph.D.,\"},{\"@type\":\"WebPage\",\"@id\":\"https:\/\/cgmap.org\/about\/advisory-board\/ellen-j-kennedy-ph-d\/#webpage\",\"url\":\"https:\/\/cgmap.org\/about\/advisory-board\/ellen-j-kennedy-ph-d\/\",\"name\":\"Ellen J. Kennedy, Ph.D. - cgmap.org\",\"isPartOf\":{\"@id\":\"https:\/\/cgmap.org\/#website\"},\"primaryImageOfPage\":{\"@id\":\"https:\/\/cgmap.org\/about\/advisory-board\/ellen-j-kennedy-ph-d\/#primaryimage\"},\"datePublished\":\"2021-03-16T09:32:57+00:00\",\"dateModified\":\"2021-03-18T09:44:55+00:00\",\"breadcrumb\":{\"@id\":\"https:\/\/cgmap.org\/about\/advisory-board\/ellen-j-kennedy-ph-d\/#breadcrumb\"},\"inLanguage\":\"bs-BA\",\"potentialAction\":[{\"@type\":\"ReadAction\",\"target\":[\"https:\/\/cgmap.org\/about\/advisory-board\/ellen-j-kennedy-ph-d\/\"]}]},{\"@type\":\"BreadcrumbList\",\"@id\":\"https:\/\/cgmap.org\/about\/advisory-board\/ellen-j-kennedy-ph-d\/#breadcrumb\",\"itemListElement\":[{\"@type\":\"ListItem\",\"position\":1,\"name\":\"Home\",\"item\":\"https:\/\/cgmap.org\/\"},{\"@type\":\"ListItem\",\"position\":2,\"name\":\"O nama\",\"item\":\"https:\/\/cgmap.org\/about\/\"},{\"@type\":\"ListItem\",\"position\":3,\"name\":\"Savjetodavni odbor\",\"item\":\"https:\/\/cgmap.org\/about\/advisory-board\/\"},{\"@type\":\"ListItem\",\"position\":4,\"name\":\"Ellen J. Kennedy, Ph.D.\"}]}]}<\/script>\n<!-- \/ Yoast SEO plugin. -->","yoast_head_json":{"title":"Ellen J. Kennedy, Ph.D. - cgmap.org","robots":{"index":"index","follow":"follow","max-snippet":"max-snippet:-1","max-image-preview":"max-image-preview:large","max-video-preview":"max-video-preview:-1"},"canonical":"https:\/\/cgmap.org\/about\/advisory-board\/ellen-j-kennedy-ph-d\/","og_locale":"bs_BA","og_type":"article","og_title":"Ellen J. Kennedy, Ph.D. - cgmap.org","og_description":"Dr Ellen J. Kennedy je osniva\u010dica i izvr\u0161na direktorica organizacije Svijet bez genocida koja pru\u017ea obrazovanje o pro\u0161lim i trenutnim sukobima i zagovara na lokalnim, dr\u017eavnim i nacionalnim nivoima politike koje promi\u010du mir i pravdu. Ona je vanredni profesor na Pravnom fakultetu Mitchell Hamline u St. Paulu, Minnesota. Kennedy je za svoj rad primila mnoge [&hellip;]","og_url":"https:\/\/cgmap.org\/about\/advisory-board\/ellen-j-kennedy-ph-d\/","og_site_name":"cgmap.org","article_modified_time":"2021-03-18T09:44:55+00:00","og_image":[{"width":675,"height":825,"url":"https:\/\/cgmap.org\/app\/uploads\/2021\/02\/Ellen-Keneddy.jpg","type":"image\/jpeg"}],"twitter_card":"summary_large_image","twitter_misc":{"Est. reading time":"1 minute"},"schema":{"@context":"https:\/\/schema.org","@graph":[{"@type":"WebSite","@id":"https:\/\/cgmap.org\/#website","url":"https:\/\/cgmap.org\/","name":"cgmap.org","description":"Koalicija za prevenciju genocida i masovnih zlo\u010dina na Zapadnom Balkanu","potentialAction":[{"@type":"SearchAction","target":{"@type":"EntryPoint","urlTemplate":"https:\/\/cgmap.org\/?s={search_term_string}"},"query-input":"required name=search_term_string"}],"inLanguage":"bs-BA"},{"@type":"ImageObject","@id":"https:\/\/cgmap.org\/about\/advisory-board\/ellen-j-kennedy-ph-d\/#primaryimage","inLanguage":"bs-BA","url":"https:\/\/cgmap.org\/app\/uploads\/2021\/02\/Ellen-Keneddy.jpg","contentUrl":"https:\/\/cgmap.org\/app\/uploads\/2021\/02\/Ellen-Keneddy.jpg","width":675,"height":825,"caption":"Ellen J. Kennedy, Ph.D.,"},{"@type":"WebPage","@id":"https:\/\/cgmap.org\/about\/advisory-board\/ellen-j-kennedy-ph-d\/#webpage","url":"https:\/\/cgmap.org\/about\/advisory-board\/ellen-j-kennedy-ph-d\/","name":"Ellen J. Kennedy, Ph.D. - cgmap.org","isPartOf":{"@id":"https:\/\/cgmap.org\/#website"},"primaryImageOfPage":{"@id":"https:\/\/cgmap.org\/about\/advisory-board\/ellen-j-kennedy-ph-d\/#primaryimage"},"datePublished":"2021-03-16T09:32:57+00:00","dateModified":"2021-03-18T09:44:55+00:00","breadcrumb":{"@id":"https:\/\/cgmap.org\/about\/advisory-board\/ellen-j-kennedy-ph-d\/#breadcrumb"},"inLanguage":"bs-BA","potentialAction":[{"@type":"ReadAction","target":["https:\/\/cgmap.org\/about\/advisory-board\/ellen-j-kennedy-ph-d\/"]}]},{"@type":"BreadcrumbList","@id":"https:\/\/cgmap.org\/about\/advisory-board\/ellen-j-kennedy-ph-d\/#breadcrumb","itemListElement":[{"@type":"ListItem","position":1,"name":"Home","item":"https:\/\/cgmap.org\/"},{"@type":"ListItem","position":2,"name":"O nama","item":"https:\/\/cgmap.org\/about\/"},{"@type":"ListItem","position":3,"name":"Savjetodavni odbor","item":"https:\/\/cgmap.org\/about\/advisory-board\/"},{"@type":"ListItem","position":4,"name":"Ellen J. Kennedy, Ph.D."}]}]}},"_links":{"self":[{"href":"https:\/\/cgmap.org\/bs\/wp-json\/wp\/v2\/pages\/1385"}],"collection":[{"href":"https:\/\/cgmap.org\/bs\/wp-json\/wp\/v2\/pages"}],"about":[{"href":"https:\/\/cgmap.org\/bs\/wp-json\/wp\/v2\/types\/page"}],"author":[{"embeddable":true,"href":"https:\/\/cgmap.org\/bs\/wp-json\/wp\/v2\/users\/2"}],"replies":[{"embeddable":true,"href":"https:\/\/cgmap.org\/bs\/wp-json\/wp\/v2\/comments?post=1385"}],"version-history":[{"count":2,"href":"https:\/\/cgmap.org\/bs\/wp-json\/wp\/v2\/pages\/1385\/revisions"}],"predecessor-version":[{"id":1414,"href":"https:\/\/cgmap.org\/bs\/wp-json\/wp\/v2\/pages\/1385\/revisions\/1414"}],"up":[{"embeddable":true,"href":"https:\/\/cgmap.org\/bs\/wp-json\/wp\/v2\/pages\/1379"}],"wp:featuredmedia":[{"embeddable":true,"href":"https:\/\/cgmap.org\/bs\/wp-json\/wp\/v2\/media\/1196"}],"wp:attachment":[{"href":"https:\/\/cgmap.org\/bs\/wp-json\/wp\/v2\/media?parent=1385"}],"curies":[{"name":"wp","href":"https:\/\/api.w.org\/{rel}","templated":true}]}}