{"id":1387,"date":"2021-03-16T10:34:51","date_gmt":"2021-03-16T09:34:51","guid":{"rendered":"https:\/\/cgmap.org\/?page_id=1387"},"modified":"2021-10-05T12:47:50","modified_gmt":"2021-10-05T10:47:50","slug":"dr-melanie-obrien","status":"publish","type":"page","link":"https:\/\/cgmap.org\/bs\/o-nama\/savjetodavni-odbor\/dr-melanie-obrien\/","title":{"rendered":"Dr Melanie O\u2019Brien"},"content":{"rendered":"\t\t<div data-elementor-type=\"wp-page\" data-elementor-id=\"1387\" class=\"elementor elementor-1387 elementor-1305\">\n\t\t\t\t\t\t<div class=\"elementor-inner\">\n\t\t\t\t<div class=\"elementor-section-wrap\">\n\t\t\t\t\t\t\t\t\t<section class=\"elementor-section elementor-top-section elementor-element elementor-element-4d3a0de0 elementor-section-boxed elementor-section-height-default elementor-section-height-default\" data-id=\"4d3a0de0\" data-element_type=\"section\">\n\t\t\t\t\t\t<div class=\"elementor-container elementor-column-gap-default\">\n\t\t\t\t\t\t\t<div class=\"elementor-row\">\n\t\t\t\t\t<div class=\"elementor-column elementor-col-100 elementor-top-column elementor-element elementor-element-9522049\" data-id=\"9522049\" data-element_type=\"column\">\n\t\t\t<div class=\"elementor-column-wrap elementor-element-populated\">\n\t\t\t\t\t\t\t<div class=\"elementor-widget-wrap\">\n\t\t\t\t\t\t<div class=\"elementor-element elementor-element-4db67454 elementor-widget elementor-widget-text-editor\" data-id=\"4db67454\" data-element_type=\"widget\" data-widget_type=\"text-editor.default\">\n\t\t\t\t<div class=\"elementor-widget-container\">\n\t\t\t\t\t\t\t\t<div class=\"elementor-text-editor elementor-clearfix\">\n\t\t\t\t<p align=\"justify\"><span style=\"font-family: Times New Roman, serif;\"><span style=\"font-size: medium;\"><b>Dr Melanie O\u2019Brien<\/b><\/span><\/span><span style=\"font-family: Times New Roman, serif;\"><span style=\"font-size: medium;\"> je predava\u010dica me\u0111unarodnog prava na Univerzitetu Zapadne Australije i nagra\u0111ivana nastavnica me\u0111unarodnog humanitarnog prava, me\u0111unarodnog javnog prava i pravnih istra\u017eivanja. Njeno istra\u017eivanje ispituje vezu izme\u0111u ljudskih prava i procesa genocida, kao i seksualne i rodno zasnovane zlo\u010dine nad \u017eenama. Njezin rad na temu prisilnog braka citirao je Me\u0111unarodni krivi\u010dni sud, a ona je savjetovala UN-ov Ured visokog povjerenika za ljudska prava o ljudskim pravima i spre\u010davanju genocida. Melanie je provela terenski rad i istra\u017eivanje na \u0161est kontinenata, a njena sljede\u0107a knjiga \u201cOd diskriminacije do smrti\u201d \u0107e istra\u017eivati kr\u0161enja ljudskih prava kroz proces genocida.<\/span><\/span><\/p><p align=\"justify\"><span style=\"font-family: Times New Roman, serif;\"><span style=\"font-size: medium;\">Melanie je predsjednica Me\u0111unarodne asocijacije istra\u017eiva\u010da genocida (IAGS). Kao supredsjedavaju\u0107i \u010dlan je sazvala konferenciju IAGS za 2017. godinu na Univerzitetu u Queenslandu, rade\u0107i u Uredni\u010dkom odboru za studije i prevenciju genocida od 2013. do 2017. godine. Urednica je Me\u0111unarodnog \u010dasopisa za ljudska prava i Pregleda ljudskih prava i Me\u0111unarodnog odbora za humanitarno pravo WA australijskog Crvenog kri\u017ea. Melanie je predana pravnica koja je prethodno radila na nekoliko australijskih univerziteta, Nacionalnoj instituciji za ljudska prava Samoe i Odjelu za pravno savjetovanje Tu\u017eila\u0161tva Me\u0111unarodnog krivi\u010dnog suda. Autorica je djela \u201cKriminalizacija mirovnih snaga: Modernizacija nacionalnih pristupa seksualnom iskori\u0161tavanju i zlostavljanju\u201d (Palgrave 2017). Na Twitter-u je mo\u017eete prona\u0107i pod imenom <a href=\"https:\/\/twitter.com\/DrMelOB\">@DrMelOB<\/a>.<\/span><\/span><\/p>\t\t\t\t\t<\/div>\n\t\t\t\t\t\t<\/div>\n\t\t\t\t<\/div>\n\t\t\t\t\t\t<\/div>\n\t\t\t\t\t<\/div>\n\t\t<\/div>\n\t\t\t\t\t\t\t\t<\/div>\n\t\t\t\t\t<\/div>\n\t\t<\/section>\n\t\t\t\t\t\t\t\t\t<\/div>\n\t\t\t<\/div>\n\t\t\t\t\t<\/div>\n\t\t","protected":false},"excerpt":{"rendered":"<p>Dr Melanie O\u2019Brien je predava\u010dica me\u0111unarodnog prava na Univerzitetu Zapadne Australije i nagra\u0111ivana nastavnica me\u0111unarodnog humanitarnog prava, me\u0111unarodnog javnog prava i pravnih istra\u017eivanja. Njeno istra\u017eivanje ispituje vezu izme\u0111u ljudskih prava i procesa genocida, kao i seksualne i rodno zasnovane zlo\u010dine nad \u017eenama. Njezin rad na temu prisilnog braka citirao je Me\u0111unarodni krivi\u010dni sud, a ona [&hellip;]<\/p>\n","protected":false},"author":2,"featured_media":1200,"parent":1379,"menu_order":4,"comment_status":"closed","ping_status":"closed","template":"","meta":{"_mi_skip_tracking":false},"yoast_head":"<!-- This site is optimized with the Yoast SEO plugin v18.5.1 - https:\/\/yoast.com\/wordpress\/plugins\/seo\/ -->\n<title>Dr Melanie O\u2019Brien - cgmap.org<\/title>\n<meta name=\"robots\" content=\"index, follow, max-snippet:-1, max-image-preview:large, max-video-preview:-1\" \/>\n<link rel=\"canonical\" href=\"https:\/\/cgmap.org\/about\/advisory-board\/dr-melanie-obrien\/\" \/>\n<meta property=\"og:locale\" content=\"bs_BA\" \/>\n<meta property=\"og:type\" content=\"article\" \/>\n<meta property=\"og:title\" content=\"Dr Melanie O\u2019Brien - cgmap.org\" \/>\n<meta property=\"og:description\" content=\"Dr Melanie O\u2019Brien je predava\u010dica me\u0111unarodnog prava na Univerzitetu Zapadne Australije i nagra\u0111ivana nastavnica me\u0111unarodnog humanitarnog prava, me\u0111unarodnog javnog prava i pravnih istra\u017eivanja. Njeno istra\u017eivanje ispituje vezu izme\u0111u ljudskih prava i procesa genocida, kao i seksualne i rodno zasnovane zlo\u010dine nad \u017eenama. Njezin rad na temu prisilnog braka citirao je Me\u0111unarodni krivi\u010dni sud, a ona [&hellip;]\" \/>\n<meta property=\"og:url\" content=\"https:\/\/cgmap.org\/about\/advisory-board\/dr-melanie-obrien\/\" \/>\n<meta property=\"og:site_name\" content=\"cgmap.org\" \/>\n<meta property=\"article:modified_time\" content=\"2021-10-05T10:47:50+00:00\" \/>\n<meta property=\"og:image\" content=\"https:\/\/cgmap.org\/app\/uploads\/2021\/02\/Melanie.jpg\" \/>\n\t<meta property=\"og:image:width\" content=\"2186\" \/>\n\t<meta property=\"og:image:height\" content=\"1507\" \/>\n\t<meta property=\"og:image:type\" content=\"image\/jpeg\" \/>\n<meta name=\"twitter:card\" content=\"summary_large_image\" \/>\n<meta name=\"twitter:label1\" content=\"Est. reading time\" \/>\n\t<meta name=\"twitter:data1\" content=\"1 minute\" \/>\n<script type=\"application\/ld+json\" class=\"yoast-schema-graph\">{\"@context\":\"https:\/\/schema.org\",\"@graph\":[{\"@type\":\"WebSite\",\"@id\":\"https:\/\/cgmap.org\/#website\",\"url\":\"https:\/\/cgmap.org\/\",\"name\":\"cgmap.org\",\"description\":\"Koalicija za prevenciju genocida i masovnih zlo\u010dina na Zapadnom Balkanu\",\"potentialAction\":[{\"@type\":\"SearchAction\",\"target\":{\"@type\":\"EntryPoint\",\"urlTemplate\":\"https:\/\/cgmap.org\/?s={search_term_string}\"},\"query-input\":\"required name=search_term_string\"}],\"inLanguage\":\"bs-BA\"},{\"@type\":\"ImageObject\",\"@id\":\"https:\/\/cgmap.org\/about\/advisory-board\/dr-melanie-obrien\/#primaryimage\",\"inLanguage\":\"bs-BA\",\"url\":\"https:\/\/cgmap.org\/app\/uploads\/2021\/02\/Melanie.jpg\",\"contentUrl\":\"https:\/\/cgmap.org\/app\/uploads\/2021\/02\/Melanie.jpg\",\"width\":2186,\"height\":1507,\"caption\":\"Dr Melanie O\u2019Brien\"},{\"@type\":\"WebPage\",\"@id\":\"https:\/\/cgmap.org\/about\/advisory-board\/dr-melanie-obrien\/#webpage\",\"url\":\"https:\/\/cgmap.org\/about\/advisory-board\/dr-melanie-obrien\/\",\"name\":\"Dr Melanie O\u2019Brien - cgmap.org\",\"isPartOf\":{\"@id\":\"https:\/\/cgmap.org\/#website\"},\"primaryImageOfPage\":{\"@id\":\"https:\/\/cgmap.org\/about\/advisory-board\/dr-melanie-obrien\/#primaryimage\"},\"datePublished\":\"2021-03-16T09:34:51+00:00\",\"dateModified\":\"2021-10-05T10:47:50+00:00\",\"breadcrumb\":{\"@id\":\"https:\/\/cgmap.org\/about\/advisory-board\/dr-melanie-obrien\/#breadcrumb\"},\"inLanguage\":\"bs-BA\",\"potentialAction\":[{\"@type\":\"ReadAction\",\"target\":[\"https:\/\/cgmap.org\/about\/advisory-board\/dr-melanie-obrien\/\"]}]},{\"@type\":\"BreadcrumbList\",\"@id\":\"https:\/\/cgmap.org\/about\/advisory-board\/dr-melanie-obrien\/#breadcrumb\",\"itemListElement\":[{\"@type\":\"ListItem\",\"position\":1,\"name\":\"Home\",\"item\":\"https:\/\/cgmap.org\/\"},{\"@type\":\"ListItem\",\"position\":2,\"name\":\"O nama\",\"item\":\"https:\/\/cgmap.org\/about\/\"},{\"@type\":\"ListItem\",\"position\":3,\"name\":\"Savjetodavni odbor\",\"item\":\"https:\/\/cgmap.org\/about\/advisory-board\/\"},{\"@type\":\"ListItem\",\"position\":4,\"name\":\"Dr Melanie O\u2019Brien\"}]}]}<\/script>\n<!-- \/ Yoast SEO plugin. -->","yoast_head_json":{"title":"Dr Melanie O\u2019Brien - cgmap.org","robots":{"index":"index","follow":"follow","max-snippet":"max-snippet:-1","max-image-preview":"max-image-preview:large","max-video-preview":"max-video-preview:-1"},"canonical":"https:\/\/cgmap.org\/about\/advisory-board\/dr-melanie-obrien\/","og_locale":"bs_BA","og_type":"article","og_title":"Dr Melanie O\u2019Brien - cgmap.org","og_description":"Dr Melanie O\u2019Brien je predava\u010dica me\u0111unarodnog prava na Univerzitetu Zapadne Australije i nagra\u0111ivana nastavnica me\u0111unarodnog humanitarnog prava, me\u0111unarodnog javnog prava i pravnih istra\u017eivanja. Njeno istra\u017eivanje ispituje vezu izme\u0111u ljudskih prava i procesa genocida, kao i seksualne i rodno zasnovane zlo\u010dine nad \u017eenama. Njezin rad na temu prisilnog braka citirao je Me\u0111unarodni krivi\u010dni sud, a ona [&hellip;]","og_url":"https:\/\/cgmap.org\/about\/advisory-board\/dr-melanie-obrien\/","og_site_name":"cgmap.org","article_modified_time":"2021-10-05T10:47:50+00:00","og_image":[{"width":2186,"height":1507,"url":"https:\/\/cgmap.org\/app\/uploads\/2021\/02\/Melanie.jpg","type":"image\/jpeg"}],"twitter_card":"summary_large_image","twitter_misc":{"Est. reading time":"1 minute"},"schema":{"@context":"https:\/\/schema.org","@graph":[{"@type":"WebSite","@id":"https:\/\/cgmap.org\/#website","url":"https:\/\/cgmap.org\/","name":"cgmap.org","description":"Koalicija za prevenciju genocida i masovnih zlo\u010dina na Zapadnom Balkanu","potentialAction":[{"@type":"SearchAction","target":{"@type":"EntryPoint","urlTemplate":"https:\/\/cgmap.org\/?s={search_term_string}"},"query-input":"required name=search_term_string"}],"inLanguage":"bs-BA"},{"@type":"ImageObject","@id":"https:\/\/cgmap.org\/about\/advisory-board\/dr-melanie-obrien\/#primaryimage","inLanguage":"bs-BA","url":"https:\/\/cgmap.org\/app\/uploads\/2021\/02\/Melanie.jpg","contentUrl":"https:\/\/cgmap.org\/app\/uploads\/2021\/02\/Melanie.jpg","width":2186,"height":1507,"caption":"Dr Melanie O\u2019Brien"},{"@type":"WebPage","@id":"https:\/\/cgmap.org\/about\/advisory-board\/dr-melanie-obrien\/#webpage","url":"https:\/\/cgmap.org\/about\/advisory-board\/dr-melanie-obrien\/","name":"Dr Melanie O\u2019Brien - cgmap.org","isPartOf":{"@id":"https:\/\/cgmap.org\/#website"},"primaryImageOfPage":{"@id":"https:\/\/cgmap.org\/about\/advisory-board\/dr-melanie-obrien\/#primaryimage"},"datePublished":"2021-03-16T09:34:51+00:00","dateModified":"2021-10-05T10:47:50+00:00","breadcrumb":{"@id":"https:\/\/cgmap.org\/about\/advisory-board\/dr-melanie-obrien\/#breadcrumb"},"inLanguage":"bs-BA","potentialAction":[{"@type":"ReadAction","target":["https:\/\/cgmap.org\/about\/advisory-board\/dr-melanie-obrien\/"]}]},{"@type":"BreadcrumbList","@id":"https:\/\/cgmap.org\/about\/advisory-board\/dr-melanie-obrien\/#breadcrumb","itemListElement":[{"@type":"ListItem","position":1,"name":"Home","item":"https:\/\/cgmap.org\/"},{"@type":"ListItem","position":2,"name":"O nama","item":"https:\/\/cgmap.org\/about\/"},{"@type":"ListItem","position":3,"name":"Savjetodavni odbor","item":"https:\/\/cgmap.org\/about\/advisory-board\/"},{"@type":"ListItem","position":4,"name":"Dr Melanie O\u2019Brien"}]}]}},"_links":{"self":[{"href":"https:\/\/cgmap.org\/bs\/wp-json\/wp\/v2\/pages\/1387"}],"collection":[{"href":"https:\/\/cgmap.org\/bs\/wp-json\/wp\/v2\/pages"}],"about":[{"href":"https:\/\/cgmap.org\/bs\/wp-json\/wp\/v2\/types\/page"}],"author":[{"embeddable":true,"href":"https:\/\/cgmap.org\/bs\/wp-json\/wp\/v2\/users\/2"}],"replies":[{"embeddable":true,"href":"https:\/\/cgmap.org\/bs\/wp-json\/wp\/v2\/comments?post=1387"}],"version-history":[{"count":5,"href":"https:\/\/cgmap.org\/bs\/wp-json\/wp\/v2\/pages\/1387\/revisions"}],"predecessor-version":[{"id":1434,"href":"https:\/\/cgmap.org\/bs\/wp-json\/wp\/v2\/pages\/1387\/revisions\/1434"}],"up":[{"embeddable":true,"href":"https:\/\/cgmap.org\/bs\/wp-json\/wp\/v2\/pages\/1379"}],"wp:featuredmedia":[{"embeddable":true,"href":"https:\/\/cgmap.org\/bs\/wp-json\/wp\/v2\/media\/1200"}],"wp:attachment":[{"href":"https:\/\/cgmap.org\/bs\/wp-json\/wp\/v2\/media?parent=1387"}],"curies":[{"name":"wp","href":"https:\/\/api.w.org\/{rel}","templated":true}]}}