{"id":1389,"date":"2021-03-16T10:36:37","date_gmt":"2021-03-16T09:36:37","guid":{"rendered":"https:\/\/cgmap.org\/?page_id=1389"},"modified":"2021-03-18T10:47:34","modified_gmt":"2021-03-18T09:47:34","slug":"david-simon","status":"publish","type":"page","link":"https:\/\/cgmap.org\/bs\/o-nama\/savjetodavni-odbor\/david-simon\/","title":{"rendered":"David Simon"},"content":{"rendered":"<p align=\"justify\"><span><span style=\"font-family: Times New Roman, serif;\"><span style=\"font-size: medium;\"><b>David Simon<\/b><\/span><\/span><span style=\"font-family: Times New Roman, serif;\"><span style=\"font-size: medium;\"> je direktor Programa za prou\u010davanje genocida na Univerzitetu Yale. Radi kao predava\u010d na Odsjeku za politi\u010dke nauke na Yaleu. Njegovo istra\u017eivanje usredoto\u010deno je na prevenciju masovnih zlo\u010dina i oporavak nakon zlo\u010dina. Radio je kao savjetnik u Uredu Ujedinjenih nacija za specijalnog savjetnika za prevenciju genocida. Doktorirao je politi\u010dke nauke na Univerzitetu Kalifornija u Los Angelesu. Kao direktor Programa studija genocida, vodio je razvoj projekta \u201eMasovna zlodjela u digitalnoj eri\u201c, ispituju\u0107i kako digitalna tehnologija utje\u010de na sve aspekte savremenih masovnih zlo\u010dina, uklju\u010duju\u0107i njihov po\u010detak, mogu\u0107nosti za prevenciju, dinamiku odgovornosti i obrasce memorijalizacije. Njegova najnovija publikacija je \u201cMasovno nasilje i pam\u0107enje u digitalno doba: Memorijalizacija bez upori\u0161ta\u201d (Palgrave-MacMillan 2020).<\/span><\/span><\/span><\/p>\n","protected":false},"excerpt":{"rendered":"<p>David Simon je direktor Programa za prou\u010davanje genocida na Univerzitetu Yale. Radi kao predava\u010d na Odsjeku za politi\u010dke nauke na Yaleu. Njegovo istra\u017eivanje usredoto\u010deno je na prevenciju masovnih zlo\u010dina i oporavak nakon zlo\u010dina. Radio je kao savjetnik u Uredu Ujedinjenih nacija za specijalnog savjetnika za prevenciju genocida. Doktorirao je politi\u010dke nauke na Univerzitetu Kalifornija u [&hellip;]<\/p>\n","protected":false},"author":2,"featured_media":1194,"parent":1379,"menu_order":5,"comment_status":"closed","ping_status":"closed","template":"","meta":{"_mi_skip_tracking":false},"yoast_head":"<!-- This site is optimized with the Yoast SEO plugin v18.5.1 - https:\/\/yoast.com\/wordpress\/plugins\/seo\/ -->\n<title>David Simon - cgmap.org<\/title>\n<meta name=\"robots\" content=\"index, follow, max-snippet:-1, max-image-preview:large, max-video-preview:-1\" \/>\n<link rel=\"canonical\" href=\"https:\/\/cgmap.org\/about\/advisory-board\/david-simon\/\" \/>\n<meta property=\"og:locale\" content=\"bs_BA\" \/>\n<meta property=\"og:type\" content=\"article\" \/>\n<meta property=\"og:title\" content=\"David Simon - cgmap.org\" \/>\n<meta property=\"og:description\" content=\"David Simon je direktor Programa za prou\u010davanje genocida na Univerzitetu Yale. Radi kao predava\u010d na Odsjeku za politi\u010dke nauke na Yaleu. Njegovo istra\u017eivanje usredoto\u010deno je na prevenciju masovnih zlo\u010dina i oporavak nakon zlo\u010dina. Radio je kao savjetnik u Uredu Ujedinjenih nacija za specijalnog savjetnika za prevenciju genocida. Doktorirao je politi\u010dke nauke na Univerzitetu Kalifornija u [&hellip;]\" \/>\n<meta property=\"og:url\" content=\"https:\/\/cgmap.org\/about\/advisory-board\/david-simon\/\" \/>\n<meta property=\"og:site_name\" content=\"cgmap.org\" \/>\n<meta property=\"article:modified_time\" content=\"2021-03-18T09:47:34+00:00\" \/>\n<meta property=\"og:image\" content=\"https:\/\/cgmap.org\/app\/uploads\/2021\/02\/David-Simon.jpg\" \/>\n\t<meta property=\"og:image:width\" content=\"1371\" \/>\n\t<meta property=\"og:image:height\" content=\"2007\" \/>\n\t<meta property=\"og:image:type\" content=\"image\/jpeg\" \/>\n<meta name=\"twitter:card\" content=\"summary_large_image\" \/>\n<meta name=\"twitter:label1\" content=\"Est. reading time\" \/>\n\t<meta name=\"twitter:data1\" content=\"1 minute\" \/>\n<script type=\"application\/ld+json\" class=\"yoast-schema-graph\">{\"@context\":\"https:\/\/schema.org\",\"@graph\":[{\"@type\":\"WebSite\",\"@id\":\"https:\/\/cgmap.org\/#website\",\"url\":\"https:\/\/cgmap.org\/\",\"name\":\"cgmap.org\",\"description\":\"Koalicija za prevenciju genocida i masovnih zlo\u010dina na Zapadnom Balkanu\",\"potentialAction\":[{\"@type\":\"SearchAction\",\"target\":{\"@type\":\"EntryPoint\",\"urlTemplate\":\"https:\/\/cgmap.org\/?s={search_term_string}\"},\"query-input\":\"required name=search_term_string\"}],\"inLanguage\":\"bs-BA\"},{\"@type\":\"ImageObject\",\"@id\":\"https:\/\/cgmap.org\/about\/advisory-board\/david-simon\/#primaryimage\",\"inLanguage\":\"bs-BA\",\"url\":\"https:\/\/cgmap.org\/app\/uploads\/2021\/02\/David-Simon.jpg\",\"contentUrl\":\"https:\/\/cgmap.org\/app\/uploads\/2021\/02\/David-Simon.jpg\",\"width\":1371,\"height\":2007,\"caption\":\"David Simon,\"},{\"@type\":\"WebPage\",\"@id\":\"https:\/\/cgmap.org\/about\/advisory-board\/david-simon\/#webpage\",\"url\":\"https:\/\/cgmap.org\/about\/advisory-board\/david-simon\/\",\"name\":\"David Simon - cgmap.org\",\"isPartOf\":{\"@id\":\"https:\/\/cgmap.org\/#website\"},\"primaryImageOfPage\":{\"@id\":\"https:\/\/cgmap.org\/about\/advisory-board\/david-simon\/#primaryimage\"},\"datePublished\":\"2021-03-16T09:36:37+00:00\",\"dateModified\":\"2021-03-18T09:47:34+00:00\",\"breadcrumb\":{\"@id\":\"https:\/\/cgmap.org\/about\/advisory-board\/david-simon\/#breadcrumb\"},\"inLanguage\":\"bs-BA\",\"potentialAction\":[{\"@type\":\"ReadAction\",\"target\":[\"https:\/\/cgmap.org\/about\/advisory-board\/david-simon\/\"]}]},{\"@type\":\"BreadcrumbList\",\"@id\":\"https:\/\/cgmap.org\/about\/advisory-board\/david-simon\/#breadcrumb\",\"itemListElement\":[{\"@type\":\"ListItem\",\"position\":1,\"name\":\"Home\",\"item\":\"https:\/\/cgmap.org\/\"},{\"@type\":\"ListItem\",\"position\":2,\"name\":\"O nama\",\"item\":\"https:\/\/cgmap.org\/about\/\"},{\"@type\":\"ListItem\",\"position\":3,\"name\":\"Savjetodavni odbor\",\"item\":\"https:\/\/cgmap.org\/about\/advisory-board\/\"},{\"@type\":\"ListItem\",\"position\":4,\"name\":\"David Simon\"}]}]}<\/script>\n<!-- \/ Yoast SEO plugin. -->","yoast_head_json":{"title":"David Simon - cgmap.org","robots":{"index":"index","follow":"follow","max-snippet":"max-snippet:-1","max-image-preview":"max-image-preview:large","max-video-preview":"max-video-preview:-1"},"canonical":"https:\/\/cgmap.org\/about\/advisory-board\/david-simon\/","og_locale":"bs_BA","og_type":"article","og_title":"David Simon - cgmap.org","og_description":"David Simon je direktor Programa za prou\u010davanje genocida na Univerzitetu Yale. Radi kao predava\u010d na Odsjeku za politi\u010dke nauke na Yaleu. Njegovo istra\u017eivanje usredoto\u010deno je na prevenciju masovnih zlo\u010dina i oporavak nakon zlo\u010dina. Radio je kao savjetnik u Uredu Ujedinjenih nacija za specijalnog savjetnika za prevenciju genocida. Doktorirao je politi\u010dke nauke na Univerzitetu Kalifornija u [&hellip;]","og_url":"https:\/\/cgmap.org\/about\/advisory-board\/david-simon\/","og_site_name":"cgmap.org","article_modified_time":"2021-03-18T09:47:34+00:00","og_image":[{"width":1371,"height":2007,"url":"https:\/\/cgmap.org\/app\/uploads\/2021\/02\/David-Simon.jpg","type":"image\/jpeg"}],"twitter_card":"summary_large_image","twitter_misc":{"Est. reading time":"1 minute"},"schema":{"@context":"https:\/\/schema.org","@graph":[{"@type":"WebSite","@id":"https:\/\/cgmap.org\/#website","url":"https:\/\/cgmap.org\/","name":"cgmap.org","description":"Koalicija za prevenciju genocida i masovnih zlo\u010dina na Zapadnom Balkanu","potentialAction":[{"@type":"SearchAction","target":{"@type":"EntryPoint","urlTemplate":"https:\/\/cgmap.org\/?s={search_term_string}"},"query-input":"required name=search_term_string"}],"inLanguage":"bs-BA"},{"@type":"ImageObject","@id":"https:\/\/cgmap.org\/about\/advisory-board\/david-simon\/#primaryimage","inLanguage":"bs-BA","url":"https:\/\/cgmap.org\/app\/uploads\/2021\/02\/David-Simon.jpg","contentUrl":"https:\/\/cgmap.org\/app\/uploads\/2021\/02\/David-Simon.jpg","width":1371,"height":2007,"caption":"David Simon,"},{"@type":"WebPage","@id":"https:\/\/cgmap.org\/about\/advisory-board\/david-simon\/#webpage","url":"https:\/\/cgmap.org\/about\/advisory-board\/david-simon\/","name":"David Simon - cgmap.org","isPartOf":{"@id":"https:\/\/cgmap.org\/#website"},"primaryImageOfPage":{"@id":"https:\/\/cgmap.org\/about\/advisory-board\/david-simon\/#primaryimage"},"datePublished":"2021-03-16T09:36:37+00:00","dateModified":"2021-03-18T09:47:34+00:00","breadcrumb":{"@id":"https:\/\/cgmap.org\/about\/advisory-board\/david-simon\/#breadcrumb"},"inLanguage":"bs-BA","potentialAction":[{"@type":"ReadAction","target":["https:\/\/cgmap.org\/about\/advisory-board\/david-simon\/"]}]},{"@type":"BreadcrumbList","@id":"https:\/\/cgmap.org\/about\/advisory-board\/david-simon\/#breadcrumb","itemListElement":[{"@type":"ListItem","position":1,"name":"Home","item":"https:\/\/cgmap.org\/"},{"@type":"ListItem","position":2,"name":"O nama","item":"https:\/\/cgmap.org\/about\/"},{"@type":"ListItem","position":3,"name":"Savjetodavni odbor","item":"https:\/\/cgmap.org\/about\/advisory-board\/"},{"@type":"ListItem","position":4,"name":"David Simon"}]}]}},"_links":{"self":[{"href":"https:\/\/cgmap.org\/bs\/wp-json\/wp\/v2\/pages\/1389"}],"collection":[{"href":"https:\/\/cgmap.org\/bs\/wp-json\/wp\/v2\/pages"}],"about":[{"href":"https:\/\/cgmap.org\/bs\/wp-json\/wp\/v2\/types\/page"}],"author":[{"embeddable":true,"href":"https:\/\/cgmap.org\/bs\/wp-json\/wp\/v2\/users\/2"}],"replies":[{"embeddable":true,"href":"https:\/\/cgmap.org\/bs\/wp-json\/wp\/v2\/comments?post=1389"}],"version-history":[{"count":2,"href":"https:\/\/cgmap.org\/bs\/wp-json\/wp\/v2\/pages\/1389\/revisions"}],"predecessor-version":[{"id":1416,"href":"https:\/\/cgmap.org\/bs\/wp-json\/wp\/v2\/pages\/1389\/revisions\/1416"}],"up":[{"embeddable":true,"href":"https:\/\/cgmap.org\/bs\/wp-json\/wp\/v2\/pages\/1379"}],"wp:featuredmedia":[{"embeddable":true,"href":"https:\/\/cgmap.org\/bs\/wp-json\/wp\/v2\/media\/1194"}],"wp:attachment":[{"href":"https:\/\/cgmap.org\/bs\/wp-json\/wp\/v2\/media?parent=1389"}],"curies":[{"name":"wp","href":"https:\/\/api.w.org\/{rel}","templated":true}]}}