{"id":1391,"date":"2021-03-16T10:37:49","date_gmt":"2021-03-16T09:37:49","guid":{"rendered":"https:\/\/cgmap.org\/?page_id=1391"},"modified":"2021-03-18T10:48:03","modified_gmt":"2021-03-18T09:48:03","slug":"richard-s-a-newell","status":"publish","type":"page","link":"https:\/\/cgmap.org\/bs\/o-nama\/savjetodavni-odbor\/richard-s-a-newell\/","title":{"rendered":"Richard S. A. Newell"},"content":{"rendered":"<p align=\"justify\"><span><span style=\"font-family: Times New Roman, serif;\"><span style=\"font-size: medium;\"><b>Richard S. A. Newell<\/b><\/span><\/span><span style=\"font-family: Times New Roman, serif;\"><span style=\"font-size: medium;\"> je suosniva\u010d Aegis fondacije udru\u017eenih studenata (sada STAND). Proveo je nekoliko godina rade\u0107i kao aktivist u Bosni i Hercegovini kao organizator edukativnih putovanja za Aegis studente. Sada \u017eivi u Sarajavu. Doktorski studij zavr\u0161ava na Univerzitetu u Grazu istra\u017eivaju\u0107i pitanja vezana za Drugi svjetski rat i sje\u0107anje na Holokaust.<\/span><\/span><\/span><\/p>\n","protected":false},"excerpt":{"rendered":"<p>Richard S. A. Newell je suosniva\u010d Aegis fondacije udru\u017eenih studenata (sada STAND). Proveo je nekoliko godina rade\u0107i kao aktivist u Bosni i Hercegovini kao organizator edukativnih putovanja za Aegis studente. Sada \u017eivi u Sarajavu. Doktorski studij zavr\u0161ava na Univerzitetu u Grazu istra\u017eivaju\u0107i pitanja vezana za Drugi svjetski rat i sje\u0107anje na Holokaust.<\/p>\n","protected":false},"author":2,"featured_media":1202,"parent":1379,"menu_order":6,"comment_status":"closed","ping_status":"closed","template":"","meta":{"_mi_skip_tracking":false},"yoast_head":"<!-- This site is optimized with the Yoast SEO plugin v18.5.1 - https:\/\/yoast.com\/wordpress\/plugins\/seo\/ -->\n<title>Richard S. A. Newell - cgmap.org<\/title>\n<meta name=\"robots\" content=\"index, follow, max-snippet:-1, max-image-preview:large, max-video-preview:-1\" \/>\n<link rel=\"canonical\" href=\"https:\/\/cgmap.org\/about\/advisory-board\/richard-s-a-newell\/\" \/>\n<meta property=\"og:locale\" content=\"bs_BA\" \/>\n<meta property=\"og:type\" content=\"article\" \/>\n<meta property=\"og:title\" content=\"Richard S. A. Newell - cgmap.org\" \/>\n<meta property=\"og:description\" content=\"Richard S. A. Newell je suosniva\u010d Aegis fondacije udru\u017eenih studenata (sada STAND). Proveo je nekoliko godina rade\u0107i kao aktivist u Bosni i Hercegovini kao organizator edukativnih putovanja za Aegis studente. Sada \u017eivi u Sarajavu. Doktorski studij zavr\u0161ava na Univerzitetu u Grazu istra\u017eivaju\u0107i pitanja vezana za Drugi svjetski rat i sje\u0107anje na Holokaust.\" \/>\n<meta property=\"og:url\" content=\"https:\/\/cgmap.org\/about\/advisory-board\/richard-s-a-newell\/\" \/>\n<meta property=\"og:site_name\" content=\"cgmap.org\" \/>\n<meta property=\"article:modified_time\" content=\"2021-03-18T09:48:03+00:00\" \/>\n<meta property=\"og:image\" content=\"https:\/\/cgmap.org\/app\/uploads\/2021\/02\/Richard-II.jpg\" \/>\n\t<meta property=\"og:image:width\" content=\"960\" \/>\n\t<meta property=\"og:image:height\" content=\"639\" \/>\n\t<meta property=\"og:image:type\" content=\"image\/jpeg\" \/>\n<meta name=\"twitter:card\" content=\"summary_large_image\" \/>\n<script type=\"application\/ld+json\" class=\"yoast-schema-graph\">{\"@context\":\"https:\/\/schema.org\",\"@graph\":[{\"@type\":\"WebSite\",\"@id\":\"https:\/\/cgmap.org\/#website\",\"url\":\"https:\/\/cgmap.org\/\",\"name\":\"cgmap.org\",\"description\":\"Koalicija za prevenciju genocida i masovnih zlo\u010dina na Zapadnom Balkanu\",\"potentialAction\":[{\"@type\":\"SearchAction\",\"target\":{\"@type\":\"EntryPoint\",\"urlTemplate\":\"https:\/\/cgmap.org\/?s={search_term_string}\"},\"query-input\":\"required name=search_term_string\"}],\"inLanguage\":\"bs-BA\"},{\"@type\":\"ImageObject\",\"@id\":\"https:\/\/cgmap.org\/about\/advisory-board\/richard-s-a-newell\/#primaryimage\",\"inLanguage\":\"bs-BA\",\"url\":\"https:\/\/cgmap.org\/app\/uploads\/2021\/02\/Richard-II.jpg\",\"contentUrl\":\"https:\/\/cgmap.org\/app\/uploads\/2021\/02\/Richard-II.jpg\",\"width\":960,\"height\":639,\"caption\":\"Richard S. A. Newell\"},{\"@type\":\"WebPage\",\"@id\":\"https:\/\/cgmap.org\/about\/advisory-board\/richard-s-a-newell\/#webpage\",\"url\":\"https:\/\/cgmap.org\/about\/advisory-board\/richard-s-a-newell\/\",\"name\":\"Richard S. A. Newell - cgmap.org\",\"isPartOf\":{\"@id\":\"https:\/\/cgmap.org\/#website\"},\"primaryImageOfPage\":{\"@id\":\"https:\/\/cgmap.org\/about\/advisory-board\/richard-s-a-newell\/#primaryimage\"},\"datePublished\":\"2021-03-16T09:37:49+00:00\",\"dateModified\":\"2021-03-18T09:48:03+00:00\",\"breadcrumb\":{\"@id\":\"https:\/\/cgmap.org\/about\/advisory-board\/richard-s-a-newell\/#breadcrumb\"},\"inLanguage\":\"bs-BA\",\"potentialAction\":[{\"@type\":\"ReadAction\",\"target\":[\"https:\/\/cgmap.org\/about\/advisory-board\/richard-s-a-newell\/\"]}]},{\"@type\":\"BreadcrumbList\",\"@id\":\"https:\/\/cgmap.org\/about\/advisory-board\/richard-s-a-newell\/#breadcrumb\",\"itemListElement\":[{\"@type\":\"ListItem\",\"position\":1,\"name\":\"Home\",\"item\":\"https:\/\/cgmap.org\/\"},{\"@type\":\"ListItem\",\"position\":2,\"name\":\"O nama\",\"item\":\"https:\/\/cgmap.org\/about\/\"},{\"@type\":\"ListItem\",\"position\":3,\"name\":\"Savjetodavni odbor\",\"item\":\"https:\/\/cgmap.org\/about\/advisory-board\/\"},{\"@type\":\"ListItem\",\"position\":4,\"name\":\"Richard S. A. Newell\"}]}]}<\/script>\n<!-- \/ Yoast SEO plugin. -->","yoast_head_json":{"title":"Richard S. A. Newell - cgmap.org","robots":{"index":"index","follow":"follow","max-snippet":"max-snippet:-1","max-image-preview":"max-image-preview:large","max-video-preview":"max-video-preview:-1"},"canonical":"https:\/\/cgmap.org\/about\/advisory-board\/richard-s-a-newell\/","og_locale":"bs_BA","og_type":"article","og_title":"Richard S. A. Newell - cgmap.org","og_description":"Richard S. A. Newell je suosniva\u010d Aegis fondacije udru\u017eenih studenata (sada STAND). Proveo je nekoliko godina rade\u0107i kao aktivist u Bosni i Hercegovini kao organizator edukativnih putovanja za Aegis studente. Sada \u017eivi u Sarajavu. Doktorski studij zavr\u0161ava na Univerzitetu u Grazu istra\u017eivaju\u0107i pitanja vezana za Drugi svjetski rat i sje\u0107anje na Holokaust.","og_url":"https:\/\/cgmap.org\/about\/advisory-board\/richard-s-a-newell\/","og_site_name":"cgmap.org","article_modified_time":"2021-03-18T09:48:03+00:00","og_image":[{"width":960,"height":639,"url":"https:\/\/cgmap.org\/app\/uploads\/2021\/02\/Richard-II.jpg","type":"image\/jpeg"}],"twitter_card":"summary_large_image","schema":{"@context":"https:\/\/schema.org","@graph":[{"@type":"WebSite","@id":"https:\/\/cgmap.org\/#website","url":"https:\/\/cgmap.org\/","name":"cgmap.org","description":"Koalicija za prevenciju genocida i masovnih zlo\u010dina na Zapadnom Balkanu","potentialAction":[{"@type":"SearchAction","target":{"@type":"EntryPoint","urlTemplate":"https:\/\/cgmap.org\/?s={search_term_string}"},"query-input":"required name=search_term_string"}],"inLanguage":"bs-BA"},{"@type":"ImageObject","@id":"https:\/\/cgmap.org\/about\/advisory-board\/richard-s-a-newell\/#primaryimage","inLanguage":"bs-BA","url":"https:\/\/cgmap.org\/app\/uploads\/2021\/02\/Richard-II.jpg","contentUrl":"https:\/\/cgmap.org\/app\/uploads\/2021\/02\/Richard-II.jpg","width":960,"height":639,"caption":"Richard S. A. Newell"},{"@type":"WebPage","@id":"https:\/\/cgmap.org\/about\/advisory-board\/richard-s-a-newell\/#webpage","url":"https:\/\/cgmap.org\/about\/advisory-board\/richard-s-a-newell\/","name":"Richard S. A. Newell - cgmap.org","isPartOf":{"@id":"https:\/\/cgmap.org\/#website"},"primaryImageOfPage":{"@id":"https:\/\/cgmap.org\/about\/advisory-board\/richard-s-a-newell\/#primaryimage"},"datePublished":"2021-03-16T09:37:49+00:00","dateModified":"2021-03-18T09:48:03+00:00","breadcrumb":{"@id":"https:\/\/cgmap.org\/about\/advisory-board\/richard-s-a-newell\/#breadcrumb"},"inLanguage":"bs-BA","potentialAction":[{"@type":"ReadAction","target":["https:\/\/cgmap.org\/about\/advisory-board\/richard-s-a-newell\/"]}]},{"@type":"BreadcrumbList","@id":"https:\/\/cgmap.org\/about\/advisory-board\/richard-s-a-newell\/#breadcrumb","itemListElement":[{"@type":"ListItem","position":1,"name":"Home","item":"https:\/\/cgmap.org\/"},{"@type":"ListItem","position":2,"name":"O nama","item":"https:\/\/cgmap.org\/about\/"},{"@type":"ListItem","position":3,"name":"Savjetodavni odbor","item":"https:\/\/cgmap.org\/about\/advisory-board\/"},{"@type":"ListItem","position":4,"name":"Richard S. A. Newell"}]}]}},"_links":{"self":[{"href":"https:\/\/cgmap.org\/bs\/wp-json\/wp\/v2\/pages\/1391"}],"collection":[{"href":"https:\/\/cgmap.org\/bs\/wp-json\/wp\/v2\/pages"}],"about":[{"href":"https:\/\/cgmap.org\/bs\/wp-json\/wp\/v2\/types\/page"}],"author":[{"embeddable":true,"href":"https:\/\/cgmap.org\/bs\/wp-json\/wp\/v2\/users\/2"}],"replies":[{"embeddable":true,"href":"https:\/\/cgmap.org\/bs\/wp-json\/wp\/v2\/comments?post=1391"}],"version-history":[{"count":2,"href":"https:\/\/cgmap.org\/bs\/wp-json\/wp\/v2\/pages\/1391\/revisions"}],"predecessor-version":[{"id":1417,"href":"https:\/\/cgmap.org\/bs\/wp-json\/wp\/v2\/pages\/1391\/revisions\/1417"}],"up":[{"embeddable":true,"href":"https:\/\/cgmap.org\/bs\/wp-json\/wp\/v2\/pages\/1379"}],"wp:featuredmedia":[{"embeddable":true,"href":"https:\/\/cgmap.org\/bs\/wp-json\/wp\/v2\/media\/1202"}],"wp:attachment":[{"href":"https:\/\/cgmap.org\/bs\/wp-json\/wp\/v2\/media?parent=1391"}],"curies":[{"name":"wp","href":"https:\/\/api.w.org\/{rel}","templated":true}]}}