{"id":1534,"date":"2022-04-12T13:14:42","date_gmt":"2022-04-12T11:14:42","guid":{"rendered":"https:\/\/cgmap.org\/?page_id=1534"},"modified":"2022-04-15T14:17:57","modified_gmt":"2022-04-15T12:17:57","slug":"ratni-zlocini-u-centralnoj-bosni-kroz-krivicne-presude","status":"publish","type":"page","link":"https:\/\/cgmap.org\/bs\/projekti\/ratni-zlocini-u-centralnoj-bosni-kroz-krivicne-presude\/","title":{"rendered":"Ratni zlo\u010dini u Centralnoj Bosni kroz presude krivi\u010dnih sudova"},"content":{"rendered":"\t\t<div data-elementor-type=\"wp-page\" data-elementor-id=\"1534\" class=\"elementor elementor-1534 elementor-1520\">\n\t\t\t\t\t\t<div class=\"elementor-inner\">\n\t\t\t\t<div class=\"elementor-section-wrap\">\n\t\t\t\t\t\t\t\t\t<section class=\"elementor-section elementor-top-section elementor-element elementor-element-f7d36e3 elementor-section-height-min-height elementor-section-boxed elementor-section-height-default elementor-section-items-middle\" data-id=\"f7d36e3\" data-element_type=\"section\" data-settings=\"{&quot;background_background&quot;:&quot;classic&quot;,&quot;shape_divider_bottom&quot;:&quot;tilt&quot;}\">\n\t\t\t\t\t\t\t<div class=\"elementor-background-overlay\"><\/div>\n\t\t\t\t\t\t<div class=\"elementor-shape elementor-shape-bottom\" data-negative=\"false\">\n\t\t\t<svg xmlns=\"http:\/\/www.w3.org\/2000\/svg\" viewBox=\"0 0 1000 100\" preserveAspectRatio=\"none\">\n\t<path class=\"elementor-shape-fill\" d=\"M0,6V0h1000v100L0,6z\"\/>\n<\/svg>\t\t<\/div>\n\t\t\t\t\t<div class=\"elementor-container elementor-column-gap-default\">\n\t\t\t\t\t\t\t<div class=\"elementor-row\">\n\t\t\t\t\t<div class=\"elementor-column elementor-col-100 elementor-top-column elementor-element elementor-element-36b22c4\" data-id=\"36b22c4\" data-element_type=\"column\">\n\t\t\t<div class=\"elementor-column-wrap elementor-element-populated\">\n\t\t\t\t\t\t\t<div class=\"elementor-widget-wrap\">\n\t\t\t\t\t\t\t\t<\/div>\n\t\t\t\t\t<\/div>\n\t\t<\/div>\n\t\t\t\t\t\t\t\t<\/div>\n\t\t\t\t\t<\/div>\n\t\t<\/section>\n\t\t\t\t<section class=\"elementor-section elementor-top-section elementor-element elementor-element-ce4eb68 elementor-section-boxed elementor-section-height-default elementor-section-height-default\" data-id=\"ce4eb68\" data-element_type=\"section\">\n\t\t\t\t\t\t<div class=\"elementor-container elementor-column-gap-default\">\n\t\t\t\t\t\t\t<div class=\"elementor-row\">\n\t\t\t\t\t<div class=\"elementor-column elementor-col-100 elementor-top-column elementor-element elementor-element-5f84ab1\" data-id=\"5f84ab1\" data-element_type=\"column\">\n\t\t\t<div class=\"elementor-column-wrap elementor-element-populated\">\n\t\t\t\t\t\t\t<div class=\"elementor-widget-wrap\">\n\t\t\t\t\t\t<div class=\"elementor-element elementor-element-c40dfea elementor-widget elementor-widget-text-editor\" data-id=\"c40dfea\" data-element_type=\"widget\" data-widget_type=\"text-editor.default\">\n\t\t\t\t<div class=\"elementor-widget-container\">\n\t\t\t\t\t\t\t\t<div class=\"elementor-text-editor elementor-clearfix\">\n\t\t\t\t<p>Teritorija <strong>Srednje Bosne<\/strong> najve\u0107im dijelom pripada Srednjobosanskom kantonu, jednom od deset kantona Federacije Bosne i Hercegovine, odnosno administrativnih jedinica. Srednjobosanski kanton sastoji se od ukupno 12 op\u0107ina, na sjeveru i sjeverozapadu grani\u010di s Republikom Srpskom (RS), na istoku sa Zeni\u010dko-dobojskim, na jugoistoku sa Sarajevskim, na jugu Hercegova\u010dko-neretvanskim kantonom i na zapadu Kantonom 10. Povr\u0161ina Srednjobosanskog kantona je 3.189 kvadratnih metara, a prema popisu iz 2013. godine ima 254.686 stanovnika.<\/p><p>U periodu 1992-1995 na podru\u010dju Srednje Bosne vo\u0111ena su borbena dejstva razli\u010ditog intenziteta, ali sa stanovni\u0161tva odbrambenih snaga najintenzivniji period je bio 1993. godine, kada su se vodili <strong>najkrvaviji sukobi izme\u0111u nekada\u0161njih saveznika \u2013 Hrvatskog vije\u0107a obrane (HVO) i Armije Republike Bosne i Hercegovine (AR BiH)<\/strong>. Svaka od op\u0107ina u Srednjobosanskom kantonu je bila posebno rati\u0161te do kraja 1993. godine, kada je to podru\u010dje postalo jedinstveno jer je AR BiH bila na jednoj, a HVO i srpske snage na drugoj strani nastoje\u0107i ostvariti separatisti\u010dke ciljeve uz upotrebu svih raspolo\u017eivih sredstava i vojnih snaga. Zlo\u010dini protiv civila redovno su se \u010dinili pred o\u010dima mirovnih snaga, me\u0111unarodnih medija ali i cijelog svijeta.<\/p><p><strong>Najkrvavije zlo\u010dine<\/strong> po\u010dinjene u Srednjoj Bosni su prijavili pripadnici mirovnih snaga a zatim istra\u017eivali me\u0111unarodni istra\u017eioci, \u0161to je rezultiralo podizanjem optu\u017enica ve\u0107 u <strong>prvim godinama nakon osnivanja Tu\u017eila\u0161tva Me\u0111unarodnog krivi\u010dnog suda za biv\u0161u Jugoslaviju (MKSJ)<\/strong>. Obzirom na obimnost jo\u0161 uvijek su neki od zlo\u010dina predmet istraga pred doma\u0107im pravosu\u0111em u Bosni i Hercegovini.<\/p><p>Me\u0111unarodni krivi\u010dni sud za biv\u0161u Jugoslaviju (MKSJ) i Sud Bosne i Hercegovine (Sud BiH) za zlo\u010dine u Srednjoj Bosni osudili su <strong>21 osobu na ukupno 291 godinu zatvora<\/strong>, a \u0161to uklju\u010duje <strong>presude za visoko vojno i politi\u010dko rukovodstvo tada\u0161nje samoprogla\u0161ene tzv. Hrvatske zajednice Herceg Bosne<\/strong>. MKSJ je osudio <strong>15 osoba na ukupno 230 godina zatvora<\/strong>, a Sud BiH <strong>\u0161est osoba na 61 godinu zatvora<\/strong>.<\/p>\t\t\t\t\t<\/div>\n\t\t\t\t\t\t<\/div>\n\t\t\t\t<\/div>\n\t\t\t\t\t\t<\/div>\n\t\t\t\t\t<\/div>\n\t\t<\/div>\n\t\t\t\t\t\t\t\t<\/div>\n\t\t\t\t\t<\/div>\n\t\t<\/section>\n\t\t\t\t<section class=\"elementor-section elementor-top-section elementor-element elementor-element-cbd9197 elementor-section-boxed elementor-section-height-default elementor-section-height-default\" data-id=\"cbd9197\" data-element_type=\"section\">\n\t\t\t\t\t\t<div class=\"elementor-container elementor-column-gap-default\">\n\t\t\t\t\t\t\t<div class=\"elementor-row\">\n\t\t\t\t\t<div class=\"elementor-column elementor-col-100 elementor-top-column elementor-element elementor-element-708284b\" data-id=\"708284b\" data-element_type=\"column\">\n\t\t\t<div class=\"elementor-column-wrap elementor-element-populated\">\n\t\t\t\t\t\t\t<div class=\"elementor-widget-wrap\">\n\t\t\t\t\t\t<div class=\"elementor-element elementor-element-a00c5e3 elementor-cta--skin-classic elementor-animated-content elementor-bg-transform elementor-bg-transform-zoom-in elementor-widget elementor-widget-call-to-action\" data-id=\"a00c5e3\" data-element_type=\"widget\" data-widget_type=\"call-to-action.default\">\n\t\t\t\t<div class=\"elementor-widget-container\">\n\t\t\t\t\t<div class=\"elementor-cta\">\n\t\t\t\t\t<div class=\"elementor-cta__bg-wrapper\">\n\t\t\t\t<div class=\"elementor-cta__bg elementor-bg\" style=\"background-image: url(https:\/\/cgmap.org\/app\/uploads\/2022\/04\/03_04_01_93_Ahmici_Bosnia_05-022-2-1024x692.jpg);\"><\/div>\n\t\t\t\t<div class=\"elementor-cta__bg-overlay\"><\/div>\n\t\t\t<\/div>\n\t\t\t\t\t\t\t<div class=\"elementor-cta__content\">\n\t\t\t\t\n\t\t\t\t<h2 class=\"elementor-cta__title elementor-cta__content-item elementor-content-item\">Ratni zlo\u010dini u Srednjoj Bosni<\/h2>\n\t\t\t\t\t\t\t\t\t<div class=\"elementor-cta__description elementor-cta__content-item elementor-content-item\">\n\t\t\t\t\t\tkroz presude krivi\u010dnih sudova\t\t\t\t\t<\/div>\n\t\t\t\t\n\t\t\t\t\t\t\t\t\t<div class=\"elementor-cta__button-wrapper elementor-cta__content-item elementor-content-item \">\n\t\t\t\t\t<a class=\"elementor-cta__button elementor-button elementor-size-sm\" href=\"https:\/\/cgmap.org\/app\/uploads\/2022\/04\/Central-Bosnia-findings.pdf\">\n\t\t\t\t\t\tNalazi projekta\t\t\t\t\t<\/a>\n\t\t\t\t\t<\/div>\n\t\t\t\t\t\t\t<\/div>\n\t\t\t\t\t\t<\/div>\n\t\t\t\t<\/div>\n\t\t\t\t<\/div>\n\t\t\t\t\t\t<\/div>\n\t\t\t\t\t<\/div>\n\t\t<\/div>\n\t\t\t\t\t\t\t\t<\/div>\n\t\t\t\t\t<\/div>\n\t\t<\/section>\n\t\t\t\t\t\t\t\t\t<\/div>\n\t\t\t<\/div>\n\t\t\t\t\t<\/div>\n\t\t","protected":false},"excerpt":{"rendered":"<p>Teritorija Srednje Bosne najve\u0107im dijelom pripada Srednjobosanskom kantonu, jednom od deset kantona Federacije Bosne i Hercegovine, odnosno administrativnih jedinica. Srednjobosanski kanton sastoji se od ukupno 12 op\u0107ina, na sjeveru i sjeverozapadu grani\u010di s Republikom Srpskom (RS), na istoku sa Zeni\u010dko-dobojskim, na jugoistoku sa Sarajevskim, na jugu Hercegova\u010dko-neretvanskim kantonom i na zapadu Kantonom 10. Povr\u0161ina Srednjobosanskog [&hellip;]<\/p>\n","protected":false},"author":1,"featured_media":1594,"parent":597,"menu_order":1,"comment_status":"closed","ping_status":"closed","template":"elementor_header_footer","meta":{"_mi_skip_tracking":false},"yoast_head":"<!-- This site is optimized with the Yoast SEO plugin v18.5.1 - https:\/\/yoast.com\/wordpress\/plugins\/seo\/ -->\n<title>Ratni zlo\u010dini u Centralnoj Bosni kroz presude krivi\u010dnih sudova - cgmap.org<\/title>\n<meta name=\"robots\" content=\"index, follow, max-snippet:-1, max-image-preview:large, max-video-preview:-1\" \/>\n<link rel=\"canonical\" href=\"https:\/\/cgmap.org\/bs\/projekti\/ratni-zlocini-u-centralnoj-bosni-kroz-krivicne-presude\/\" \/>\n<meta property=\"og:locale\" content=\"bs_BA\" \/>\n<meta property=\"og:type\" content=\"article\" \/>\n<meta property=\"og:title\" content=\"Ratni zlo\u010dini u Centralnoj Bosni kroz presude krivi\u010dnih sudova - cgmap.org\" \/>\n<meta property=\"og:description\" content=\"Teritorija Srednje Bosne najve\u0107im dijelom pripada Srednjobosanskom kantonu, jednom od deset kantona Federacije Bosne i Hercegovine, odnosno administrativnih jedinica. Srednjobosanski kanton sastoji se od ukupno 12 op\u0107ina, na sjeveru i sjeverozapadu grani\u010di s Republikom Srpskom (RS), na istoku sa Zeni\u010dko-dobojskim, na jugoistoku sa Sarajevskim, na jugu Hercegova\u010dko-neretvanskim kantonom i na zapadu Kantonom 10. Povr\u0161ina Srednjobosanskog [&hellip;]\" \/>\n<meta property=\"og:url\" content=\"https:\/\/cgmap.org\/bs\/projekti\/ratni-zlocini-u-centralnoj-bosni-kroz-krivicne-presude\/\" \/>\n<meta property=\"og:site_name\" content=\"cgmap.org\" \/>\n<meta property=\"article:modified_time\" content=\"2022-04-15T12:17:57+00:00\" \/>\n<meta property=\"og:image\" content=\"https:\/\/cgmap.org\/app\/uploads\/2022\/04\/03_04_01_93_Ahmici_Bosnia_05-022-2.jpg\" \/>\n\t<meta property=\"og:image:width\" content=\"1600\" \/>\n\t<meta property=\"og:image:height\" content=\"1082\" \/>\n\t<meta property=\"og:image:type\" content=\"image\/jpeg\" \/>\n<meta name=\"twitter:card\" content=\"summary_large_image\" \/>\n<meta name=\"twitter:label1\" content=\"Est. reading time\" \/>\n\t<meta name=\"twitter:data1\" content=\"2 minutes\" \/>\n<script type=\"application\/ld+json\" class=\"yoast-schema-graph\">{\"@context\":\"https:\/\/schema.org\",\"@graph\":[{\"@type\":\"WebSite\",\"@id\":\"https:\/\/cgmap.org\/#website\",\"url\":\"https:\/\/cgmap.org\/\",\"name\":\"cgmap.org\",\"description\":\"Koalicija za prevenciju genocida i masovnih zlo\u010dina na Zapadnom Balkanu\",\"potentialAction\":[{\"@type\":\"SearchAction\",\"target\":{\"@type\":\"EntryPoint\",\"urlTemplate\":\"https:\/\/cgmap.org\/?s={search_term_string}\"},\"query-input\":\"required name=search_term_string\"}],\"inLanguage\":\"bs-BA\"},{\"@type\":\"ImageObject\",\"@id\":\"https:\/\/cgmap.org\/bs\/projekti\/ratni-zlocini-u-centralnoj-bosni-kroz-krivicne-presude\/#primaryimage\",\"inLanguage\":\"bs-BA\",\"url\":\"https:\/\/cgmap.org\/app\/uploads\/2022\/04\/03_04_01_93_Ahmici_Bosnia_05-022-2.jpg\",\"contentUrl\":\"https:\/\/cgmap.org\/app\/uploads\/2022\/04\/03_04_01_93_Ahmici_Bosnia_05-022-2.jpg\",\"width\":1600,\"height\":1082,\"caption\":\"Ahmici Massacre Bosnia 16th April 1993 For further information please contact : Giles Penfound 07584350021 E: gilespenfound@outlook.com\"},{\"@type\":\"WebPage\",\"@id\":\"https:\/\/cgmap.org\/bs\/projekti\/ratni-zlocini-u-centralnoj-bosni-kroz-krivicne-presude\/#webpage\",\"url\":\"https:\/\/cgmap.org\/bs\/projekti\/ratni-zlocini-u-centralnoj-bosni-kroz-krivicne-presude\/\",\"name\":\"Ratni zlo\u010dini u Centralnoj Bosni kroz presude krivi\u010dnih sudova - cgmap.org\",\"isPartOf\":{\"@id\":\"https:\/\/cgmap.org\/#website\"},\"primaryImageOfPage\":{\"@id\":\"https:\/\/cgmap.org\/bs\/projekti\/ratni-zlocini-u-centralnoj-bosni-kroz-krivicne-presude\/#primaryimage\"},\"datePublished\":\"2022-04-12T11:14:42+00:00\",\"dateModified\":\"2022-04-15T12:17:57+00:00\",\"breadcrumb\":{\"@id\":\"https:\/\/cgmap.org\/bs\/projekti\/ratni-zlocini-u-centralnoj-bosni-kroz-krivicne-presude\/#breadcrumb\"},\"inLanguage\":\"bs-BA\",\"potentialAction\":[{\"@type\":\"ReadAction\",\"target\":[\"https:\/\/cgmap.org\/bs\/projekti\/ratni-zlocini-u-centralnoj-bosni-kroz-krivicne-presude\/\"]}]},{\"@type\":\"BreadcrumbList\",\"@id\":\"https:\/\/cgmap.org\/bs\/projekti\/ratni-zlocini-u-centralnoj-bosni-kroz-krivicne-presude\/#breadcrumb\",\"itemListElement\":[{\"@type\":\"ListItem\",\"position\":1,\"name\":\"Home\",\"item\":\"https:\/\/cgmap.org\/\"},{\"@type\":\"ListItem\",\"position\":2,\"name\":\"Projekti\",\"item\":\"https:\/\/cgmap.org\/bs\/projekti\/\"},{\"@type\":\"ListItem\",\"position\":3,\"name\":\"Ratni zlo\u010dini u Centralnoj Bosni kroz presude krivi\u010dnih sudova\"}]}]}<\/script>\n<!-- \/ Yoast SEO plugin. -->","yoast_head_json":{"title":"Ratni zlo\u010dini u Centralnoj Bosni kroz presude krivi\u010dnih sudova - cgmap.org","robots":{"index":"index","follow":"follow","max-snippet":"max-snippet:-1","max-image-preview":"max-image-preview:large","max-video-preview":"max-video-preview:-1"},"canonical":"https:\/\/cgmap.org\/bs\/projekti\/ratni-zlocini-u-centralnoj-bosni-kroz-krivicne-presude\/","og_locale":"bs_BA","og_type":"article","og_title":"Ratni zlo\u010dini u Centralnoj Bosni kroz presude krivi\u010dnih sudova - cgmap.org","og_description":"Teritorija Srednje Bosne najve\u0107im dijelom pripada Srednjobosanskom kantonu, jednom od deset kantona Federacije Bosne i Hercegovine, odnosno administrativnih jedinica. Srednjobosanski kanton sastoji se od ukupno 12 op\u0107ina, na sjeveru i sjeverozapadu grani\u010di s Republikom Srpskom (RS), na istoku sa Zeni\u010dko-dobojskim, na jugoistoku sa Sarajevskim, na jugu Hercegova\u010dko-neretvanskim kantonom i na zapadu Kantonom 10. Povr\u0161ina Srednjobosanskog [&hellip;]","og_url":"https:\/\/cgmap.org\/bs\/projekti\/ratni-zlocini-u-centralnoj-bosni-kroz-krivicne-presude\/","og_site_name":"cgmap.org","article_modified_time":"2022-04-15T12:17:57+00:00","og_image":[{"width":1600,"height":1082,"url":"https:\/\/cgmap.org\/app\/uploads\/2022\/04\/03_04_01_93_Ahmici_Bosnia_05-022-2.jpg","type":"image\/jpeg"}],"twitter_card":"summary_large_image","twitter_misc":{"Est. reading time":"2 minutes"},"schema":{"@context":"https:\/\/schema.org","@graph":[{"@type":"WebSite","@id":"https:\/\/cgmap.org\/#website","url":"https:\/\/cgmap.org\/","name":"cgmap.org","description":"Koalicija za prevenciju genocida i masovnih zlo\u010dina na Zapadnom Balkanu","potentialAction":[{"@type":"SearchAction","target":{"@type":"EntryPoint","urlTemplate":"https:\/\/cgmap.org\/?s={search_term_string}"},"query-input":"required name=search_term_string"}],"inLanguage":"bs-BA"},{"@type":"ImageObject","@id":"https:\/\/cgmap.org\/bs\/projekti\/ratni-zlocini-u-centralnoj-bosni-kroz-krivicne-presude\/#primaryimage","inLanguage":"bs-BA","url":"https:\/\/cgmap.org\/app\/uploads\/2022\/04\/03_04_01_93_Ahmici_Bosnia_05-022-2.jpg","contentUrl":"https:\/\/cgmap.org\/app\/uploads\/2022\/04\/03_04_01_93_Ahmici_Bosnia_05-022-2.jpg","width":1600,"height":1082,"caption":"Ahmici Massacre Bosnia 16th April 1993 For further information please contact : Giles Penfound 07584350021 E: gilespenfound@outlook.com"},{"@type":"WebPage","@id":"https:\/\/cgmap.org\/bs\/projekti\/ratni-zlocini-u-centralnoj-bosni-kroz-krivicne-presude\/#webpage","url":"https:\/\/cgmap.org\/bs\/projekti\/ratni-zlocini-u-centralnoj-bosni-kroz-krivicne-presude\/","name":"Ratni zlo\u010dini u Centralnoj Bosni kroz presude krivi\u010dnih sudova - cgmap.org","isPartOf":{"@id":"https:\/\/cgmap.org\/#website"},"primaryImageOfPage":{"@id":"https:\/\/cgmap.org\/bs\/projekti\/ratni-zlocini-u-centralnoj-bosni-kroz-krivicne-presude\/#primaryimage"},"datePublished":"2022-04-12T11:14:42+00:00","dateModified":"2022-04-15T12:17:57+00:00","breadcrumb":{"@id":"https:\/\/cgmap.org\/bs\/projekti\/ratni-zlocini-u-centralnoj-bosni-kroz-krivicne-presude\/#breadcrumb"},"inLanguage":"bs-BA","potentialAction":[{"@type":"ReadAction","target":["https:\/\/cgmap.org\/bs\/projekti\/ratni-zlocini-u-centralnoj-bosni-kroz-krivicne-presude\/"]}]},{"@type":"BreadcrumbList","@id":"https:\/\/cgmap.org\/bs\/projekti\/ratni-zlocini-u-centralnoj-bosni-kroz-krivicne-presude\/#breadcrumb","itemListElement":[{"@type":"ListItem","position":1,"name":"Home","item":"https:\/\/cgmap.org\/"},{"@type":"ListItem","position":2,"name":"Projekti","item":"https:\/\/cgmap.org\/bs\/projekti\/"},{"@type":"ListItem","position":3,"name":"Ratni zlo\u010dini u Centralnoj Bosni kroz presude krivi\u010dnih sudova"}]}]}},"_links":{"self":[{"href":"https:\/\/cgmap.org\/bs\/wp-json\/wp\/v2\/pages\/1534"}],"collection":[{"href":"https:\/\/cgmap.org\/bs\/wp-json\/wp\/v2\/pages"}],"about":[{"href":"https:\/\/cgmap.org\/bs\/wp-json\/wp\/v2\/types\/page"}],"author":[{"embeddable":true,"href":"https:\/\/cgmap.org\/bs\/wp-json\/wp\/v2\/users\/1"}],"replies":[{"embeddable":true,"href":"https:\/\/cgmap.org\/bs\/wp-json\/wp\/v2\/comments?post=1534"}],"version-history":[{"count":8,"href":"https:\/\/cgmap.org\/bs\/wp-json\/wp\/v2\/pages\/1534\/revisions"}],"predecessor-version":[{"id":1637,"href":"https:\/\/cgmap.org\/bs\/wp-json\/wp\/v2\/pages\/1534\/revisions\/1637"}],"up":[{"embeddable":true,"href":"https:\/\/cgmap.org\/bs\/wp-json\/wp\/v2\/pages\/597"}],"wp:featuredmedia":[{"embeddable":true,"href":"https:\/\/cgmap.org\/bs\/wp-json\/wp\/v2\/media\/1594"}],"wp:attachment":[{"href":"https:\/\/cgmap.org\/bs\/wp-json\/wp\/v2\/media?parent=1534"}],"curies":[{"name":"wp","href":"https:\/\/api.w.org\/{rel}","templated":true}]}}