{"id":1536,"date":"2022-04-12T13:14:58","date_gmt":"2022-04-12T11:14:58","guid":{"rendered":"https:\/\/cgmap.org\/?page_id=1536"},"modified":"2022-04-15T14:06:01","modified_gmt":"2022-04-15T12:06:01","slug":"ratni-zlocini-u-prijedoru-kroz-krivicne-presude","status":"publish","type":"page","link":"https:\/\/cgmap.org\/bs\/projekti\/ratni-zlocini-u-prijedoru-kroz-krivicne-presude\/","title":{"rendered":"Ratni zlo\u010dini u Prijedoru kroz presude krivi\u010dnih sudova"},"content":{"rendered":"\t\t<div data-elementor-type=\"wp-page\" data-elementor-id=\"1536\" class=\"elementor elementor-1536 elementor-1518\">\n\t\t\t\t\t\t<div class=\"elementor-inner\">\n\t\t\t\t<div class=\"elementor-section-wrap\">\n\t\t\t\t\t\t\t\t\t<section class=\"elementor-section elementor-top-section elementor-element elementor-element-6199614 elementor-section-height-min-height elementor-section-boxed elementor-section-height-default elementor-section-items-middle\" data-id=\"6199614\" data-element_type=\"section\" data-settings=\"{&quot;background_background&quot;:&quot;classic&quot;,&quot;shape_divider_bottom&quot;:&quot;tilt&quot;}\">\n\t\t\t\t\t\t\t<div class=\"elementor-background-overlay\"><\/div>\n\t\t\t\t\t\t<div class=\"elementor-shape elementor-shape-bottom\" data-negative=\"false\">\n\t\t\t<svg xmlns=\"http:\/\/www.w3.org\/2000\/svg\" viewBox=\"0 0 1000 100\" preserveAspectRatio=\"none\">\n\t<path class=\"elementor-shape-fill\" d=\"M0,6V0h1000v100L0,6z\"\/>\n<\/svg>\t\t<\/div>\n\t\t\t\t\t<div class=\"elementor-container elementor-column-gap-default\">\n\t\t\t\t\t\t\t<div class=\"elementor-row\">\n\t\t\t\t\t<div class=\"elementor-column elementor-col-100 elementor-top-column elementor-element elementor-element-09b4d11\" data-id=\"09b4d11\" data-element_type=\"column\">\n\t\t\t<div class=\"elementor-column-wrap elementor-element-populated\">\n\t\t\t\t\t\t\t<div class=\"elementor-widget-wrap\">\n\t\t\t\t\t\t\t\t<\/div>\n\t\t\t\t\t<\/div>\n\t\t<\/div>\n\t\t\t\t\t\t\t\t<\/div>\n\t\t\t\t\t<\/div>\n\t\t<\/section>\n\t\t\t\t<section class=\"elementor-section elementor-top-section elementor-element elementor-element-4b1a6b6 elementor-section-boxed elementor-section-height-default elementor-section-height-default\" data-id=\"4b1a6b6\" data-element_type=\"section\">\n\t\t\t\t\t\t<div class=\"elementor-container elementor-column-gap-default\">\n\t\t\t\t\t\t\t<div class=\"elementor-row\">\n\t\t\t\t\t<div class=\"elementor-column elementor-col-100 elementor-top-column elementor-element elementor-element-d9aad60\" data-id=\"d9aad60\" data-element_type=\"column\">\n\t\t\t<div class=\"elementor-column-wrap elementor-element-populated\">\n\t\t\t\t\t\t\t<div class=\"elementor-widget-wrap\">\n\t\t\t\t\t\t<div class=\"elementor-element elementor-element-2a311b7 elementor-widget elementor-widget-text-editor\" data-id=\"2a311b7\" data-element_type=\"widget\" data-widget_type=\"text-editor.default\">\n\t\t\t\t<div class=\"elementor-widget-container\">\n\t\t\t\t\t\t\t\t<div class=\"elementor-text-editor elementor-clearfix\">\n\t\t\t\t<p><strong>Prijedor<\/strong> je grad u sjeverozapadnom dijelu Bosne i Hercegovine. Snage bosanskih Srba su 30. aprila 1992. godine preuzele kontrolu nod ovom op\u0107inom i smijenile nesrbe, bosanske Hrvate i Muslimane so funkcija vlasti. Prijedor je postao lokacija nekih od najstra\u0161nijih ratnih zlo\u010dina.<\/p><p>\u017divot nesrpskih civila u Prijedoru okupirao je strah i sve ve\u0107a napetost. Prema Izvje\u0161taju Vije\u0107a sigurnosti Ujedinjenih naroda br. S\/1994\/674, nesrpsko stanovni\u0161tvo je dobilo uputstva do nose bijele trake na nadlakticama kada izlaze iz ku\u0107e radi identifikacije. Nakon preuzimanja vlasti u Prijedoru, snage bosanskih Srba su uspostavile koncentracione logore, uklju\u010duju\u0107i i logore Omarska, Keraterm i Trnopolje.<\/p><p>Istrage i izvje\u0161taji o ratnim zlo\u010dinima u Priiedoru su tokom 1992. godine izazvali val me\u0111unarodne ogor\u010denosti, koji je katalizirao stvaranjem Me\u0111unarodnog krivi\u010dnog suda za biv\u0161u Jugoslaviiu (MKSJ). MKSJ i Sud Bosne i Hercegovine su osudili vi\u0161e od 40 osoba na vi\u0161e od 600 godina zatvora za ratne zlo\u010dine po\u010dinjene u Prijedoru. MKSJ je donio <strong>21 presudu<\/strong> koja se odnosi na ratne zlo\u010dine po\u010dinjene u Prijedoru, uklju\u010duju\u0107i osu\u0111uju\u0107e presude za <strong>zlo\u010dine protiv \u010dovje\u010dnosti, kr\u0161enja zakona i obi\u010daja ratovanja i te\u0161ka kr\u0161enja \u017denevskih konvencija iz 1949. godine.<\/strong> Sud Bosne i Hercegovine je donio <strong>21 presudu<\/strong> za zlo\u010dine po\u010dinjene u Prijedoru, uklju\u010duju\u0107i osu\u0111uju\u0107e presude za <strong>zlo\u010dine protiv \u010dovje\u010dnosti i ratne zlo\u010dine protiv civilnog stanovni\u0161tva<\/strong>.<\/p>\t\t\t\t\t<\/div>\n\t\t\t\t\t\t<\/div>\n\t\t\t\t<\/div>\n\t\t\t\t\t\t<\/div>\n\t\t\t\t\t<\/div>\n\t\t<\/div>\n\t\t\t\t\t\t\t\t<\/div>\n\t\t\t\t\t<\/div>\n\t\t<\/section>\n\t\t\t\t<section class=\"elementor-section elementor-top-section elementor-element elementor-element-a50ed57 elementor-section-boxed elementor-section-height-default elementor-section-height-default\" data-id=\"a50ed57\" data-element_type=\"section\">\n\t\t\t\t\t\t<div class=\"elementor-container elementor-column-gap-default\">\n\t\t\t\t\t\t\t<div class=\"elementor-row\">\n\t\t\t\t\t<div class=\"elementor-column elementor-col-100 elementor-top-column elementor-element elementor-element-ea849a4\" data-id=\"ea849a4\" data-element_type=\"column\">\n\t\t\t<div class=\"elementor-column-wrap elementor-element-populated\">\n\t\t\t\t\t\t\t<div class=\"elementor-widget-wrap\">\n\t\t\t\t\t\t<div class=\"elementor-element elementor-element-c914570 elementor-cta--skin-classic elementor-animated-content elementor-bg-transform elementor-bg-transform-zoom-in elementor-widget elementor-widget-call-to-action\" data-id=\"c914570\" data-element_type=\"widget\" data-widget_type=\"call-to-action.default\">\n\t\t\t\t<div class=\"elementor-widget-container\">\n\t\t\t\t\t<div class=\"elementor-cta\">\n\t\t\t\t\t<div class=\"elementor-cta__bg-wrapper\">\n\t\t\t\t<div class=\"elementor-cta__bg elementor-bg\" style=\"background-image: url(https:\/\/cgmap.org\/app\/uploads\/2022\/04\/velija-white-armband-1920x1281-1-1024x683.jpg);\"><\/div>\n\t\t\t\t<div class=\"elementor-cta__bg-overlay\"><\/div>\n\t\t\t<\/div>\n\t\t\t\t\t\t\t<div class=\"elementor-cta__content\">\n\t\t\t\t\n\t\t\t\t<h2 class=\"elementor-cta__title elementor-cta__content-item elementor-content-item\">Ratni zlo\u010dini u Prijedoru<\/h2>\n\t\t\t\t\t\t\t\t\t<div class=\"elementor-cta__description elementor-cta__content-item elementor-content-item\">\n\t\t\t\t\t\tkroz presude krivi\u010dnih sudova\t\t\t\t\t<\/div>\n\t\t\t\t\n\t\t\t\t\t\t\t\t\t<div class=\"elementor-cta__button-wrapper elementor-cta__content-item elementor-content-item \">\n\t\t\t\t\t<a class=\"elementor-cta__button elementor-button elementor-size-sm\" href=\"https:\/\/cgmap.org\/app\/uploads\/2022\/04\/Prijedor_presude-compr.pdf\">\n\t\t\t\t\t\tNalazi istra\u017eivanja\t\t\t\t\t<\/a>\n\t\t\t\t\t<\/div>\n\t\t\t\t\t\t\t<\/div>\n\t\t\t\t\t\t<\/div>\n\t\t\t\t<\/div>\n\t\t\t\t<\/div>\n\t\t\t\t\t\t<\/div>\n\t\t\t\t\t<\/div>\n\t\t<\/div>\n\t\t\t\t\t\t\t\t<\/div>\n\t\t\t\t\t<\/div>\n\t\t<\/section>\n\t\t\t\t\t\t\t\t\t<\/div>\n\t\t\t<\/div>\n\t\t\t\t\t<\/div>\n\t\t","protected":false},"excerpt":{"rendered":"<p>Prijedor je grad u sjeverozapadnom dijelu Bosne i Hercegovine. Snage bosanskih Srba su 30. aprila 1992. godine preuzele kontrolu nod ovom op\u0107inom i smijenile nesrbe, bosanske Hrvate i Muslimane so funkcija vlasti. Prijedor je postao lokacija nekih od najstra\u0161nijih ratnih zlo\u010dina. \u017divot nesrpskih civila u Prijedoru okupirao je strah i sve ve\u0107a napetost. Prema Izvje\u0161taju [&hellip;]<\/p>\n","protected":false},"author":1,"featured_media":1609,"parent":597,"menu_order":2,"comment_status":"closed","ping_status":"closed","template":"elementor_header_footer","meta":{"_mi_skip_tracking":false},"yoast_head":"<!-- This site is optimized with the Yoast SEO plugin v18.5.1 - https:\/\/yoast.com\/wordpress\/plugins\/seo\/ -->\n<title>Ratni zlo\u010dini u Prijedoru kroz presude krivi\u010dnih sudova - cgmap.org<\/title>\n<meta name=\"robots\" content=\"index, follow, max-snippet:-1, max-image-preview:large, max-video-preview:-1\" \/>\n<link rel=\"canonical\" href=\"https:\/\/cgmap.org\/bs\/projekti\/ratni-zlocini-u-prijedoru-kroz-krivicne-presude\/\" \/>\n<meta property=\"og:locale\" content=\"bs_BA\" \/>\n<meta property=\"og:type\" content=\"article\" \/>\n<meta property=\"og:title\" content=\"Ratni zlo\u010dini u Prijedoru kroz presude krivi\u010dnih sudova - cgmap.org\" \/>\n<meta property=\"og:description\" content=\"Prijedor je grad u sjeverozapadnom dijelu Bosne i Hercegovine. Snage bosanskih Srba su 30. aprila 1992. godine preuzele kontrolu nod ovom op\u0107inom i smijenile nesrbe, bosanske Hrvate i Muslimane so funkcija vlasti. Prijedor je postao lokacija nekih od najstra\u0161nijih ratnih zlo\u010dina. \u017divot nesrpskih civila u Prijedoru okupirao je strah i sve ve\u0107a napetost. Prema Izvje\u0161taju [&hellip;]\" \/>\n<meta property=\"og:url\" content=\"https:\/\/cgmap.org\/bs\/projekti\/ratni-zlocini-u-prijedoru-kroz-krivicne-presude\/\" \/>\n<meta property=\"og:site_name\" content=\"cgmap.org\" \/>\n<meta property=\"article:modified_time\" content=\"2022-04-15T12:06:01+00:00\" \/>\n<meta property=\"og:image\" content=\"https:\/\/cgmap.org\/app\/uploads\/2022\/04\/velija-white-armband-1920x1281-1.jpg\" \/>\n\t<meta property=\"og:image:width\" content=\"1920\" \/>\n\t<meta property=\"og:image:height\" content=\"1281\" \/>\n\t<meta property=\"og:image:type\" content=\"image\/jpeg\" \/>\n<meta name=\"twitter:card\" content=\"summary_large_image\" \/>\n<meta name=\"twitter:label1\" content=\"Est. reading time\" \/>\n\t<meta name=\"twitter:data1\" content=\"2 minutes\" \/>\n<script type=\"application\/ld+json\" class=\"yoast-schema-graph\">{\"@context\":\"https:\/\/schema.org\",\"@graph\":[{\"@type\":\"WebSite\",\"@id\":\"https:\/\/cgmap.org\/#website\",\"url\":\"https:\/\/cgmap.org\/\",\"name\":\"cgmap.org\",\"description\":\"Koalicija za prevenciju genocida i masovnih zlo\u010dina na Zapadnom Balkanu\",\"potentialAction\":[{\"@type\":\"SearchAction\",\"target\":{\"@type\":\"EntryPoint\",\"urlTemplate\":\"https:\/\/cgmap.org\/?s={search_term_string}\"},\"query-input\":\"required name=search_term_string\"}],\"inLanguage\":\"bs-BA\"},{\"@type\":\"ImageObject\",\"@id\":\"https:\/\/cgmap.org\/bs\/projekti\/ratni-zlocini-u-prijedoru-kroz-krivicne-presude\/#primaryimage\",\"inLanguage\":\"bs-BA\",\"url\":\"https:\/\/cgmap.org\/app\/uploads\/2022\/04\/velija-white-armband-1920x1281-1.jpg\",\"contentUrl\":\"https:\/\/cgmap.org\/app\/uploads\/2022\/04\/velija-white-armband-1920x1281-1.jpg\",\"width\":1920,\"height\":1281},{\"@type\":\"WebPage\",\"@id\":\"https:\/\/cgmap.org\/bs\/projekti\/ratni-zlocini-u-prijedoru-kroz-krivicne-presude\/#webpage\",\"url\":\"https:\/\/cgmap.org\/bs\/projekti\/ratni-zlocini-u-prijedoru-kroz-krivicne-presude\/\",\"name\":\"Ratni zlo\u010dini u Prijedoru kroz presude krivi\u010dnih sudova - cgmap.org\",\"isPartOf\":{\"@id\":\"https:\/\/cgmap.org\/#website\"},\"primaryImageOfPage\":{\"@id\":\"https:\/\/cgmap.org\/bs\/projekti\/ratni-zlocini-u-prijedoru-kroz-krivicne-presude\/#primaryimage\"},\"datePublished\":\"2022-04-12T11:14:58+00:00\",\"dateModified\":\"2022-04-15T12:06:01+00:00\",\"breadcrumb\":{\"@id\":\"https:\/\/cgmap.org\/bs\/projekti\/ratni-zlocini-u-prijedoru-kroz-krivicne-presude\/#breadcrumb\"},\"inLanguage\":\"bs-BA\",\"potentialAction\":[{\"@type\":\"ReadAction\",\"target\":[\"https:\/\/cgmap.org\/bs\/projekti\/ratni-zlocini-u-prijedoru-kroz-krivicne-presude\/\"]}]},{\"@type\":\"BreadcrumbList\",\"@id\":\"https:\/\/cgmap.org\/bs\/projekti\/ratni-zlocini-u-prijedoru-kroz-krivicne-presude\/#breadcrumb\",\"itemListElement\":[{\"@type\":\"ListItem\",\"position\":1,\"name\":\"Home\",\"item\":\"https:\/\/cgmap.org\/\"},{\"@type\":\"ListItem\",\"position\":2,\"name\":\"Projekti\",\"item\":\"https:\/\/cgmap.org\/bs\/projekti\/\"},{\"@type\":\"ListItem\",\"position\":3,\"name\":\"Ratni zlo\u010dini u Prijedoru kroz presude krivi\u010dnih sudova\"}]}]}<\/script>\n<!-- \/ Yoast SEO plugin. -->","yoast_head_json":{"title":"Ratni zlo\u010dini u Prijedoru kroz presude krivi\u010dnih sudova - cgmap.org","robots":{"index":"index","follow":"follow","max-snippet":"max-snippet:-1","max-image-preview":"max-image-preview:large","max-video-preview":"max-video-preview:-1"},"canonical":"https:\/\/cgmap.org\/bs\/projekti\/ratni-zlocini-u-prijedoru-kroz-krivicne-presude\/","og_locale":"bs_BA","og_type":"article","og_title":"Ratni zlo\u010dini u Prijedoru kroz presude krivi\u010dnih sudova - cgmap.org","og_description":"Prijedor je grad u sjeverozapadnom dijelu Bosne i Hercegovine. Snage bosanskih Srba su 30. aprila 1992. godine preuzele kontrolu nod ovom op\u0107inom i smijenile nesrbe, bosanske Hrvate i Muslimane so funkcija vlasti. Prijedor je postao lokacija nekih od najstra\u0161nijih ratnih zlo\u010dina. \u017divot nesrpskih civila u Prijedoru okupirao je strah i sve ve\u0107a napetost. Prema Izvje\u0161taju [&hellip;]","og_url":"https:\/\/cgmap.org\/bs\/projekti\/ratni-zlocini-u-prijedoru-kroz-krivicne-presude\/","og_site_name":"cgmap.org","article_modified_time":"2022-04-15T12:06:01+00:00","og_image":[{"width":1920,"height":1281,"url":"https:\/\/cgmap.org\/app\/uploads\/2022\/04\/velija-white-armband-1920x1281-1.jpg","type":"image\/jpeg"}],"twitter_card":"summary_large_image","twitter_misc":{"Est. reading time":"2 minutes"},"schema":{"@context":"https:\/\/schema.org","@graph":[{"@type":"WebSite","@id":"https:\/\/cgmap.org\/#website","url":"https:\/\/cgmap.org\/","name":"cgmap.org","description":"Koalicija za prevenciju genocida i masovnih zlo\u010dina na Zapadnom Balkanu","potentialAction":[{"@type":"SearchAction","target":{"@type":"EntryPoint","urlTemplate":"https:\/\/cgmap.org\/?s={search_term_string}"},"query-input":"required name=search_term_string"}],"inLanguage":"bs-BA"},{"@type":"ImageObject","@id":"https:\/\/cgmap.org\/bs\/projekti\/ratni-zlocini-u-prijedoru-kroz-krivicne-presude\/#primaryimage","inLanguage":"bs-BA","url":"https:\/\/cgmap.org\/app\/uploads\/2022\/04\/velija-white-armband-1920x1281-1.jpg","contentUrl":"https:\/\/cgmap.org\/app\/uploads\/2022\/04\/velija-white-armband-1920x1281-1.jpg","width":1920,"height":1281},{"@type":"WebPage","@id":"https:\/\/cgmap.org\/bs\/projekti\/ratni-zlocini-u-prijedoru-kroz-krivicne-presude\/#webpage","url":"https:\/\/cgmap.org\/bs\/projekti\/ratni-zlocini-u-prijedoru-kroz-krivicne-presude\/","name":"Ratni zlo\u010dini u Prijedoru kroz presude krivi\u010dnih sudova - cgmap.org","isPartOf":{"@id":"https:\/\/cgmap.org\/#website"},"primaryImageOfPage":{"@id":"https:\/\/cgmap.org\/bs\/projekti\/ratni-zlocini-u-prijedoru-kroz-krivicne-presude\/#primaryimage"},"datePublished":"2022-04-12T11:14:58+00:00","dateModified":"2022-04-15T12:06:01+00:00","breadcrumb":{"@id":"https:\/\/cgmap.org\/bs\/projekti\/ratni-zlocini-u-prijedoru-kroz-krivicne-presude\/#breadcrumb"},"inLanguage":"bs-BA","potentialAction":[{"@type":"ReadAction","target":["https:\/\/cgmap.org\/bs\/projekti\/ratni-zlocini-u-prijedoru-kroz-krivicne-presude\/"]}]},{"@type":"BreadcrumbList","@id":"https:\/\/cgmap.org\/bs\/projekti\/ratni-zlocini-u-prijedoru-kroz-krivicne-presude\/#breadcrumb","itemListElement":[{"@type":"ListItem","position":1,"name":"Home","item":"https:\/\/cgmap.org\/"},{"@type":"ListItem","position":2,"name":"Projekti","item":"https:\/\/cgmap.org\/bs\/projekti\/"},{"@type":"ListItem","position":3,"name":"Ratni zlo\u010dini u Prijedoru kroz presude krivi\u010dnih sudova"}]}]}},"_links":{"self":[{"href":"https:\/\/cgmap.org\/bs\/wp-json\/wp\/v2\/pages\/1536"}],"collection":[{"href":"https:\/\/cgmap.org\/bs\/wp-json\/wp\/v2\/pages"}],"about":[{"href":"https:\/\/cgmap.org\/bs\/wp-json\/wp\/v2\/types\/page"}],"author":[{"embeddable":true,"href":"https:\/\/cgmap.org\/bs\/wp-json\/wp\/v2\/users\/1"}],"replies":[{"embeddable":true,"href":"https:\/\/cgmap.org\/bs\/wp-json\/wp\/v2\/comments?post=1536"}],"version-history":[{"count":22,"href":"https:\/\/cgmap.org\/bs\/wp-json\/wp\/v2\/pages\/1536\/revisions"}],"predecessor-version":[{"id":1620,"href":"https:\/\/cgmap.org\/bs\/wp-json\/wp\/v2\/pages\/1536\/revisions\/1620"}],"up":[{"embeddable":true,"href":"https:\/\/cgmap.org\/bs\/wp-json\/wp\/v2\/pages\/597"}],"wp:featuredmedia":[{"embeddable":true,"href":"https:\/\/cgmap.org\/bs\/wp-json\/wp\/v2\/media\/1609"}],"wp:attachment":[{"href":"https:\/\/cgmap.org\/bs\/wp-json\/wp\/v2\/media?parent=1536"}],"curies":[{"name":"wp","href":"https:\/\/api.w.org\/{rel}","templated":true}]}}