{"id":1885,"date":"2024-12-05T13:00:03","date_gmt":"2024-12-05T12:00:03","guid":{"rendered":"https:\/\/cgmap.org\/?page_id=1885"},"modified":"2024-12-05T13:05:10","modified_gmt":"2024-12-05T12:05:10","slug":"izgradnja-zajednicke-agende-za-prevenciju-na-zapadnom-balkanu","status":"publish","type":"page","link":"https:\/\/cgmap.org\/bs\/projekti\/izgradnja-zajednicke-agende-za-prevenciju-na-zapadnom-balkanu\/","title":{"rendered":"Izgradnja zajedni\u010dke agende za prevenciju na Zapadnom Balkanu"},"content":{"rendered":"\t\t<div data-elementor-type=\"wp-page\" data-elementor-id=\"1885\" class=\"elementor elementor-1885 elementor-1756\">\n\t\t\t\t\t\t<div class=\"elementor-inner\">\n\t\t\t\t<div class=\"elementor-section-wrap\">\n\t\t\t\t\t\t\t\t\t<section class=\"elementor-section elementor-top-section elementor-element elementor-element-d6dd2a2 elementor-section-boxed elementor-section-height-default elementor-section-height-default\" data-id=\"d6dd2a2\" data-element_type=\"section\">\n\t\t\t\t\t\t<div class=\"elementor-container elementor-column-gap-default\">\n\t\t\t\t\t\t\t<div class=\"elementor-row\">\n\t\t\t\t\t<div class=\"elementor-column elementor-col-100 elementor-top-column elementor-element elementor-element-3e2adce\" data-id=\"3e2adce\" data-element_type=\"column\">\n\t\t\t<div class=\"elementor-column-wrap elementor-element-populated\">\n\t\t\t\t\t\t\t<div class=\"elementor-widget-wrap\">\n\t\t\t\t\t\t<div class=\"elementor-element elementor-element-cf12ee1 elementor-widget elementor-widget-theme-post-title elementor-page-title elementor-widget-heading\" data-id=\"cf12ee1\" data-element_type=\"widget\" data-widget_type=\"theme-post-title.default\">\n\t\t\t\t<div class=\"elementor-widget-container\">\n\t\t\t<h2 class=\"elementor-heading-title elementor-size-default\">Izgradnja zajedni\u010dke agende za prevenciju na Zapadnom Balkanu<\/h2>\t\t<\/div>\n\t\t\t\t<\/div>\n\t\t\t\t\t\t<\/div>\n\t\t\t\t\t<\/div>\n\t\t<\/div>\n\t\t\t\t\t\t\t\t<\/div>\n\t\t\t\t\t<\/div>\n\t\t<\/section>\n\t\t\t\t<section class=\"elementor-section elementor-top-section elementor-element elementor-element-b9161a0 elementor-section-boxed elementor-section-height-default elementor-section-height-default\" data-id=\"b9161a0\" data-element_type=\"section\">\n\t\t\t\t\t\t<div class=\"elementor-container elementor-column-gap-default\">\n\t\t\t\t\t\t\t<div class=\"elementor-row\">\n\t\t\t\t\t<div class=\"elementor-column elementor-col-100 elementor-top-column elementor-element elementor-element-edbfde8\" data-id=\"edbfde8\" data-element_type=\"column\">\n\t\t\t<div class=\"elementor-column-wrap elementor-element-populated\">\n\t\t\t\t\t\t\t<div class=\"elementor-widget-wrap\">\n\t\t\t\t\t\t<div class=\"elementor-element elementor-element-1420e5e elementor-widget elementor-widget-text-editor\" data-id=\"1420e5e\" data-element_type=\"widget\" data-widget_type=\"text-editor.default\">\n\t\t\t\t<div class=\"elementor-widget-container\">\n\t\t\t\t\t\t\t\t<div class=\"elementor-text-editor elementor-clearfix\">\n\t\t\t\t<p>Konferencija pod nazivom <strong>\u201cIzgradnja zajedni\u010dke agende za prevenciju na Zapadnom Balkanu\u201d,<\/strong> koja je odr\u017eana u Podgorici, Crna Gora, od 21. do 22. marta 2024. godine, organizovana je od strane Centra za postkonfliktna istra\u017eivanja, Impunity Watch i Koalicije za prevenciju genocida i masovnih zlo\u010dina na Zapadnom Balkanu (CGMAP). Konferenciju je otvorila Dunja Mijatovi\u0107, tada\u0161nja komesarka za ljudska prava Vije\u0107a Evrope.<\/p><p><strong>Cilj konferencije bio je ja\u010danje rada civilnog dru\u0161tva na Zapadnom Balkanu<\/strong> na suo\u010davanju s pro\u0161lo\u0161\u0107u i prevenciji zlo\u010dina protiv \u010dovje\u010dnosti. Posljednjih godina, u regionu je do\u0161lo do pada interesovanja za suo\u010davanje s pro\u0161lo\u0161\u0107u, uz porast negiranja i revizionizma. Civilno dru\u0161tvo nosi najve\u0107i teret ovog negativnog trenda, \u0161to tako\u0111er uti\u010de na njihove aktivnosti i sigurnost.<\/p><p><strong>Konferencija je pozvala na djelovanje<\/strong> kako bi se suprotstavila ovim negativnim trendovima. Preporu\u010deno je razvijanje zajedni\u010dke agende za prevenciju. U tom smislu, konferencija je identificirala klju\u010dne komponente zajedni\u010dke agende:<\/p><ul><li>borbu protiv pove\u0107anog negiranja i revizionizma<\/li><li>fokus na postizanje stvarne promjene za \u017ertve kroz reparacije<\/li><li>ja\u010danje napora u oblasti obrazovanja<\/li><li>prepoznavanje veze izme\u0111u suo\u010davanja s pro\u0161lo\u0161\u0107u i prevencije, kao i novih tehnologija.<\/li><\/ul><p>U nastavku slijedi <strong>izvje\u0161taj i klju\u010dne preporuka<\/strong> koje su proiza\u0161le iz konferencije, razvrstanih po svakom od komponenti ove nove <strong>zajedni\u010dke agende za prevenciju na Zapadnom Balkanu<\/strong>.<\/p>\t\t\t\t\t<\/div>\n\t\t\t\t\t\t<\/div>\n\t\t\t\t<\/div>\n\t\t\t\t\t\t<\/div>\n\t\t\t\t\t<\/div>\n\t\t<\/div>\n\t\t\t\t\t\t\t\t<\/div>\n\t\t\t\t\t<\/div>\n\t\t<\/section>\n\t\t\t\t<section class=\"elementor-section elementor-top-section elementor-element elementor-element-d2c8818 elementor-section-boxed elementor-section-height-default elementor-section-height-default\" data-id=\"d2c8818\" data-element_type=\"section\">\n\t\t\t\t\t\t<div class=\"elementor-container elementor-column-gap-default\">\n\t\t\t\t\t\t\t<div class=\"elementor-row\">\n\t\t\t\t\t<div class=\"elementor-column elementor-col-100 elementor-top-column elementor-element elementor-element-41477fe\" data-id=\"41477fe\" data-element_type=\"column\">\n\t\t\t<div class=\"elementor-column-wrap elementor-element-populated\">\n\t\t\t\t\t\t\t<div class=\"elementor-widget-wrap\">\n\t\t\t\t\t\t<div class=\"elementor-element elementor-element-26b0543 elementor-cta--layout-image-left elementor-cta--skin-classic elementor-animated-content elementor-bg-transform elementor-bg-transform-zoom-in elementor-widget elementor-widget-call-to-action\" data-id=\"26b0543\" data-element_type=\"widget\" data-widget_type=\"call-to-action.default\">\n\t\t\t\t<div class=\"elementor-widget-container\">\n\t\t\t\t\t<div class=\"elementor-cta\">\n\t\t\t\t\t<div class=\"elementor-cta__bg-wrapper\">\n\t\t\t\t<div class=\"elementor-cta__bg elementor-bg\" style=\"background-image: url(https:\/\/cgmap.org\/app\/uploads\/2024\/12\/BOS.png);\"><\/div>\n\t\t\t\t<div class=\"elementor-cta__bg-overlay\"><\/div>\n\t\t\t<\/div>\n\t\t\t\t\t\t\t<div class=\"elementor-cta__content\">\n\t\t\t\t\n\t\t\t\t<h2 class=\"elementor-cta__title elementor-cta__content-item elementor-content-item\">Regionalni izvje\u0161taj civilnog dru\u0161tva <\/h2>\n\t\t\t\t\n\t\t\t\t\t\t\t\t\t<div class=\"elementor-cta__button-wrapper elementor-cta__content-item elementor-content-item \">\n\t\t\t\t\t<a class=\"elementor-cta__button elementor-button elementor-size-sm\" href=\"https:\/\/cgmap.org\/app\/uploads\/2024\/12\/izvjestaj-bih-pages.pdf\">\n\t\t\t\t\t\tPreuzmite\t\t\t\t\t<\/a>\n\t\t\t\t\t<\/div>\n\t\t\t\t\t\t\t<\/div>\n\t\t\t\t\t\t<\/div>\n\t\t\t\t<\/div>\n\t\t\t\t<\/div>\n\t\t\t\t\t\t<\/div>\n\t\t\t\t\t<\/div>\n\t\t<\/div>\n\t\t\t\t\t\t\t\t<\/div>\n\t\t\t\t\t<\/div>\n\t\t<\/section>\n\t\t\t\t<section class=\"elementor-section elementor-top-section elementor-element elementor-element-0a8c275 elementor-section-boxed elementor-section-height-default elementor-section-height-default\" data-id=\"0a8c275\" data-element_type=\"section\">\n\t\t\t\t\t\t<div class=\"elementor-container elementor-column-gap-default\">\n\t\t\t\t\t\t\t<div class=\"elementor-row\">\n\t\t\t\t\t<div class=\"elementor-column elementor-col-100 elementor-top-column elementor-element elementor-element-7685756\" data-id=\"7685756\" data-element_type=\"column\">\n\t\t\t<div class=\"elementor-column-wrap elementor-element-populated\">\n\t\t\t\t\t\t\t<div class=\"elementor-widget-wrap\">\n\t\t\t\t\t\t<div class=\"elementor-element elementor-element-de73b8b elementor-arrows-position-inside elementor-pagination-position-outside elementor-widget elementor-widget-image-carousel\" data-id=\"de73b8b\" data-element_type=\"widget\" data-settings=\"{&quot;slides_to_show&quot;:&quot;2&quot;,&quot;slides_to_scroll&quot;:&quot;2&quot;,&quot;image_spacing_custom&quot;:{&quot;unit&quot;:&quot;px&quot;,&quot;size&quot;:0,&quot;sizes&quot;:[]},&quot;navigation&quot;:&quot;both&quot;,&quot;autoplay&quot;:&quot;yes&quot;,&quot;pause_on_hover&quot;:&quot;yes&quot;,&quot;pause_on_interaction&quot;:&quot;yes&quot;,&quot;autoplay_speed&quot;:5000,&quot;infinite&quot;:&quot;yes&quot;,&quot;speed&quot;:500}\" data-widget_type=\"image-carousel.default\">\n\t\t\t\t<div class=\"elementor-widget-container\">\n\t\t\t\t\t<div class=\"elementor-image-carousel-wrapper swiper-container\" dir=\"ltr\">\n\t\t\t<div class=\"elementor-image-carousel swiper-wrapper\">\n\t\t\t\t\t\t\t\t<div class=\"swiper-slide\"><figure class=\"swiper-slide-inner\"><img class=\"swiper-slide-image\" src=\"https:\/\/cgmap.org\/app\/uploads\/2024\/12\/DSF0158-768x512.jpg\" alt=\"_DSF0158\" \/><\/figure><\/div><div class=\"swiper-slide\"><figure class=\"swiper-slide-inner\"><img class=\"swiper-slide-image\" src=\"https:\/\/cgmap.org\/app\/uploads\/2024\/12\/DSF0108-768x512.jpg\" alt=\"_DSF0108\" \/><\/figure><\/div><div class=\"swiper-slide\"><figure class=\"swiper-slide-inner\"><img class=\"swiper-slide-image\" src=\"https:\/\/cgmap.org\/app\/uploads\/2024\/12\/DSF0090-768x512.jpg\" alt=\"_DSF0090\" \/><\/figure><\/div><div class=\"swiper-slide\"><figure class=\"swiper-slide-inner\"><img class=\"swiper-slide-image\" src=\"https:\/\/cgmap.org\/app\/uploads\/2024\/12\/DSF0065-768x512.jpg\" alt=\"_DSF0065\" \/><\/figure><\/div><div class=\"swiper-slide\"><figure class=\"swiper-slide-inner\"><img class=\"swiper-slide-image\" src=\"https:\/\/cgmap.org\/app\/uploads\/2024\/12\/DSF0006-768x512.jpg\" alt=\"_DSF0006\" \/><\/figure><\/div><div class=\"swiper-slide\"><figure class=\"swiper-slide-inner\"><img class=\"swiper-slide-image\" src=\"https:\/\/cgmap.org\/app\/uploads\/2024\/12\/DSF0022-768x512.jpg\" alt=\"_DSF0022\" \/><\/figure><\/div><div class=\"swiper-slide\"><figure class=\"swiper-slide-inner\"><img class=\"swiper-slide-image\" src=\"https:\/\/cgmap.org\/app\/uploads\/2024\/12\/DSF0039-768x512.jpg\" alt=\"_DSF0039\" \/><\/figure><\/div><div class=\"swiper-slide\"><figure class=\"swiper-slide-inner\"><img class=\"swiper-slide-image\" src=\"https:\/\/cgmap.org\/app\/uploads\/2024\/12\/DSF0034-768x512.jpg\" alt=\"_DSF0034\" \/><\/figure><\/div><div class=\"swiper-slide\"><figure class=\"swiper-slide-inner\"><img class=\"swiper-slide-image\" src=\"https:\/\/cgmap.org\/app\/uploads\/2024\/12\/DSF0059-768x512.jpg\" alt=\"_DSF0059\" \/><\/figure><\/div><div class=\"swiper-slide\"><figure class=\"swiper-slide-inner\"><img class=\"swiper-slide-image\" src=\"https:\/\/cgmap.org\/app\/uploads\/2024\/12\/DSF0117-768x512.jpg\" alt=\"_DSF0117\" \/><\/figure><\/div><div class=\"swiper-slide\"><figure class=\"swiper-slide-inner\"><img class=\"swiper-slide-image\" src=\"https:\/\/cgmap.org\/app\/uploads\/2024\/12\/DSF0119-768x512.jpg\" alt=\"_DSF0119\" \/><\/figure><\/div><div class=\"swiper-slide\"><figure class=\"swiper-slide-inner\"><img class=\"swiper-slide-image\" src=\"https:\/\/cgmap.org\/app\/uploads\/2024\/12\/DSF0150-768x512.jpg\" alt=\"_DSF0150\" \/><\/figure><\/div><div class=\"swiper-slide\"><figure class=\"swiper-slide-inner\"><img class=\"swiper-slide-image\" src=\"https:\/\/cgmap.org\/app\/uploads\/2024\/12\/DSF0215-768x512.jpg\" alt=\"_DSF0215\" \/><\/figure><\/div><div class=\"swiper-slide\"><figure class=\"swiper-slide-inner\"><img class=\"swiper-slide-image\" src=\"https:\/\/cgmap.org\/app\/uploads\/2024\/12\/DSF0222-768x512.jpg\" alt=\"_DSF0222\" \/><\/figure><\/div><div class=\"swiper-slide\"><figure class=\"swiper-slide-inner\"><img class=\"swiper-slide-image\" src=\"https:\/\/cgmap.org\/app\/uploads\/2024\/12\/DSF0229-768x512.jpg\" alt=\"_DSF0229\" \/><\/figure><\/div><div class=\"swiper-slide\"><figure class=\"swiper-slide-inner\"><img class=\"swiper-slide-image\" src=\"https:\/\/cgmap.org\/app\/uploads\/2024\/12\/DSF0234-768x512.jpg\" alt=\"_DSF0234\" \/><\/figure><\/div><div class=\"swiper-slide\"><figure class=\"swiper-slide-inner\"><img class=\"swiper-slide-image\" src=\"https:\/\/cgmap.org\/app\/uploads\/2024\/12\/DSF0251-768x512.jpg\" alt=\"_DSF0251\" \/><\/figure><\/div><div class=\"swiper-slide\"><figure class=\"swiper-slide-inner\"><img class=\"swiper-slide-image\" src=\"https:\/\/cgmap.org\/app\/uploads\/2024\/12\/DSF0295-768x512.jpg\" alt=\"_DSF0295\" \/><\/figure><\/div><div class=\"swiper-slide\"><figure class=\"swiper-slide-inner\"><img class=\"swiper-slide-image\" src=\"https:\/\/cgmap.org\/app\/uploads\/2024\/12\/DSF0305-768x512.jpg\" alt=\"_DSF0305\" \/><\/figure><\/div><div class=\"swiper-slide\"><figure class=\"swiper-slide-inner\"><img class=\"swiper-slide-image\" src=\"https:\/\/cgmap.org\/app\/uploads\/2024\/12\/DSF0319-768x512.jpg\" alt=\"_DSF0319\" \/><\/figure><\/div>\t\t\t<\/div>\n\t\t\t\t\t\t\t\t\t\t\t\t<div class=\"swiper-pagination\"><\/div>\n\t\t\t\t\t\t\t\t\t\t\t\t\t<div class=\"elementor-swiper-button elementor-swiper-button-prev\">\n\t\t\t\t\t\t<i aria-hidden=\"true\" class=\"eicon-chevron-left\"><\/i>\t\t\t\t\t\t<span class=\"elementor-screen-only\">Previous<\/span>\n\t\t\t\t\t<\/div>\n\t\t\t\t\t<div class=\"elementor-swiper-button elementor-swiper-button-next\">\n\t\t\t\t\t\t<i aria-hidden=\"true\" class=\"eicon-chevron-right\"><\/i>\t\t\t\t\t\t<span class=\"elementor-screen-only\">Next<\/span>\n\t\t\t\t\t<\/div>\n\t\t\t\t\t\t\t\t\t<\/div>\n\t\t\t\t<\/div>\n\t\t\t\t<\/div>\n\t\t\t\t\t\t<\/div>\n\t\t\t\t\t<\/div>\n\t\t<\/div>\n\t\t\t\t\t\t\t\t<\/div>\n\t\t\t\t\t<\/div>\n\t\t<\/section>\n\t\t\t\t<section class=\"elementor-section elementor-top-section elementor-element elementor-element-6bb22c3 elementor-section-boxed elementor-section-height-default elementor-section-height-default\" data-id=\"6bb22c3\" data-element_type=\"section\">\n\t\t\t\t\t\t<div class=\"elementor-container elementor-column-gap-default\">\n\t\t\t\t\t\t\t<div class=\"elementor-row\">\n\t\t\t\t\t<div class=\"elementor-column elementor-col-100 elementor-top-column elementor-element elementor-element-456c363\" data-id=\"456c363\" data-element_type=\"column\">\n\t\t\t<div class=\"elementor-column-wrap elementor-element-populated\">\n\t\t\t\t\t\t\t<div class=\"elementor-widget-wrap\">\n\t\t\t\t\t\t<div class=\"elementor-element elementor-element-d94daac elementor-widget elementor-widget-text-editor\" data-id=\"d94daac\" data-element_type=\"widget\" data-widget_type=\"text-editor.default\">\n\t\t\t\t<div class=\"elementor-widget-container\">\n\t\t\t\t\t\t\t\t<div class=\"elementor-text-editor elementor-clearfix\">\n\t\t\t\t<p><em>Izvje\u0161taj je izra\u0111en uz podr\u0161ku regionalnog projekta SMART Balkans \u2013 Civilno dru\u0161tvo za povezan Zapadni Balkan kojeg implementira Centar za promociju civilnog dru\u0161tva (CPCD), zajedno sa partnerskim organizacijama \u2013 Institut za demokratiju i medijaciju (IDM) i Centar za istra\u017eivanje i kreiranje politike (CRPM), a finansijski podr\u017eava Ministarstvo vanjskih poslova Kraljevine Norve\u0161ke. Sadr\u017eaj istra\u017eivanja je isklju\u010diva odgovornost njegovih autora i ne odra\u017eava nu\u017eno stavove Centra za promociju civilnog dru\u0161tva (CPCD), Instituta za demokratiju i medijaciju (IDM), Centra za istra\u017eivanje i kreiranje politike (CRPM) i Ministarstva vanjskih poslova Kraljevine Norve\u0161ke.<\/em><\/p>\t\t\t\t\t<\/div>\n\t\t\t\t\t\t<\/div>\n\t\t\t\t<\/div>\n\t\t\t\t\t\t<\/div>\n\t\t\t\t\t<\/div>\n\t\t<\/div>\n\t\t\t\t\t\t\t\t<\/div>\n\t\t\t\t\t<\/div>\n\t\t<\/section>\n\t\t\t\t\t\t\t\t\t<\/div>\n\t\t\t<\/div>\n\t\t\t\t\t<\/div>\n\t\t","protected":false},"excerpt":{"rendered":"<p>Konferencija pod nazivom \u201cIzgradnja zajedni\u010dke agende za prevenciju na Zapadnom Balkanu\u201d, koja je odr\u017eana u Podgorici, Crna Gora, od 21. do 22. marta 2024. godine, organizovana je od strane Centra za postkonfliktna istra\u017eivanja, Impunity Watch i Koalicije za prevenciju genocida i masovnih zlo\u010dina na Zapadnom Balkanu (CGMAP). Konferenciju je otvorila Dunja Mijatovi\u0107, tada\u0161nja komesarka za [&hellip;]<\/p>\n","protected":false},"author":2,"featured_media":1758,"parent":597,"menu_order":1,"comment_status":"closed","ping_status":"closed","template":"elementor_header_footer","meta":{"_mi_skip_tracking":false},"yoast_head":"<!-- This site is optimized with the Yoast SEO plugin v18.5.1 - https:\/\/yoast.com\/wordpress\/plugins\/seo\/ -->\n<title>Izgradnja zajedni\u010dke agende za prevenciju na Zapadnom Balkanu - cgmap.org<\/title>\n<meta name=\"robots\" content=\"index, follow, max-snippet:-1, max-image-preview:large, max-video-preview:-1\" \/>\n<link rel=\"canonical\" href=\"https:\/\/cgmap.org\/bs\/projekti\/izgradnja-zajednicke-agende-za-prevenciju-na-zapadnom-balkanu\/\" \/>\n<meta property=\"og:locale\" content=\"bs_BA\" \/>\n<meta property=\"og:type\" content=\"article\" \/>\n<meta property=\"og:title\" content=\"Izgradnja zajedni\u010dke agende za prevenciju na Zapadnom Balkanu - cgmap.org\" \/>\n<meta property=\"og:description\" content=\"Konferencija pod nazivom \u201cIzgradnja zajedni\u010dke agende za prevenciju na Zapadnom Balkanu\u201d, koja je odr\u017eana u Podgorici, Crna Gora, od 21. do 22. marta 2024. godine, organizovana je od strane Centra za postkonfliktna istra\u017eivanja, Impunity Watch i Koalicije za prevenciju genocida i masovnih zlo\u010dina na Zapadnom Balkanu (CGMAP). Konferenciju je otvorila Dunja Mijatovi\u0107, tada\u0161nja komesarka za [&hellip;]\" \/>\n<meta property=\"og:url\" content=\"https:\/\/cgmap.org\/bs\/projekti\/izgradnja-zajednicke-agende-za-prevenciju-na-zapadnom-balkanu\/\" \/>\n<meta property=\"og:site_name\" content=\"cgmap.org\" \/>\n<meta property=\"article:modified_time\" content=\"2024-12-05T12:05:10+00:00\" \/>\n<meta property=\"og:image\" content=\"https:\/\/cgmap.org\/app\/uploads\/2024\/12\/ENG-e1733398107307.png\" \/>\n\t<meta property=\"og:image:width\" content=\"4748\" \/>\n\t<meta property=\"og:image:height\" content=\"2717\" \/>\n\t<meta property=\"og:image:type\" content=\"image\/png\" \/>\n<meta name=\"twitter:card\" content=\"summary_large_image\" \/>\n<meta name=\"twitter:label1\" content=\"Est. reading time\" \/>\n\t<meta name=\"twitter:data1\" content=\"7 minutes\" \/>\n<script type=\"application\/ld+json\" class=\"yoast-schema-graph\">{\"@context\":\"https:\/\/schema.org\",\"@graph\":[{\"@type\":\"WebSite\",\"@id\":\"https:\/\/cgmap.org\/#website\",\"url\":\"https:\/\/cgmap.org\/\",\"name\":\"cgmap.org\",\"description\":\"Koalicija za prevenciju genocida i masovnih zlo\u010dina na Zapadnom Balkanu\",\"potentialAction\":[{\"@type\":\"SearchAction\",\"target\":{\"@type\":\"EntryPoint\",\"urlTemplate\":\"https:\/\/cgmap.org\/?s={search_term_string}\"},\"query-input\":\"required name=search_term_string\"}],\"inLanguage\":\"bs-BA\"},{\"@type\":\"ImageObject\",\"@id\":\"https:\/\/cgmap.org\/bs\/projekti\/izgradnja-zajednicke-agende-za-prevenciju-na-zapadnom-balkanu\/#primaryimage\",\"inLanguage\":\"bs-BA\",\"url\":\"https:\/\/cgmap.org\/app\/uploads\/2024\/12\/ENG-e1733398107307.png\",\"contentUrl\":\"https:\/\/cgmap.org\/app\/uploads\/2024\/12\/ENG-e1733398107307.png\",\"width\":4748,\"height\":2717},{\"@type\":\"WebPage\",\"@id\":\"https:\/\/cgmap.org\/bs\/projekti\/izgradnja-zajednicke-agende-za-prevenciju-na-zapadnom-balkanu\/#webpage\",\"url\":\"https:\/\/cgmap.org\/bs\/projekti\/izgradnja-zajednicke-agende-za-prevenciju-na-zapadnom-balkanu\/\",\"name\":\"Izgradnja zajedni\u010dke agende za prevenciju na Zapadnom Balkanu - cgmap.org\",\"isPartOf\":{\"@id\":\"https:\/\/cgmap.org\/#website\"},\"primaryImageOfPage\":{\"@id\":\"https:\/\/cgmap.org\/bs\/projekti\/izgradnja-zajednicke-agende-za-prevenciju-na-zapadnom-balkanu\/#primaryimage\"},\"datePublished\":\"2024-12-05T12:00:03+00:00\",\"dateModified\":\"2024-12-05T12:05:10+00:00\",\"breadcrumb\":{\"@id\":\"https:\/\/cgmap.org\/bs\/projekti\/izgradnja-zajednicke-agende-za-prevenciju-na-zapadnom-balkanu\/#breadcrumb\"},\"inLanguage\":\"bs-BA\",\"potentialAction\":[{\"@type\":\"ReadAction\",\"target\":[\"https:\/\/cgmap.org\/bs\/projekti\/izgradnja-zajednicke-agende-za-prevenciju-na-zapadnom-balkanu\/\"]}]},{\"@type\":\"BreadcrumbList\",\"@id\":\"https:\/\/cgmap.org\/bs\/projekti\/izgradnja-zajednicke-agende-za-prevenciju-na-zapadnom-balkanu\/#breadcrumb\",\"itemListElement\":[{\"@type\":\"ListItem\",\"position\":1,\"name\":\"Home\",\"item\":\"https:\/\/cgmap.org\/\"},{\"@type\":\"ListItem\",\"position\":2,\"name\":\"Projekti\",\"item\":\"https:\/\/cgmap.org\/bs\/projekti\/\"},{\"@type\":\"ListItem\",\"position\":3,\"name\":\"Izgradnja zajedni\u010dke agende za prevenciju na Zapadnom Balkanu\"}]}]}<\/script>\n<!-- \/ Yoast SEO plugin. -->","yoast_head_json":{"title":"Izgradnja zajedni\u010dke agende za prevenciju na Zapadnom Balkanu - cgmap.org","robots":{"index":"index","follow":"follow","max-snippet":"max-snippet:-1","max-image-preview":"max-image-preview:large","max-video-preview":"max-video-preview:-1"},"canonical":"https:\/\/cgmap.org\/bs\/projekti\/izgradnja-zajednicke-agende-za-prevenciju-na-zapadnom-balkanu\/","og_locale":"bs_BA","og_type":"article","og_title":"Izgradnja zajedni\u010dke agende za prevenciju na Zapadnom Balkanu - cgmap.org","og_description":"Konferencija pod nazivom \u201cIzgradnja zajedni\u010dke agende za prevenciju na Zapadnom Balkanu\u201d, koja je odr\u017eana u Podgorici, Crna Gora, od 21. do 22. marta 2024. godine, organizovana je od strane Centra za postkonfliktna istra\u017eivanja, Impunity Watch i Koalicije za prevenciju genocida i masovnih zlo\u010dina na Zapadnom Balkanu (CGMAP). Konferenciju je otvorila Dunja Mijatovi\u0107, tada\u0161nja komesarka za [&hellip;]","og_url":"https:\/\/cgmap.org\/bs\/projekti\/izgradnja-zajednicke-agende-za-prevenciju-na-zapadnom-balkanu\/","og_site_name":"cgmap.org","article_modified_time":"2024-12-05T12:05:10+00:00","og_image":[{"width":4748,"height":2717,"url":"https:\/\/cgmap.org\/app\/uploads\/2024\/12\/ENG-e1733398107307.png","type":"image\/png"}],"twitter_card":"summary_large_image","twitter_misc":{"Est. reading time":"7 minutes"},"schema":{"@context":"https:\/\/schema.org","@graph":[{"@type":"WebSite","@id":"https:\/\/cgmap.org\/#website","url":"https:\/\/cgmap.org\/","name":"cgmap.org","description":"Koalicija za prevenciju genocida i masovnih zlo\u010dina na Zapadnom Balkanu","potentialAction":[{"@type":"SearchAction","target":{"@type":"EntryPoint","urlTemplate":"https:\/\/cgmap.org\/?s={search_term_string}"},"query-input":"required name=search_term_string"}],"inLanguage":"bs-BA"},{"@type":"ImageObject","@id":"https:\/\/cgmap.org\/bs\/projekti\/izgradnja-zajednicke-agende-za-prevenciju-na-zapadnom-balkanu\/#primaryimage","inLanguage":"bs-BA","url":"https:\/\/cgmap.org\/app\/uploads\/2024\/12\/ENG-e1733398107307.png","contentUrl":"https:\/\/cgmap.org\/app\/uploads\/2024\/12\/ENG-e1733398107307.png","width":4748,"height":2717},{"@type":"WebPage","@id":"https:\/\/cgmap.org\/bs\/projekti\/izgradnja-zajednicke-agende-za-prevenciju-na-zapadnom-balkanu\/#webpage","url":"https:\/\/cgmap.org\/bs\/projekti\/izgradnja-zajednicke-agende-za-prevenciju-na-zapadnom-balkanu\/","name":"Izgradnja zajedni\u010dke agende za prevenciju na Zapadnom Balkanu - cgmap.org","isPartOf":{"@id":"https:\/\/cgmap.org\/#website"},"primaryImageOfPage":{"@id":"https:\/\/cgmap.org\/bs\/projekti\/izgradnja-zajednicke-agende-za-prevenciju-na-zapadnom-balkanu\/#primaryimage"},"datePublished":"2024-12-05T12:00:03+00:00","dateModified":"2024-12-05T12:05:10+00:00","breadcrumb":{"@id":"https:\/\/cgmap.org\/bs\/projekti\/izgradnja-zajednicke-agende-za-prevenciju-na-zapadnom-balkanu\/#breadcrumb"},"inLanguage":"bs-BA","potentialAction":[{"@type":"ReadAction","target":["https:\/\/cgmap.org\/bs\/projekti\/izgradnja-zajednicke-agende-za-prevenciju-na-zapadnom-balkanu\/"]}]},{"@type":"BreadcrumbList","@id":"https:\/\/cgmap.org\/bs\/projekti\/izgradnja-zajednicke-agende-za-prevenciju-na-zapadnom-balkanu\/#breadcrumb","itemListElement":[{"@type":"ListItem","position":1,"name":"Home","item":"https:\/\/cgmap.org\/"},{"@type":"ListItem","position":2,"name":"Projekti","item":"https:\/\/cgmap.org\/bs\/projekti\/"},{"@type":"ListItem","position":3,"name":"Izgradnja zajedni\u010dke agende za prevenciju na Zapadnom Balkanu"}]}]}},"_links":{"self":[{"href":"https:\/\/cgmap.org\/bs\/wp-json\/wp\/v2\/pages\/1885"}],"collection":[{"href":"https:\/\/cgmap.org\/bs\/wp-json\/wp\/v2\/pages"}],"about":[{"href":"https:\/\/cgmap.org\/bs\/wp-json\/wp\/v2\/types\/page"}],"author":[{"embeddable":true,"href":"https:\/\/cgmap.org\/bs\/wp-json\/wp\/v2\/users\/2"}],"replies":[{"embeddable":true,"href":"https:\/\/cgmap.org\/bs\/wp-json\/wp\/v2\/comments?post=1885"}],"version-history":[{"count":6,"href":"https:\/\/cgmap.org\/bs\/wp-json\/wp\/v2\/pages\/1885\/revisions"}],"predecessor-version":[{"id":1893,"href":"https:\/\/cgmap.org\/bs\/wp-json\/wp\/v2\/pages\/1885\/revisions\/1893"}],"up":[{"embeddable":true,"href":"https:\/\/cgmap.org\/bs\/wp-json\/wp\/v2\/pages\/597"}],"wp:featuredmedia":[{"embeddable":true,"href":"https:\/\/cgmap.org\/bs\/wp-json\/wp\/v2\/media\/1758"}],"wp:attachment":[{"href":"https:\/\/cgmap.org\/bs\/wp-json\/wp\/v2\/media?parent=1885"}],"curies":[{"name":"wp","href":"https:\/\/api.w.org\/{rel}","templated":true}]}}