{"id":595,"date":"2020-04-22T20:39:01","date_gmt":"2020-04-22T18:39:01","guid":{"rendered":"https:\/\/cgmap.org\/?page_id=595"},"modified":"2021-02-25T15:40:01","modified_gmt":"2021-02-25T14:40:01","slug":"prijatelji","status":"publish","type":"page","link":"https:\/\/cgmap.org\/bs\/prijatelji\/","title":{"rendered":"Prijatelji"},"content":{"rendered":"\t\t<div data-elementor-type=\"wp-page\" data-elementor-id=\"595\" class=\"elementor elementor-595 elementor-188\">\n\t\t\t\t\t\t<div class=\"elementor-inner\">\n\t\t\t\t<div class=\"elementor-section-wrap\">\n\t\t\t\t\t\t\t\t\t<section class=\"elementor-section elementor-top-section elementor-element elementor-element-998555e elementor-section-height-min-height elementor-section-boxed elementor-section-height-default elementor-section-items-middle\" data-id=\"998555e\" data-element_type=\"section\" data-settings=\"{&quot;background_background&quot;:&quot;classic&quot;,&quot;shape_divider_bottom&quot;:&quot;tilt&quot;}\">\n\t\t\t\t\t\t\t<div class=\"elementor-background-overlay\"><\/div>\n\t\t\t\t\t\t<div class=\"elementor-shape elementor-shape-bottom\" data-negative=\"false\">\n\t\t\t<svg xmlns=\"http:\/\/www.w3.org\/2000\/svg\" viewBox=\"0 0 1000 100\" preserveAspectRatio=\"none\">\n\t<path class=\"elementor-shape-fill\" d=\"M0,6V0h1000v100L0,6z\"\/>\n<\/svg>\t\t<\/div>\n\t\t\t\t\t<div class=\"elementor-container elementor-column-gap-default\">\n\t\t\t\t\t\t\t<div class=\"elementor-row\">\n\t\t\t\t\t<div class=\"elementor-column elementor-col-100 elementor-top-column elementor-element elementor-element-db21a7f\" data-id=\"db21a7f\" data-element_type=\"column\">\n\t\t\t<div class=\"elementor-column-wrap elementor-element-populated\">\n\t\t\t\t\t\t\t<div class=\"elementor-widget-wrap\">\n\t\t\t\t\t\t\t\t<\/div>\n\t\t\t\t\t<\/div>\n\t\t<\/div>\n\t\t\t\t\t\t\t\t<\/div>\n\t\t\t\t\t<\/div>\n\t\t<\/section>\n\t\t\t\t<section class=\"elementor-section elementor-top-section elementor-element elementor-element-48fa09ea elementor-section-boxed elementor-section-height-default elementor-section-height-default\" data-id=\"48fa09ea\" data-element_type=\"section\">\n\t\t\t\t\t\t<div class=\"elementor-container elementor-column-gap-default\">\n\t\t\t\t\t\t\t<div class=\"elementor-row\">\n\t\t\t\t\t<div class=\"elementor-column elementor-col-100 elementor-top-column elementor-element elementor-element-27cdbb90\" data-id=\"27cdbb90\" data-element_type=\"column\">\n\t\t\t<div class=\"elementor-column-wrap elementor-element-populated\">\n\t\t\t\t\t\t\t<div class=\"elementor-widget-wrap\">\n\t\t\t\t\t\t<div class=\"elementor-element elementor-element-4d00d16 elementor-widget elementor-widget-heading\" data-id=\"4d00d16\" data-element_type=\"widget\" data-widget_type=\"heading.default\">\n\t\t\t\t<div class=\"elementor-widget-container\">\n\t\t\t<h2 class=\"elementor-heading-title elementor-size-default\">Prijatelji koalicije \/ Trenirane organizacije<\/h2>\t\t<\/div>\n\t\t\t\t<\/div>\n\t\t\t\t<div class=\"elementor-element elementor-element-7302dea elementor-widget elementor-widget-text-editor\" data-id=\"7302dea\" data-element_type=\"widget\" data-widget_type=\"text-editor.default\">\n\t\t\t\t<div class=\"elementor-widget-container\">\n\t\t\t\t\t\t\t\t<div class=\"elementor-text-editor elementor-clearfix\">\n\t\t\t\t<p>Ispod su organizacije koje su prisustvovale na\u0161im godi\u0161njim seminarima o prevenciji genocida od 2011. godine do danas.\u00a0<\/p><p>Teme ovih seminara bile su izazovi i inihibitori ratnih zlo\u010dina, genocida i zlo\u010dina protiv \u010dovje\u010dnosti po\u010dinjenih u regiji zapadnog Balkana.<\/p><p>Za vi\u0161e informacija o tome kako postati na\u0161 saradnik ili u\u010destvovati u na\u0161im aktivnostima, pi\u0161ite nam na\u00a0<a href=\"mailto:cgmap.balkans@gmail.com\">cgmap.balkans@gmail.com<\/a><\/p><h4>BOSNA I HERCEGOVINA<\/h4><ul><li>Udru\u017eenje \u201cPrijatelji Srebrenice\u201d, Srebrenica (2012)<\/li><li>Kancelarija za ljudska prava, Tuzla (2012)<\/li><li>Udru\u017eenje za prava ubijenih i nestalih lica, Banja Luka (2011)<\/li><li>Me\u0111unarodni krivi\u010dni sud za biv\u0161u Jugoslaviju (2011 \u2013 2017)<\/li><li>Udru\u017eenje za prava ubijenih i nestalih lica, Vogo\u0161\u0107a (2011)<\/li><li>Jer me se Ti\u010de, Prijedor (2013)<\/li><li>Udru\u017eenje za prava nestalih lica, Lopare (2011)<\/li><li>Koridor, Sarajevo (2011)<\/li><li>Udru\u017eenje \u201dMajke Srebrenice\u201d, Srebrenica (2011)<\/li><li>Medica Zenica, Zenica (2011)<\/li><li>Udru\u017eenje Prijedor 92, Prijedor (2011)<\/li><li>Nansen Dialogue Centar, Mostar (2011)<\/li><li>Udru\u017eenje \u017eena \u201dRogatica\u201d, Rogatica (2011)<\/li><li>Omladinsko udru\u017eenje \u201d\u010cisto srce\u201d, Prijedor (2014)<\/li><li>Udruga za dru\u0161tvena istra\u017eivanja i komunikacije, Sarajevo (2013) (2017)<\/li><li>Udru\u017eenje \u201dStop mr\u017enji na internetu\u201d, Pale (2014)<\/li><li>Udru\u017eenje studenata socijalnog rada, Mostar (2012)<\/li><li>TRIAL, Sarajevo (2011)<\/li><li>UG Benevolentia, Banja Luka (2012)<\/li><li>Udru\u017eenje \u017ertava i svjedoka genocida, Sarajevo (2014)<\/li><li>Vermont, Br\u010dko (2011)<\/li><li>Udru\u017eenje \u201dVi\u0161egrad 92\u201d, Vi\u0161egrad (2011)<\/li><li>Viktorija 99 Jajce, Jajce (2011)<\/li><li>Udru\u017eenje \u201c\u017dene za \u017eene\u201d, Sarajevo (2012)<\/li><li>VIVA \u017dene, Tuzla (2011 \u2013 2012)<\/li><li>Udru\u017eenje \u201dUdru\u017eene \u017eene\u201d, Banja Luka (2012)<\/li><li>Atlanska Inicijativa, Sarajevo (2011)<\/li><li>Forum ZFD, Sarajevo (2016 \u2013 2017)<\/li><li>Udru\u017eenje Logora\u0161a BiH, Sarajevo (2011)<\/li><li>Udru\u017eenje Logora\u0161a Vi\u0161egrad, Vi\u0161egrad (2011)<\/li><li>Catholic Relief Services (CRS), Sarajevo (2011), (2013)<\/li><li>Civil Rights Defenders, Sarajevo (2016 \u2013 2017)<\/li><li>Centar za ljudska prava, Sarajevo (2011)<\/li><\/ul><h4>HRVATSKA<\/h4><ul><li>Centar za mir, nenasilje i ljudska prava, Osijek (2012)<\/li><li>Koalicija za rad sa psihotraumom i za mir, Vukovar (2012)<\/li><li>Iskorak, Zagreb (2012)<\/li><\/ul><h4>CRNA GORA<\/h4><ul><li>Akcija za ljudska, Podgorica (2014)<\/li><li>Udru\u017eenje gra\u0111ana \u2018\u2019DAMI\u201d, Podgorica (2012)<\/li><li>CET Platforma, Podgorica (2013)<\/li><li>Centar za gra\u0111ansko obrazovanje, Podgorica (2017)<\/li><\/ul><h4>SJEVERNA MAKEDONIJA<\/h4><ul><li>Udru\u017eenje Roma, Tetovo (2013)<\/li><li>Centar gra\u0111anske inicijative, Prilep (2012)<\/li><li>Udru\u017eenje mladih pravnika, Skoplje (2013)<\/li><li>Centar gra\u0111anske inicijative, Skoplje (2013)<\/li><li>Centar za istra\u017eivanje sigurnosti, odbrane i mira, Skoplje (2013)<\/li><li>Dokumentaciono-istra\u017eiva\u010dki centar za sigurnost i mir, Skoplje (2014)<\/li><li>Udru\u017eenje studenata \u201dWay Out\u201d, Skoplje (2013)<\/li><li>Evropski centar \u201dLink\u201d, Gostivar (2013)<\/li><\/ul><h4>SRBIJA<\/h4><ul><li>Alijansa mladih, Sjenica (2014)<\/li><li>Heartefact Fond, Beograd (2012)<\/li><li>Centar 9, Beograd (2013)<\/li><li>CANVAS, Beograd (2012)<\/li><li>Centar za razvoj civilnog dru\u0161tva, Novi Sad (2014)<\/li><li>Centar za ravnopravnost, Beograd (2014)<\/li><li>Centar za istra\u017eivanje sigurnosti i odbrane, Beograd (2013 \u2013 2014)<\/li><li>Centar za za\u0161titu ljudskih prava i toleranciju, Prijepolje (2013) (2016) (2017)<\/li><li>\u017dene u crnom, Beograd (2014)<\/li><li>Omladinski centra za kulturu i obrazovanje, Priboj (2014)<\/li><li>Kulturni centar \u201dDamaD\u201d, Novi Pazar (2012)<\/li><li>Grupa 484, Beograd (2012)<\/li><\/ul>\t\t\t\t\t<\/div>\n\t\t\t\t\t\t<\/div>\n\t\t\t\t<\/div>\n\t\t\t\t\t\t<\/div>\n\t\t\t\t\t<\/div>\n\t\t<\/div>\n\t\t\t\t\t\t\t\t<\/div>\n\t\t\t\t\t<\/div>\n\t\t<\/section>\n\t\t\t\t\t\t\t\t\t<\/div>\n\t\t\t<\/div>\n\t\t\t\t\t<\/div>\n\t\t","protected":false},"excerpt":{"rendered":"<p>Prijatelji koalicije \/ Trenirane organizacije Ispod su organizacije koje su prisustvovale na\u0161im godi\u0161njim seminarima o prevenciji genocida od 2011. godine do danas. Teme ovih seminara bile su izazovi i inihibitori ratnih zlo\u010dina, genocida i zlo\u010dina protiv \u010dovje\u010dnosti po\u010dinjenih u regiji zapadnog Balkana. Za vi\u0161e informacija o tome kako postati na\u0161 saradnik ili u\u010destvovati u na\u0161im [&hellip;]<\/p>\n","protected":false},"author":1,"featured_media":109,"parent":0,"menu_order":6,"comment_status":"closed","ping_status":"closed","template":"elementor_header_footer","meta":{"_mi_skip_tracking":false},"yoast_head":"<!-- This site is optimized with the Yoast SEO plugin v18.5.1 - https:\/\/yoast.com\/wordpress\/plugins\/seo\/ -->\n<title>Prijatelji - cgmap.org<\/title>\n<meta name=\"robots\" content=\"index, follow, max-snippet:-1, max-image-preview:large, max-video-preview:-1\" \/>\n<link rel=\"canonical\" href=\"https:\/\/cgmap.org\/bs\/prijatelji\/\" \/>\n<meta property=\"og:locale\" content=\"bs_BA\" \/>\n<meta property=\"og:type\" content=\"article\" \/>\n<meta property=\"og:title\" content=\"Prijatelji - cgmap.org\" \/>\n<meta property=\"og:description\" content=\"Prijatelji koalicije \/ Trenirane organizacije Ispod su organizacije koje su prisustvovale na\u0161im godi\u0161njim seminarima o prevenciji genocida od 2011. godine do danas. Teme ovih seminara bile su izazovi i inihibitori ratnih zlo\u010dina, genocida i zlo\u010dina protiv \u010dovje\u010dnosti po\u010dinjenih u regiji zapadnog Balkana. Za vi\u0161e informacija o tome kako postati na\u0161 saradnik ili u\u010destvovati u na\u0161im [&hellip;]\" \/>\n<meta property=\"og:url\" content=\"https:\/\/cgmap.org\/bs\/prijatelji\/\" \/>\n<meta property=\"og:site_name\" content=\"cgmap.org\" \/>\n<meta property=\"article:modified_time\" content=\"2021-02-25T14:40:01+00:00\" \/>\n<meta property=\"og:image\" content=\"https:\/\/cgmap.org\/app\/uploads\/2020\/04\/placeholder.jpg\" \/>\n\t<meta property=\"og:image:width\" content=\"1200\" \/>\n\t<meta property=\"og:image:height\" content=\"813\" \/>\n\t<meta property=\"og:image:type\" content=\"image\/jpeg\" \/>\n<meta name=\"twitter:card\" content=\"summary_large_image\" \/>\n<meta name=\"twitter:label1\" content=\"Est. reading time\" \/>\n\t<meta name=\"twitter:data1\" content=\"2 minutes\" \/>\n<script type=\"application\/ld+json\" class=\"yoast-schema-graph\">{\"@context\":\"https:\/\/schema.org\",\"@graph\":[{\"@type\":\"WebSite\",\"@id\":\"https:\/\/cgmap.org\/#website\",\"url\":\"https:\/\/cgmap.org\/\",\"name\":\"cgmap.org\",\"description\":\"Koalicija za prevenciju genocida i masovnih zlo\u010dina na Zapadnom Balkanu\",\"potentialAction\":[{\"@type\":\"SearchAction\",\"target\":{\"@type\":\"EntryPoint\",\"urlTemplate\":\"https:\/\/cgmap.org\/?s={search_term_string}\"},\"query-input\":\"required name=search_term_string\"}],\"inLanguage\":\"bs-BA\"},{\"@type\":\"ImageObject\",\"@id\":\"https:\/\/cgmap.org\/bs\/prijatelji\/#primaryimage\",\"inLanguage\":\"bs-BA\",\"url\":\"https:\/\/cgmap.org\/app\/uploads\/2020\/04\/placeholder.jpg\",\"contentUrl\":\"https:\/\/cgmap.org\/app\/uploads\/2020\/04\/placeholder.jpg\",\"width\":1200,\"height\":813},{\"@type\":\"WebPage\",\"@id\":\"https:\/\/cgmap.org\/bs\/prijatelji\/#webpage\",\"url\":\"https:\/\/cgmap.org\/bs\/prijatelji\/\",\"name\":\"Prijatelji - cgmap.org\",\"isPartOf\":{\"@id\":\"https:\/\/cgmap.org\/#website\"},\"primaryImageOfPage\":{\"@id\":\"https:\/\/cgmap.org\/bs\/prijatelji\/#primaryimage\"},\"datePublished\":\"2020-04-22T18:39:01+00:00\",\"dateModified\":\"2021-02-25T14:40:01+00:00\",\"breadcrumb\":{\"@id\":\"https:\/\/cgmap.org\/bs\/prijatelji\/#breadcrumb\"},\"inLanguage\":\"bs-BA\",\"potentialAction\":[{\"@type\":\"ReadAction\",\"target\":[\"https:\/\/cgmap.org\/bs\/prijatelji\/\"]}]},{\"@type\":\"BreadcrumbList\",\"@id\":\"https:\/\/cgmap.org\/bs\/prijatelji\/#breadcrumb\",\"itemListElement\":[{\"@type\":\"ListItem\",\"position\":1,\"name\":\"Home\",\"item\":\"https:\/\/cgmap.org\/\"},{\"@type\":\"ListItem\",\"position\":2,\"name\":\"Prijatelji\"}]}]}<\/script>\n<!-- \/ Yoast SEO plugin. -->","yoast_head_json":{"title":"Prijatelji - cgmap.org","robots":{"index":"index","follow":"follow","max-snippet":"max-snippet:-1","max-image-preview":"max-image-preview:large","max-video-preview":"max-video-preview:-1"},"canonical":"https:\/\/cgmap.org\/bs\/prijatelji\/","og_locale":"bs_BA","og_type":"article","og_title":"Prijatelji - cgmap.org","og_description":"Prijatelji koalicije \/ Trenirane organizacije Ispod su organizacije koje su prisustvovale na\u0161im godi\u0161njim seminarima o prevenciji genocida od 2011. godine do danas. Teme ovih seminara bile su izazovi i inihibitori ratnih zlo\u010dina, genocida i zlo\u010dina protiv \u010dovje\u010dnosti po\u010dinjenih u regiji zapadnog Balkana. Za vi\u0161e informacija o tome kako postati na\u0161 saradnik ili u\u010destvovati u na\u0161im [&hellip;]","og_url":"https:\/\/cgmap.org\/bs\/prijatelji\/","og_site_name":"cgmap.org","article_modified_time":"2021-02-25T14:40:01+00:00","og_image":[{"width":1200,"height":813,"url":"https:\/\/cgmap.org\/app\/uploads\/2020\/04\/placeholder.jpg","type":"image\/jpeg"}],"twitter_card":"summary_large_image","twitter_misc":{"Est. reading time":"2 minutes"},"schema":{"@context":"https:\/\/schema.org","@graph":[{"@type":"WebSite","@id":"https:\/\/cgmap.org\/#website","url":"https:\/\/cgmap.org\/","name":"cgmap.org","description":"Koalicija za prevenciju genocida i masovnih zlo\u010dina na Zapadnom Balkanu","potentialAction":[{"@type":"SearchAction","target":{"@type":"EntryPoint","urlTemplate":"https:\/\/cgmap.org\/?s={search_term_string}"},"query-input":"required name=search_term_string"}],"inLanguage":"bs-BA"},{"@type":"ImageObject","@id":"https:\/\/cgmap.org\/bs\/prijatelji\/#primaryimage","inLanguage":"bs-BA","url":"https:\/\/cgmap.org\/app\/uploads\/2020\/04\/placeholder.jpg","contentUrl":"https:\/\/cgmap.org\/app\/uploads\/2020\/04\/placeholder.jpg","width":1200,"height":813},{"@type":"WebPage","@id":"https:\/\/cgmap.org\/bs\/prijatelji\/#webpage","url":"https:\/\/cgmap.org\/bs\/prijatelji\/","name":"Prijatelji - cgmap.org","isPartOf":{"@id":"https:\/\/cgmap.org\/#website"},"primaryImageOfPage":{"@id":"https:\/\/cgmap.org\/bs\/prijatelji\/#primaryimage"},"datePublished":"2020-04-22T18:39:01+00:00","dateModified":"2021-02-25T14:40:01+00:00","breadcrumb":{"@id":"https:\/\/cgmap.org\/bs\/prijatelji\/#breadcrumb"},"inLanguage":"bs-BA","potentialAction":[{"@type":"ReadAction","target":["https:\/\/cgmap.org\/bs\/prijatelji\/"]}]},{"@type":"BreadcrumbList","@id":"https:\/\/cgmap.org\/bs\/prijatelji\/#breadcrumb","itemListElement":[{"@type":"ListItem","position":1,"name":"Home","item":"https:\/\/cgmap.org\/"},{"@type":"ListItem","position":2,"name":"Prijatelji"}]}]}},"_links":{"self":[{"href":"https:\/\/cgmap.org\/bs\/wp-json\/wp\/v2\/pages\/595"}],"collection":[{"href":"https:\/\/cgmap.org\/bs\/wp-json\/wp\/v2\/pages"}],"about":[{"href":"https:\/\/cgmap.org\/bs\/wp-json\/wp\/v2\/types\/page"}],"author":[{"embeddable":true,"href":"https:\/\/cgmap.org\/bs\/wp-json\/wp\/v2\/users\/1"}],"replies":[{"embeddable":true,"href":"https:\/\/cgmap.org\/bs\/wp-json\/wp\/v2\/comments?post=595"}],"version-history":[{"count":10,"href":"https:\/\/cgmap.org\/bs\/wp-json\/wp\/v2\/pages\/595\/revisions"}],"predecessor-version":[{"id":1281,"href":"https:\/\/cgmap.org\/bs\/wp-json\/wp\/v2\/pages\/595\/revisions\/1281"}],"wp:featuredmedia":[{"embeddable":true,"href":"https:\/\/cgmap.org\/bs\/wp-json\/wp\/v2\/media\/109"}],"wp:attachment":[{"href":"https:\/\/cgmap.org\/bs\/wp-json\/wp\/v2\/media?parent=595"}],"curies":[{"name":"wp","href":"https:\/\/api.w.org\/{rel}","templated":true}]}}