{"id":76,"date":"2020-04-19T17:29:09","date_gmt":"2020-04-19T15:29:09","guid":{"rendered":"https:\/\/cgmap.org\/?page_id=76"},"modified":"2021-02-25T15:53:00","modified_gmt":"2021-02-25T14:53:00","slug":"nas-rad","status":"publish","type":"page","link":"https:\/\/cgmap.org\/bs\/nas-rad\/","title":{"rendered":"Na\u0161 rad"},"content":{"rendered":"\t\t<div data-elementor-type=\"wp-page\" data-elementor-id=\"76\" class=\"elementor elementor-76 elementor-8\">\n\t\t\t\t\t\t<div class=\"elementor-inner\">\n\t\t\t\t<div class=\"elementor-section-wrap\">\n\t\t\t\t\t\t\t\t\t<section class=\"elementor-section elementor-top-section elementor-element elementor-element-56f2d8d elementor-section-height-min-height elementor-section-boxed elementor-section-height-default elementor-section-items-middle\" data-id=\"56f2d8d\" data-element_type=\"section\" data-settings=\"{&quot;background_background&quot;:&quot;classic&quot;,&quot;shape_divider_bottom&quot;:&quot;tilt&quot;}\">\n\t\t\t\t\t\t\t<div class=\"elementor-background-overlay\"><\/div>\n\t\t\t\t\t\t<div class=\"elementor-shape elementor-shape-bottom\" data-negative=\"false\">\n\t\t\t<svg xmlns=\"http:\/\/www.w3.org\/2000\/svg\" viewBox=\"0 0 1000 100\" preserveAspectRatio=\"none\">\n\t<path class=\"elementor-shape-fill\" d=\"M0,6V0h1000v100L0,6z\"\/>\n<\/svg>\t\t<\/div>\n\t\t\t\t\t<div class=\"elementor-container elementor-column-gap-default\">\n\t\t\t\t\t\t\t<div class=\"elementor-row\">\n\t\t\t\t\t<div class=\"elementor-column elementor-col-100 elementor-top-column elementor-element elementor-element-74d54ab3\" data-id=\"74d54ab3\" data-element_type=\"column\">\n\t\t\t<div class=\"elementor-column-wrap elementor-element-populated\">\n\t\t\t\t\t\t\t<div class=\"elementor-widget-wrap\">\n\t\t\t\t\t\t\t\t<\/div>\n\t\t\t\t\t<\/div>\n\t\t<\/div>\n\t\t\t\t\t\t\t\t<\/div>\n\t\t\t\t\t<\/div>\n\t\t<\/section>\n\t\t\t\t<section class=\"elementor-section elementor-top-section elementor-element elementor-element-1b4f54e elementor-section-boxed elementor-section-height-default elementor-section-height-default\" data-id=\"1b4f54e\" data-element_type=\"section\">\n\t\t\t\t\t\t<div class=\"elementor-container elementor-column-gap-default\">\n\t\t\t\t\t\t\t<div class=\"elementor-row\">\n\t\t\t\t\t<div class=\"elementor-column elementor-col-100 elementor-top-column elementor-element elementor-element-788a82d\" data-id=\"788a82d\" data-element_type=\"column\">\n\t\t\t<div class=\"elementor-column-wrap elementor-element-populated\">\n\t\t\t\t\t\t\t<div class=\"elementor-widget-wrap\">\n\t\t\t\t\t\t<div class=\"elementor-element elementor-element-4ce97e9 elementor-widget elementor-widget-heading\" data-id=\"4ce97e9\" data-element_type=\"widget\" data-widget_type=\"heading.default\">\n\t\t\t\t<div class=\"elementor-widget-container\">\n\t\t\t<h2 class=\"elementor-heading-title elementor-size-default\">Zajedni\u010dki projekti i aktivnosti\n<\/h2>\t\t<\/div>\n\t\t\t\t<\/div>\n\t\t\t\t<div class=\"elementor-element elementor-element-10db16d elementor-widget elementor-widget-heading\" data-id=\"10db16d\" data-element_type=\"widget\" data-widget_type=\"heading.default\">\n\t\t\t\t<div class=\"elementor-widget-container\">\n\t\t\t<h3 class=\"elementor-heading-title elementor-size-default\">2017<\/h3>\t\t<\/div>\n\t\t\t\t<\/div>\n\t\t\t\t<div class=\"elementor-element elementor-element-0f3dc70 elementor-widget elementor-widget-text-editor\" data-id=\"0f3dc70\" data-element_type=\"widget\" data-widget_type=\"text-editor.default\">\n\t\t\t\t<div class=\"elementor-widget-container\">\n\t\t\t\t\t\t\t\t<div class=\"elementor-text-editor elementor-clearfix\">\n\t\t\t\t<h5>MAJ 2017: Komemoracija Masakra u Tuzli<\/h5><p>\u010clanovi koalicije (CPI, Inicijativa mladih za ljudska prava BiH i Inicijativa mladih za ljudska prava Srbije) koordinirali su aktivnosti na obilje\u017eavanju 27. godi\u0161njice masakra u Tuzli. Organizacije CGMAP-a uspje\u0161no su razmijenjivale informacije, u\u010destvovale u zajedni\u010dkim aktivnostima i zajedno predstavljale koaliciju povodom 25. maja 1995. godine, dana kada je Vojska Republike Srpske po\u010dela artiljerijski napad na grad Tuzla u isto\u010dnoj Bosni, u kojem je poginulo 71, a ranjeno 240 ljudi.<\/p><h5>JUNI 2017: MKSJ konferencija ,,Dijalozi o naslije\u0111u&#8221; \u2013 Sarajevo 2017<\/h5><p>\u010clanovi koalicije (CPI i Omladinski resursni centar) u\u010destvovali su u doga\u0111aju \u201eObnavljanje kulture mira\u201c, koji je organizovan u okviru aktivnosti Me\u0111unarodnog krivi\u010dnog suda za biv\u0161u Jugoslaviju. Panelisti i publika istra\u017eivali su dru\u0161tvene, ekonomske i politi\u010dke izazove u izgradnji odr\u017eivog mira u regiji. Istovremeno su tra\u017eili na\u010dine kako konvencionalni i nekonvencionalni mehanizmi tranzicijske pravde mogu pomo\u0107i izgradnji pravednih dru\u0161tava, sa zdravim demokratskim sistemima. Budu\u0107i da su i \u010dlanovi koalicije predstavili informacije o CGMAP-u, ovaj doga\u0111aj je slu\u017eio kao slu\u017ebeno pokretanje koalicije u Bosni i Hercegovini.<\/p><h5>JUNI\/JULI 2017: WARM Festival 2017<\/h5><p>\u010clanovi koalicije (CPI i Balkanska istra\u017eiva\u010dka mre\u017ea \u2013 BIRN BiH) u\u010destvovali su na simpoziju pravde WARM festivala pod nazivom \u201cKonvencionalni i nekonvencionalni pristupi tranzicijskoj pravdi\u201d. Panelisti su razgovarali o tranzicijskoj pravdi i na\u010dinima na koje kolaborativna izlo\u017eba CPI-a \u201eTranzicije\u201c, osvjetljava stanje tranzicione pravde u Bosni i Hercegovini i \u0161irom svijeta. Simpoziju i otvaranju izlo\u017ebe prisustvovalo je vi\u0161e od 100 ljudi, me\u0111u kojima su bili i predstavnici medija, OCD-a, mladih i \u0161ire javnosti.<\/p><h5>AVGUST 2017: Saradnja s projektom Sarajevo Film Festivala: \u201eSuo\u010davanje sa pro\u0161lo\u0161\u0107u\u201c:<\/h5><p>Projekt \u201cSuo\u010davanje s pro\u0161lo\u0161\u0107u\u201d Sarajevo Film Festivala posve\u0107en je promovisanju dijaloga i mira kroz podizanje svijesti o dalekose\u017enim i nerije\u0161enim posljedicama ratova devedesetih na prostoru biv\u0161e Jugoslavije. Cilj je bio povezati strane koje su bile uklju\u010dene u ratove u \u0161irenje neospornih \u010dinjenica o njima. Projekt je podr\u017eala Fondacija Robert Bosch Stiftung i predstavljen je u partnerstvu sa Al Jazeerom Balkans i Ambasadom Sjedinjenih Ameri\u010dkih Dr\u017eava u Bosni i Hercegovini. CPI je bio lokalni projektni partner CGMAP-a, te je tako povezao nekoliko \u010dlanova koalicije s organizatorima festivala kako bi mogli prezentirati svoje pri\u010de i projekte na \u201eSuo\u010davanju sa pro\u0161lo\u0161\u0107u\u201c. Rije\u010d je o jedinstvenom doga\u0111aju koji povezuje filmske stvaraoce sa organizacijama koje istra\u017euju i dokumentuju ratove u biv\u0161oj Jugoslaviji. Cilj je pri\u010de podijeliti sa \u0161irom publikom. Svake godine Sarajevo Film Festival posjeti preko 100.000 filmskih stvaralaca, umjetnika i \u0161ire javnosti iz Bosne i Hercegovine, Evrope i svijeta.<\/p><h5>KROZ 2017: MKSJ \u2013 SLU\u010cAJ KOSOVO, 1998-1999<\/h5><p>\u010clanovi koalicije (CPI, Centar za humanitarno pravo Kosovo i Centar za dokumentaciju o ratnim zlo\u010dinima) radili su na projektu predstavljanja zajedni\u010dke naracije o konfliktu na Kosovu na osnovu \u010dinjenica koje je utvrdio sud.<\/p><h5>KROZ 2017: Rje\u0161avanje problema radikalizacije<\/h5><p>\u010clanovi koalicije (pod mentorstvom DOKUMENTA-e i Centra za suo\u010davanje s pro\u0161lo\u0161\u0107u) radili su na zajedni\u010dkom projektu u Bosni i Hercegovini, Hrvatskoj, Sjevernoj Makedoniji i Srbiji. Projekt je imao za cilj da procijeni odnos izme\u0111u stabilnosti politi\u010dkih sistema i sklonosti politi\u010dkoj radikalizaciji i terorizmu u ovim zemljama. \u010clanovi koalicije istra\u017eivali su ideju da nedostatak povjerenja u institucije pove\u0107ava vjerovatnost da ljudi tra\u017ee radikalna rje\u0161enja, pove\u0107avaju\u0107i njihovu osjetljivost na propagandu ili \u010dak regrutovanje od strane ekstremisti\u010dkih grupa.<\/p>\t\t\t\t\t<\/div>\n\t\t\t\t\t\t<\/div>\n\t\t\t\t<\/div>\n\t\t\t\t<div class=\"elementor-element elementor-element-321252e elementor-widget elementor-widget-heading\" data-id=\"321252e\" data-element_type=\"widget\" data-widget_type=\"heading.default\">\n\t\t\t\t<div class=\"elementor-widget-container\">\n\t\t\t<h3 class=\"elementor-heading-title elementor-size-default\">2018<\/h3>\t\t<\/div>\n\t\t\t\t<\/div>\n\t\t\t\t<div class=\"elementor-element elementor-element-a7d822a elementor-widget elementor-widget-text-editor\" data-id=\"a7d822a\" data-element_type=\"widget\" data-widget_type=\"text-editor.default\">\n\t\t\t\t<div class=\"elementor-widget-container\">\n\t\t\t\t\t\t\t\t<div class=\"elementor-text-editor elementor-clearfix\">\n\t\t\t\t<h5>AVGUST 2018: Mirovni kamp \u201eUljep\u0161ajmo mir\u201c<\/h5><p>U avgustu 2018. godine \u010dlanovi koalicije (CPI i PRONI Centar za razvoj mladih) organizirali su zajedni\u010dke aktivnosti za vrijeme mirovnog kampa \u201eUljep\u0161ajmo mir\u201c u Br\u010dko Distriktu, Bosna i Hercegovina. Tokom ovog doga\u0111aja, koji je podr\u017eala Ambasada Sjedinjenih Ameri\u010dkih Dr\u017eava u Bosni i Hercegovini, organizacije su omogu\u0107ile mirovne aktivnosti za 70 mladih iz 16 op\u0161tina iz Bosne i Hercegovine.<\/p><h5>DECEMBAR 2018: Cijena rada za prakti\u010dare rje\u0161avanja postkonfliktnog sukoba<\/h5><p>15. decembra, 2018. godine PCI je sa dr. Stephanie Arel, Andrew W. Mellon, saradnicom u Memorijalu i Muzeju 11. septembra, organizirao eksperimentalnu radionicu za one koji su uklju\u010deni u procese rje\u0161avanja postkonfliktnih sukoba i oporavljanja od kolektivnih i individualnih trauma. Njegovanje dubljih veza izme\u0111u onih koji rade ne\u0161to sli\u010dno i razumijevanje mehanizama koji stoje iza empatije koju takav rad zahtijeva, neki su od ciljeva ove eksperimentalne radionice. U njoj su u\u010destvovala dva \u010dlana koalicije, BIRN BiH i SARA-Srebrenica. To je bila prva ovakva radionica u Bosni i Hercegovini. Dvije godine kasnije, nastavljamo sa izgradnjom vje\u0161tina za reagiranje na emocionalno osjetljivi, ili uznemiruju\u0107i materijal, i uspostavljamo regionalnu mre\u017eu s korisnim resursima za ljude koji rade ovaj te\u0161ki posao.<\/p><h5>KROZ 2017 i 2018: Stvarni glas novinarstva<\/h5><p>\u010clanovi koalicije (CPI i BIRN BiH) su implementirali projekat pod nazivom \u201cStvarni glas novinarstva\u201d, \u010diji je cilj pobolj\u0161anje cjelokupnog polo\u017eaja novinara i medijskih aktivista, te sprje\u010davanje daljih kr\u0161enja slobode izra\u017eavanja u Bosni i Hercegovini. Kroz projekt su ura\u0111ena istra\u017eivanja \u0161irom zemlje o izazovima, preprekama i pritiscima s kojima se novinari svakodnevno suo\u010davaju, s naglaskom na lokalne medijske ku\u0107e. Ta istra\u017eivanja su rezultirala sveobuhvatnim izvje\u0161tajem koji slu\u017ei kao izvor za prakti\u010dare slobode medija \u0161irom regije. Dobio je veliko interesovanje medija u Bosni i Hercegovini, kao i istra\u017eiva\u010da i novinara \u0161irom Evrope. CPI je napravio i prijedloge za akcije za pobolj\u0161anje kvaliteta novinarstva i za\u0161tite novinara koji su upu\u0107eni klju\u010dnim donosiocima odluka u regiji. Kompletna istra\u017eivanja mogu se na\u0107i online ovdje.<\/p><h5>KROZ 2017 i 2018: Umjetnost i pomirenje: Konflikt, Kultura i Zajednica<\/h5><p>\u010clanovi koalicije (CPI i Fond za humanitarno pravo) sudjelovali su u multidisciplinarnom istra\u017eiva\u010dkom projektu kako bi istra\u017eili trenutnu sliku na temu \u2018pomirenja\u2019 na Zapadnom Balkanu, ali i trenutnu ulogu i potencijalne budu\u0107e uloge umjetnosti u pomirenju. Projekat je organizovan u partnerstvu sa King\u2019s College London, London School of Economics i University of the Arts London. Pored toga, ova dva \u010dlana koalicije sudjelovala su na \u201eSimpozijumu umjetnosti i pomirenja\u201c u Londonu u decembru 2018. godine. Na tom simpoziju su predstavili podatke prikupljene od svojih mirovnih inicijativa zasnovanih na umjetnosti i istra\u017eiva\u010dkih projekata.<\/p>\t\t\t\t\t<\/div>\n\t\t\t\t\t\t<\/div>\n\t\t\t\t<\/div>\n\t\t\t\t<div class=\"elementor-element elementor-element-788a336 elementor-widget elementor-widget-heading\" data-id=\"788a336\" data-element_type=\"widget\" data-widget_type=\"heading.default\">\n\t\t\t\t<div class=\"elementor-widget-container\">\n\t\t\t<h3 class=\"elementor-heading-title elementor-size-default\">2019<\/h3>\t\t<\/div>\n\t\t\t\t<\/div>\n\t\t\t\t<div class=\"elementor-element elementor-element-acae915 elementor-widget elementor-widget-text-editor\" data-id=\"acae915\" data-element_type=\"widget\" data-widget_type=\"text-editor.default\">\n\t\t\t\t<div class=\"elementor-widget-container\">\n\t\t\t\t\t\t\t\t<div class=\"elementor-text-editor elementor-clearfix\">\n\t\t\t\t<h5>FEBRUAR 2019: Budu\u0107nost teme \u201eSuo\u010davanje sa pro\u0161lo\u0161\u0107u\u201c u zemljama biv\u0161e Jugoslavije<\/h5><p>U 2019. godini CGMAP je uspostavio partnerstvo s Memria \u2013 organizacijom koja omogu\u0107ava prikupljanje i analizu audio zapisa iskustava i povratnih informacija u \u0161irokim razmjerima. U februaru 2019. nekoliko \u010dlanova koalicije sudjelovalo je u panel diskusiji koju je organizirala Memria u Sarajevu. Razgovarano je o procesima tranzicijske pravde koji su implementirani mehanizmima i inicijativama koji se bave naslje\u0111em zlo\u010dina po\u010dinjenih u biv\u0161oj Jugoslaviji tokom 1990-ih.<\/p><h5>AVGUST 2019: Kako bolje sara\u0111ivati u Evropi?<\/h5><p>Od 13. do 15. avgusta, CGMAP je sudjelovao u online konsultacijama koje mapirale napore evropskog civilnog dru\u0161tva u cilju odgovora na porast nasilja zasnovanog na identitetu, kako u regiji tako na svojim granicama i \u0161irom svijeta. CPI je, u ime CGMAP-a, moderirao sesiju na temu \u201eKako bolje sara\u0111ivati u Evropi?\u201c i podijelio iskustvo i nau\u010dene lekcije u umre\u017eavanju sa organizacijama i istomi\u0161ljenicima u radu na polju sprje\u010davanja genocida i masovnih zlo\u010dina. Konsultacije su bile organizovane od strane Protection Approaches, a doma\u0107in je bio Peace Direct putem platforme Platform4Dialogue.<\/p>\t\t\t\t\t<\/div>\n\t\t\t\t\t\t<\/div>\n\t\t\t\t<\/div>\n\t\t\t\t\t\t<\/div>\n\t\t\t\t\t<\/div>\n\t\t<\/div>\n\t\t\t\t\t\t\t\t<\/div>\n\t\t\t\t\t<\/div>\n\t\t<\/section>\n\t\t\t\t<section class=\"elementor-section elementor-top-section elementor-element elementor-element-7177b26 elementor-section-boxed elementor-section-height-default elementor-section-height-default\" data-id=\"7177b26\" data-element_type=\"section\">\n\t\t\t\t\t\t<div class=\"elementor-container elementor-column-gap-default\">\n\t\t\t\t\t\t\t<div class=\"elementor-row\">\n\t\t\t\t\t<div class=\"elementor-column elementor-col-100 elementor-top-column elementor-element elementor-element-43feec2\" data-id=\"43feec2\" data-element_type=\"column\">\n\t\t\t<div class=\"elementor-column-wrap elementor-element-populated\">\n\t\t\t\t\t\t\t<div class=\"elementor-widget-wrap\">\n\t\t\t\t\t\t<div class=\"elementor-element elementor-element-007e0da elementor-widget elementor-widget-heading\" data-id=\"007e0da\" data-element_type=\"widget\" data-widget_type=\"heading.default\">\n\t\t\t\t<div class=\"elementor-widget-container\">\n\t\t\t<h2 class=\"elementor-heading-title elementor-size-default\">CGMAP regionalni sastanci<\/h2>\t\t<\/div>\n\t\t\t\t<\/div>\n\t\t\t\t<div class=\"elementor-element elementor-element-a9c9917 elementor-widget elementor-widget-text-editor\" data-id=\"a9c9917\" data-element_type=\"widget\" data-widget_type=\"text-editor.default\">\n\t\t\t\t<div class=\"elementor-widget-container\">\n\t\t\t\t\t\t\t\t<div class=\"elementor-text-editor elementor-clearfix\">\n\t\t\t\t<h5>FEBRUAR 2018: Sastanak sa specijalnim savjetnikom Adam Dieng-om u Sarajevu<\/h5><p>februara 2018. CPI je imao sastanak sa Adamom Dieng-om, specijalnim savjetnikom generalnog sekretara Ujedinjenih nacija za sprje\u010davanje genocida i klju\u010dnih predstavnika bosanskohercegova\u010dkih organizacija civilnog dru\u0161tva (OCD) u uredu Ujedinjenih nacija u Sarajevu. Tokom sastanka, OCD su upoznali g. Dienga s njihovim radom i trenutnim aktivnostima, kao i najve\u0107im izazovima sa kojima se suo\u010davaju u naporima na izgradnji mira. Sastanku su prisustvovali: stalni koordinator UN-a u Bosni i Hercegovini, g\u0111a. Sezin Sinanoglu, predstavnici OCD-a, te \u010dlanovi CGMAP-a (BIRN BiH, Fondacija CURE, Forum ZFD, Omladinski centar \u201dKvart\u201d, Udru\u017eenje Prijelazna pravda, odgovornost i sje\u0107anje i Civil Defenders BiH). Specijalni savjetnik tokom obilaska BIH, razgovarao je i sa \u010dlanovima bosanskohercegova\u010dke vlade, pravosudnih institucija i predstavnicima me\u0111unarodne zajednice.<\/p><h5>JUNI 2018: Poticanje pomirenja na Zapadnom Balkanu: Obnavljanje EU pristupa<\/h5><p>U junu 2018. godine \u010dlanovi koalicije (CPI i Fond za humanitarno pravo) su u\u010destvovali u seminaru \u201ePoticanje pomirenja na Zapadnom Balkanu: Obnavljanje EU pristupa u Briselu\u201c, koji je organizirao Generalni Direktorat Evropske komisije za politiku susjedstva i pregovore o pro\u0161irenju i Evropska slu\u017eba za vanjsko djelovanje. Ove dvije organizacije civilnog dru\u0161tva su bile jedine \u010dlanice koalicije koje su se predstavile na seminaru. Njihove preporuke o kriti\u010dkom preispitivanju pristupa Evropske komisije i podr\u0161ke pomirenju na Zapadnom Balkanu kasnije su kori\u0161tene na Samitu o Zapadnom Balkanu u Londonu.<\/p><h5>OKTOBAR 2018: Regionalna saradnja, odgovornost, istina i pravda u biv\u0161oj Jugoslaviji<\/h5><p>CGMAP je u oktobru sudjelovao na konferenciji \u201dNakon MKSJ-a: Regionalna saradnja, odgovornost, istina i pravda u biv\u0161oj Jugoslaviji\u201d, koju je organizovala BIRN-ova Inicijativa za tranzicijsku pravdu. Konferencija se bavila regionalnom saradnjom u procesuiranju ratnih zlo\u010dina, tra\u017eenjem nestalih osobe, sudjelovanjem \u017ertava i ulogom arhiva, te pitanjima umjetnosti, medija i muzeja u suo\u010davanju s pro\u0161lo\u0161\u0107u. U panelu o narativima su\u0111enja za ratne zlo\u010dine, CPI je razgovarao sa kolegama i \u010dlanovima koalicije iz Inicijative mladih za ljudska prava (Hrvatska), Humanitarnog pravnog centra Kosovo i BIRN (Bosna i Hercegovina).<\/p><h5>MAJ 2019: Sprje\u010davanje nasilja zasnovanog na identitetu i masovni zlo\u010dini<\/h5><p>maja CPI je, u ime CGMAP-a, u\u010destvovao na sastanku civilnog dru\u0161tva u Briselu koji je istra\u017eivao kako evropsko civilno dru\u0161tvo mo\u017ee dalje doprinijeti sprje\u010davanju zlo\u010dina. Sastanak je uslijedio nakon Devetog sastanka Globalne mre\u017ee odgovornosti za za\u0161titu \u017eari\u0161nih ta\u010daka. Sastanak je prenosila organizacija \u201eProtection Approaches\u201c, a podr\u017eale su ga \u201eEuropska slu\u017eba za vanjsko djelovanje, Obavijest o genocidu i Ured Ujedinjenih nacija za prevenciju genocida i odgovornost za za\u0161titu..<\/p><h5>OKTOBAR 2019: Sastanak sa specijalnim savjetnikom Adama Dieng-om u Sarajevu<\/h5><p>U oktobru je CGMAP organizovao sastanak sa bosanskim organizacijama civilnog dru\u0161tva (OCD) i g. Adamom Dieng-om, zamjenikom generalnog sekretara i specijalnim savjetnikom UN-a za sprje\u010davanje genocida. Tokom sastanka, predstavnici OCD-a mogli su predstaviti svoj rad i razgovarati o preprekama, strategijama i svojim vizijama za budu\u0107nost. Zahvalni smo gospodinu Diengu \u0161to je prenio svoja gledi\u0161ta o pitanju pomirenja, izgradnje mira i govora mr\u017enje u Bosni i Hercegovini i na ulogu OCD-a u tim procesima. Sastanku su prisustvovali i Kathleen Kavalec, \u0161efica OSCE-a misije u Bosni i Hercegovini, te lokalni zvani\u010dnici UN-a.<\/p>\t\t\t\t\t<\/div>\n\t\t\t\t\t\t<\/div>\n\t\t\t\t<\/div>\n\t\t\t\t\t\t<\/div>\n\t\t\t\t\t<\/div>\n\t\t<\/div>\n\t\t\t\t\t\t\t\t<\/div>\n\t\t\t\t\t<\/div>\n\t\t<\/section>\n\t\t\t\t\t\t\t\t\t<\/div>\n\t\t\t<\/div>\n\t\t\t\t\t<\/div>\n\t\t","protected":false},"excerpt":{"rendered":"<p>Zajedni\u010dki projekti i aktivnosti 2017 MAJ 2017: Komemoracija Masakra u Tuzli \u010clanovi koalicije (CPI, Inicijativa mladih za ljudska prava BiH i Inicijativa mladih za ljudska prava Srbije) koordinirali su aktivnosti na obilje\u017eavanju 27. godi\u0161njice masakra u Tuzli. Organizacije CGMAP-a uspje\u0161no su razmijenjivale informacije, u\u010destvovale u zajedni\u010dkim aktivnostima i zajedno predstavljale koaliciju povodom 25. maja 1995. [&hellip;]<\/p>\n","protected":false},"author":1,"featured_media":543,"parent":0,"menu_order":3,"comment_status":"closed","ping_status":"closed","template":"elementor_header_footer","meta":{"_mi_skip_tracking":false},"yoast_head":"<!-- This site is optimized with the Yoast SEO plugin v18.5.1 - https:\/\/yoast.com\/wordpress\/plugins\/seo\/ -->\n<title>Na\u0161 rad - cgmap.org<\/title>\n<meta name=\"robots\" content=\"index, follow, max-snippet:-1, max-image-preview:large, max-video-preview:-1\" \/>\n<link rel=\"canonical\" href=\"https:\/\/cgmap.org\/bs\/nas-rad\/\" \/>\n<meta property=\"og:locale\" content=\"bs_BA\" \/>\n<meta property=\"og:type\" content=\"article\" \/>\n<meta property=\"og:title\" content=\"Na\u0161 rad - cgmap.org\" \/>\n<meta property=\"og:description\" content=\"Zajedni\u010dki projekti i aktivnosti 2017 MAJ 2017: Komemoracija Masakra u Tuzli \u010clanovi koalicije (CPI, Inicijativa mladih za ljudska prava BiH i Inicijativa mladih za ljudska prava Srbije) koordinirali su aktivnosti na obilje\u017eavanju 27. godi\u0161njice masakra u Tuzli. Organizacije CGMAP-a uspje\u0161no su razmijenjivale informacije, u\u010destvovale u zajedni\u010dkim aktivnostima i zajedno predstavljale koaliciju povodom 25. maja 1995. [&hellip;]\" \/>\n<meta property=\"og:url\" content=\"https:\/\/cgmap.org\/bs\/nas-rad\/\" \/>\n<meta property=\"og:site_name\" content=\"cgmap.org\" \/>\n<meta property=\"article:modified_time\" content=\"2021-02-25T14:53:00+00:00\" \/>\n<meta property=\"og:image\" content=\"https:\/\/cgmap.org\/app\/uploads\/2020\/04\/memria-workshop.jpg\" \/>\n\t<meta property=\"og:image:width\" content=\"2560\" \/>\n\t<meta property=\"og:image:height\" content=\"668\" \/>\n\t<meta property=\"og:image:type\" content=\"image\/jpeg\" \/>\n<meta name=\"twitter:card\" content=\"summary_large_image\" \/>\n<meta name=\"twitter:label1\" content=\"Est. reading time\" \/>\n\t<meta name=\"twitter:data1\" content=\"9 minutes\" \/>\n<script type=\"application\/ld+json\" class=\"yoast-schema-graph\">{\"@context\":\"https:\/\/schema.org\",\"@graph\":[{\"@type\":\"WebSite\",\"@id\":\"https:\/\/cgmap.org\/#website\",\"url\":\"https:\/\/cgmap.org\/\",\"name\":\"cgmap.org\",\"description\":\"Koalicija za prevenciju genocida i masovnih zlo\u010dina na Zapadnom Balkanu\",\"potentialAction\":[{\"@type\":\"SearchAction\",\"target\":{\"@type\":\"EntryPoint\",\"urlTemplate\":\"https:\/\/cgmap.org\/?s={search_term_string}\"},\"query-input\":\"required name=search_term_string\"}],\"inLanguage\":\"bs-BA\"},{\"@type\":\"ImageObject\",\"@id\":\"https:\/\/cgmap.org\/bs\/nas-rad\/#primaryimage\",\"inLanguage\":\"bs-BA\",\"url\":\"https:\/\/cgmap.org\/app\/uploads\/2020\/04\/memria-workshop.jpg\",\"contentUrl\":\"https:\/\/cgmap.org\/app\/uploads\/2020\/04\/memria-workshop.jpg\",\"width\":2560,\"height\":668},{\"@type\":\"WebPage\",\"@id\":\"https:\/\/cgmap.org\/bs\/nas-rad\/#webpage\",\"url\":\"https:\/\/cgmap.org\/bs\/nas-rad\/\",\"name\":\"Na\u0161 rad - cgmap.org\",\"isPartOf\":{\"@id\":\"https:\/\/cgmap.org\/#website\"},\"primaryImageOfPage\":{\"@id\":\"https:\/\/cgmap.org\/bs\/nas-rad\/#primaryimage\"},\"datePublished\":\"2020-04-19T15:29:09+00:00\",\"dateModified\":\"2021-02-25T14:53:00+00:00\",\"breadcrumb\":{\"@id\":\"https:\/\/cgmap.org\/bs\/nas-rad\/#breadcrumb\"},\"inLanguage\":\"bs-BA\",\"potentialAction\":[{\"@type\":\"ReadAction\",\"target\":[\"https:\/\/cgmap.org\/bs\/nas-rad\/\"]}]},{\"@type\":\"BreadcrumbList\",\"@id\":\"https:\/\/cgmap.org\/bs\/nas-rad\/#breadcrumb\",\"itemListElement\":[{\"@type\":\"ListItem\",\"position\":1,\"name\":\"Home\",\"item\":\"https:\/\/cgmap.org\/\"},{\"@type\":\"ListItem\",\"position\":2,\"name\":\"Na\u0161 rad\"}]}]}<\/script>\n<!-- \/ Yoast SEO plugin. -->","yoast_head_json":{"title":"Na\u0161 rad - cgmap.org","robots":{"index":"index","follow":"follow","max-snippet":"max-snippet:-1","max-image-preview":"max-image-preview:large","max-video-preview":"max-video-preview:-1"},"canonical":"https:\/\/cgmap.org\/bs\/nas-rad\/","og_locale":"bs_BA","og_type":"article","og_title":"Na\u0161 rad - cgmap.org","og_description":"Zajedni\u010dki projekti i aktivnosti 2017 MAJ 2017: Komemoracija Masakra u Tuzli \u010clanovi koalicije (CPI, Inicijativa mladih za ljudska prava BiH i Inicijativa mladih za ljudska prava Srbije) koordinirali su aktivnosti na obilje\u017eavanju 27. godi\u0161njice masakra u Tuzli. Organizacije CGMAP-a uspje\u0161no su razmijenjivale informacije, u\u010destvovale u zajedni\u010dkim aktivnostima i zajedno predstavljale koaliciju povodom 25. maja 1995. [&hellip;]","og_url":"https:\/\/cgmap.org\/bs\/nas-rad\/","og_site_name":"cgmap.org","article_modified_time":"2021-02-25T14:53:00+00:00","og_image":[{"width":2560,"height":668,"url":"https:\/\/cgmap.org\/app\/uploads\/2020\/04\/memria-workshop.jpg","type":"image\/jpeg"}],"twitter_card":"summary_large_image","twitter_misc":{"Est. reading time":"9 minutes"},"schema":{"@context":"https:\/\/schema.org","@graph":[{"@type":"WebSite","@id":"https:\/\/cgmap.org\/#website","url":"https:\/\/cgmap.org\/","name":"cgmap.org","description":"Koalicija za prevenciju genocida i masovnih zlo\u010dina na Zapadnom Balkanu","potentialAction":[{"@type":"SearchAction","target":{"@type":"EntryPoint","urlTemplate":"https:\/\/cgmap.org\/?s={search_term_string}"},"query-input":"required name=search_term_string"}],"inLanguage":"bs-BA"},{"@type":"ImageObject","@id":"https:\/\/cgmap.org\/bs\/nas-rad\/#primaryimage","inLanguage":"bs-BA","url":"https:\/\/cgmap.org\/app\/uploads\/2020\/04\/memria-workshop.jpg","contentUrl":"https:\/\/cgmap.org\/app\/uploads\/2020\/04\/memria-workshop.jpg","width":2560,"height":668},{"@type":"WebPage","@id":"https:\/\/cgmap.org\/bs\/nas-rad\/#webpage","url":"https:\/\/cgmap.org\/bs\/nas-rad\/","name":"Na\u0161 rad - cgmap.org","isPartOf":{"@id":"https:\/\/cgmap.org\/#website"},"primaryImageOfPage":{"@id":"https:\/\/cgmap.org\/bs\/nas-rad\/#primaryimage"},"datePublished":"2020-04-19T15:29:09+00:00","dateModified":"2021-02-25T14:53:00+00:00","breadcrumb":{"@id":"https:\/\/cgmap.org\/bs\/nas-rad\/#breadcrumb"},"inLanguage":"bs-BA","potentialAction":[{"@type":"ReadAction","target":["https:\/\/cgmap.org\/bs\/nas-rad\/"]}]},{"@type":"BreadcrumbList","@id":"https:\/\/cgmap.org\/bs\/nas-rad\/#breadcrumb","itemListElement":[{"@type":"ListItem","position":1,"name":"Home","item":"https:\/\/cgmap.org\/"},{"@type":"ListItem","position":2,"name":"Na\u0161 rad"}]}]}},"_links":{"self":[{"href":"https:\/\/cgmap.org\/bs\/wp-json\/wp\/v2\/pages\/76"}],"collection":[{"href":"https:\/\/cgmap.org\/bs\/wp-json\/wp\/v2\/pages"}],"about":[{"href":"https:\/\/cgmap.org\/bs\/wp-json\/wp\/v2\/types\/page"}],"author":[{"embeddable":true,"href":"https:\/\/cgmap.org\/bs\/wp-json\/wp\/v2\/users\/1"}],"replies":[{"embeddable":true,"href":"https:\/\/cgmap.org\/bs\/wp-json\/wp\/v2\/comments?post=76"}],"version-history":[{"count":11,"href":"https:\/\/cgmap.org\/bs\/wp-json\/wp\/v2\/pages\/76\/revisions"}],"predecessor-version":[{"id":1290,"href":"https:\/\/cgmap.org\/bs\/wp-json\/wp\/v2\/pages\/76\/revisions\/1290"}],"wp:featuredmedia":[{"embeddable":true,"href":"https:\/\/cgmap.org\/bs\/wp-json\/wp\/v2\/media\/543"}],"wp:attachment":[{"href":"https:\/\/cgmap.org\/bs\/wp-json\/wp\/v2\/media?parent=76"}],"curies":[{"name":"wp","href":"https:\/\/api.w.org\/{rel}","templated":true}]}}