{"id":861,"date":"2020-06-12T11:25:29","date_gmt":"2020-06-12T09:25:29","guid":{"rendered":"https:\/\/cgmap.org\/inicijativa-zajedno-se-sjecamo\/"},"modified":"2020-06-12T20:45:18","modified_gmt":"2020-06-12T18:45:18","slug":"inicijativa-zajedno-se-sjecamo","status":"publish","type":"page","link":"https:\/\/cgmap.org\/bs\/projekti\/inicijativa-zajedno-se-sjecamo\/","title":{"rendered":"Inicijativa &#8220;Zajedno se sje\u0107amo&#8221;"},"content":{"rendered":"\t\t<div data-elementor-type=\"wp-page\" data-elementor-id=\"861\" class=\"elementor elementor-861 elementor-716\">\n\t\t\t\t\t\t<div class=\"elementor-inner\">\n\t\t\t\t<div class=\"elementor-section-wrap\">\n\t\t\t\t\t\t\t\t\t<section class=\"elementor-section elementor-top-section elementor-element elementor-element-2804b606 elementor-section-height-min-height elementor-section-boxed elementor-section-height-default elementor-section-items-middle\" data-id=\"2804b606\" data-element_type=\"section\" data-settings=\"{&quot;background_background&quot;:&quot;classic&quot;,&quot;shape_divider_bottom&quot;:&quot;tilt&quot;}\">\n\t\t\t\t\t\t\t<div class=\"elementor-background-overlay\"><\/div>\n\t\t\t\t\t\t<div class=\"elementor-shape elementor-shape-bottom\" data-negative=\"false\">\n\t\t\t<svg xmlns=\"http:\/\/www.w3.org\/2000\/svg\" viewBox=\"0 0 1000 100\" preserveAspectRatio=\"none\">\n\t<path class=\"elementor-shape-fill\" d=\"M0,6V0h1000v100L0,6z\"\/>\n<\/svg>\t\t<\/div>\n\t\t\t\t\t<div class=\"elementor-container elementor-column-gap-default\">\n\t\t\t\t\t\t\t<div class=\"elementor-row\">\n\t\t\t\t\t<div class=\"elementor-column elementor-col-100 elementor-top-column elementor-element elementor-element-5d2775e6\" data-id=\"5d2775e6\" data-element_type=\"column\">\n\t\t\t<div class=\"elementor-column-wrap elementor-element-populated\">\n\t\t\t\t\t\t\t<div class=\"elementor-widget-wrap\">\n\t\t\t\t\t\t\t\t<\/div>\n\t\t\t\t\t<\/div>\n\t\t<\/div>\n\t\t\t\t\t\t\t\t<\/div>\n\t\t\t\t\t<\/div>\n\t\t<\/section>\n\t\t\t\t<section class=\"elementor-section elementor-top-section elementor-element elementor-element-de7fffd elementor-section-boxed elementor-section-height-default elementor-section-height-default\" data-id=\"de7fffd\" data-element_type=\"section\">\n\t\t\t\t\t\t<div class=\"elementor-container elementor-column-gap-default\">\n\t\t\t\t\t\t\t<div class=\"elementor-row\">\n\t\t\t\t\t<div class=\"elementor-column elementor-col-100 elementor-top-column elementor-element elementor-element-1d01a5f\" data-id=\"1d01a5f\" data-element_type=\"column\">\n\t\t\t<div class=\"elementor-column-wrap elementor-element-populated\">\n\t\t\t\t\t\t\t<div class=\"elementor-widget-wrap\">\n\t\t\t\t\t\t<div class=\"elementor-element elementor-element-7d93fbd elementor-widget elementor-widget-text-editor\" data-id=\"7d93fbd\" data-element_type=\"widget\" data-widget_type=\"text-editor.default\">\n\t\t\t\t<div class=\"elementor-widget-container\">\n\t\t\t\t\t\t\t\t<div class=\"elementor-text-editor elementor-clearfix\">\n\t\t\t\t<p>U aprilu 2020. godine, CGMAP je pomogla organizaciju i uzela u\u010de\u0161\u0107e u 24-satnom virtualnom bdijenju #TogetherWeRemember (Zajedno se sje\u0107amo) i odr\u017eala interaktivni sat o naslije\u0111u srebreni\u010dkog genocida i Holokausta u Bosni i Hercegovini sa najistaknutijim akademicima i istra\u017eiva\u010dima.\u00a0<\/p><p>Pored na\u0161eg sata, oko stotinu pre\u017eivjelih, \u010dlanova porodica \u017ertava i aktivista podijeli su svoje \u017eivotne pri\u010de, a u \u010dast i sje\u0107anje na preminule, \u010ditali smo naglas imena hiljada nevinih ljudi koji su ubijeni u ratovima \u0161irom svijeta.<\/p><p>Vi\u0161e o ovoj inicijativi mo\u017eete prona\u0107i na <a href=\"https:\/\/togetherweremember.org\" target=\"_blank\" rel=\"noopener\">togetherweremember.org<\/a><\/p>\t\t\t\t\t<\/div>\n\t\t\t\t\t\t<\/div>\n\t\t\t\t<\/div>\n\t\t\t\t\t\t<\/div>\n\t\t\t\t\t<\/div>\n\t\t<\/div>\n\t\t\t\t\t\t\t\t<\/div>\n\t\t\t\t\t<\/div>\n\t\t<\/section>\n\t\t\t\t\t\t\t\t\t<\/div>\n\t\t\t<\/div>\n\t\t\t\t\t<\/div>\n\t\t","protected":false},"excerpt":{"rendered":"<p>U aprilu 2020. godine, CGMAP je pomogla organizaciju i uzela u\u010de\u0161\u0107e u 24-satnom virtualnom bdijenju #TogetherWeRemember (Zajedno se sje\u0107amo) i odr\u017eala interaktivni sat o naslije\u0111u srebreni\u010dkog genocida i Holokausta u Bosni i Hercegovini sa najistaknutijim akademicima i istra\u017eiva\u010dima.\u00a0 Pored na\u0161eg sata, oko stotinu pre\u017eivjelih, \u010dlanova porodica \u017ertava i aktivista podijeli su svoje \u017eivotne pri\u010de, a [&hellip;]<\/p>\n","protected":false},"author":1,"featured_media":975,"parent":597,"menu_order":7,"comment_status":"open","ping_status":"open","template":"elementor_header_footer","meta":{"_mi_skip_tracking":false},"yoast_head":"<!-- This site is optimized with the Yoast SEO plugin v18.5.1 - https:\/\/yoast.com\/wordpress\/plugins\/seo\/ -->\n<title>Inicijativa &quot;Zajedno se sje\u0107amo&quot; - cgmap.org<\/title>\n<meta name=\"robots\" content=\"index, follow, max-snippet:-1, max-image-preview:large, max-video-preview:-1\" \/>\n<link rel=\"canonical\" href=\"https:\/\/cgmap.org\/bs\/projekti\/inicijativa-zajedno-se-sjecamo\/\" \/>\n<meta property=\"og:locale\" content=\"bs_BA\" \/>\n<meta property=\"og:type\" content=\"article\" \/>\n<meta property=\"og:title\" content=\"Inicijativa &quot;Zajedno se sje\u0107amo&quot; - cgmap.org\" \/>\n<meta property=\"og:description\" content=\"U aprilu 2020. godine, CGMAP je pomogla organizaciju i uzela u\u010de\u0161\u0107e u 24-satnom virtualnom bdijenju #TogetherWeRemember (Zajedno se sje\u0107amo) i odr\u017eala interaktivni sat o naslije\u0111u srebreni\u010dkog genocida i Holokausta u Bosni i Hercegovini sa najistaknutijim akademicima i istra\u017eiva\u010dima.\u00a0 Pored na\u0161eg sata, oko stotinu pre\u017eivjelih, \u010dlanova porodica \u017ertava i aktivista podijeli su svoje \u017eivotne pri\u010de, a [&hellip;]\" \/>\n<meta property=\"og:url\" content=\"https:\/\/cgmap.org\/bs\/projekti\/inicijativa-zajedno-se-sjecamo\/\" \/>\n<meta property=\"og:site_name\" content=\"cgmap.org\" \/>\n<meta property=\"article:modified_time\" content=\"2020-06-12T18:45:18+00:00\" \/>\n<meta property=\"og:image\" content=\"https:\/\/cgmap.org\/app\/uploads\/2020\/06\/together-we-remember-1.jpg\" \/>\n\t<meta property=\"og:image:width\" content=\"1920\" \/>\n\t<meta property=\"og:image:height\" content=\"1080\" \/>\n\t<meta property=\"og:image:type\" content=\"image\/jpeg\" \/>\n<meta name=\"twitter:card\" content=\"summary_large_image\" \/>\n<script type=\"application\/ld+json\" class=\"yoast-schema-graph\">{\"@context\":\"https:\/\/schema.org\",\"@graph\":[{\"@type\":\"WebSite\",\"@id\":\"https:\/\/cgmap.org\/#website\",\"url\":\"https:\/\/cgmap.org\/\",\"name\":\"cgmap.org\",\"description\":\"Koalicija za prevenciju genocida i masovnih zlo\u010dina na Zapadnom Balkanu\",\"potentialAction\":[{\"@type\":\"SearchAction\",\"target\":{\"@type\":\"EntryPoint\",\"urlTemplate\":\"https:\/\/cgmap.org\/?s={search_term_string}\"},\"query-input\":\"required name=search_term_string\"}],\"inLanguage\":\"bs-BA\"},{\"@type\":\"ImageObject\",\"@id\":\"https:\/\/cgmap.org\/bs\/projekti\/inicijativa-zajedno-se-sjecamo\/#primaryimage\",\"inLanguage\":\"bs-BA\",\"url\":\"https:\/\/cgmap.org\/app\/uploads\/2020\/06\/together-we-remember-1.jpg\",\"contentUrl\":\"https:\/\/cgmap.org\/app\/uploads\/2020\/06\/together-we-remember-1.jpg\",\"width\":1920,\"height\":1080},{\"@type\":\"WebPage\",\"@id\":\"https:\/\/cgmap.org\/bs\/projekti\/inicijativa-zajedno-se-sjecamo\/#webpage\",\"url\":\"https:\/\/cgmap.org\/bs\/projekti\/inicijativa-zajedno-se-sjecamo\/\",\"name\":\"Inicijativa \\\"Zajedno se sje\u0107amo\\\" - cgmap.org\",\"isPartOf\":{\"@id\":\"https:\/\/cgmap.org\/#website\"},\"primaryImageOfPage\":{\"@id\":\"https:\/\/cgmap.org\/bs\/projekti\/inicijativa-zajedno-se-sjecamo\/#primaryimage\"},\"datePublished\":\"2020-06-12T09:25:29+00:00\",\"dateModified\":\"2020-06-12T18:45:18+00:00\",\"breadcrumb\":{\"@id\":\"https:\/\/cgmap.org\/bs\/projekti\/inicijativa-zajedno-se-sjecamo\/#breadcrumb\"},\"inLanguage\":\"bs-BA\",\"potentialAction\":[{\"@type\":\"ReadAction\",\"target\":[\"https:\/\/cgmap.org\/bs\/projekti\/inicijativa-zajedno-se-sjecamo\/\"]}]},{\"@type\":\"BreadcrumbList\",\"@id\":\"https:\/\/cgmap.org\/bs\/projekti\/inicijativa-zajedno-se-sjecamo\/#breadcrumb\",\"itemListElement\":[{\"@type\":\"ListItem\",\"position\":1,\"name\":\"Home\",\"item\":\"https:\/\/cgmap.org\/\"},{\"@type\":\"ListItem\",\"position\":2,\"name\":\"Projekti\",\"item\":\"https:\/\/cgmap.org\/bs\/projekti\/\"},{\"@type\":\"ListItem\",\"position\":3,\"name\":\"Inicijativa &#8220;Zajedno se sje\u0107amo&#8221;\"}]}]}<\/script>\n<!-- \/ Yoast SEO plugin. -->","yoast_head_json":{"title":"Inicijativa \"Zajedno se sje\u0107amo\" - cgmap.org","robots":{"index":"index","follow":"follow","max-snippet":"max-snippet:-1","max-image-preview":"max-image-preview:large","max-video-preview":"max-video-preview:-1"},"canonical":"https:\/\/cgmap.org\/bs\/projekti\/inicijativa-zajedno-se-sjecamo\/","og_locale":"bs_BA","og_type":"article","og_title":"Inicijativa \"Zajedno se sje\u0107amo\" - cgmap.org","og_description":"U aprilu 2020. godine, CGMAP je pomogla organizaciju i uzela u\u010de\u0161\u0107e u 24-satnom virtualnom bdijenju #TogetherWeRemember (Zajedno se sje\u0107amo) i odr\u017eala interaktivni sat o naslije\u0111u srebreni\u010dkog genocida i Holokausta u Bosni i Hercegovini sa najistaknutijim akademicima i istra\u017eiva\u010dima.\u00a0 Pored na\u0161eg sata, oko stotinu pre\u017eivjelih, \u010dlanova porodica \u017ertava i aktivista podijeli su svoje \u017eivotne pri\u010de, a [&hellip;]","og_url":"https:\/\/cgmap.org\/bs\/projekti\/inicijativa-zajedno-se-sjecamo\/","og_site_name":"cgmap.org","article_modified_time":"2020-06-12T18:45:18+00:00","og_image":[{"width":1920,"height":1080,"url":"https:\/\/cgmap.org\/app\/uploads\/2020\/06\/together-we-remember-1.jpg","type":"image\/jpeg"}],"twitter_card":"summary_large_image","schema":{"@context":"https:\/\/schema.org","@graph":[{"@type":"WebSite","@id":"https:\/\/cgmap.org\/#website","url":"https:\/\/cgmap.org\/","name":"cgmap.org","description":"Koalicija za prevenciju genocida i masovnih zlo\u010dina na Zapadnom Balkanu","potentialAction":[{"@type":"SearchAction","target":{"@type":"EntryPoint","urlTemplate":"https:\/\/cgmap.org\/?s={search_term_string}"},"query-input":"required name=search_term_string"}],"inLanguage":"bs-BA"},{"@type":"ImageObject","@id":"https:\/\/cgmap.org\/bs\/projekti\/inicijativa-zajedno-se-sjecamo\/#primaryimage","inLanguage":"bs-BA","url":"https:\/\/cgmap.org\/app\/uploads\/2020\/06\/together-we-remember-1.jpg","contentUrl":"https:\/\/cgmap.org\/app\/uploads\/2020\/06\/together-we-remember-1.jpg","width":1920,"height":1080},{"@type":"WebPage","@id":"https:\/\/cgmap.org\/bs\/projekti\/inicijativa-zajedno-se-sjecamo\/#webpage","url":"https:\/\/cgmap.org\/bs\/projekti\/inicijativa-zajedno-se-sjecamo\/","name":"Inicijativa \"Zajedno se sje\u0107amo\" - cgmap.org","isPartOf":{"@id":"https:\/\/cgmap.org\/#website"},"primaryImageOfPage":{"@id":"https:\/\/cgmap.org\/bs\/projekti\/inicijativa-zajedno-se-sjecamo\/#primaryimage"},"datePublished":"2020-06-12T09:25:29+00:00","dateModified":"2020-06-12T18:45:18+00:00","breadcrumb":{"@id":"https:\/\/cgmap.org\/bs\/projekti\/inicijativa-zajedno-se-sjecamo\/#breadcrumb"},"inLanguage":"bs-BA","potentialAction":[{"@type":"ReadAction","target":["https:\/\/cgmap.org\/bs\/projekti\/inicijativa-zajedno-se-sjecamo\/"]}]},{"@type":"BreadcrumbList","@id":"https:\/\/cgmap.org\/bs\/projekti\/inicijativa-zajedno-se-sjecamo\/#breadcrumb","itemListElement":[{"@type":"ListItem","position":1,"name":"Home","item":"https:\/\/cgmap.org\/"},{"@type":"ListItem","position":2,"name":"Projekti","item":"https:\/\/cgmap.org\/bs\/projekti\/"},{"@type":"ListItem","position":3,"name":"Inicijativa &#8220;Zajedno se sje\u0107amo&#8221;"}]}]}},"_links":{"self":[{"href":"https:\/\/cgmap.org\/bs\/wp-json\/wp\/v2\/pages\/861"}],"collection":[{"href":"https:\/\/cgmap.org\/bs\/wp-json\/wp\/v2\/pages"}],"about":[{"href":"https:\/\/cgmap.org\/bs\/wp-json\/wp\/v2\/types\/page"}],"author":[{"embeddable":true,"href":"https:\/\/cgmap.org\/bs\/wp-json\/wp\/v2\/users\/1"}],"replies":[{"embeddable":true,"href":"https:\/\/cgmap.org\/bs\/wp-json\/wp\/v2\/comments?post=861"}],"version-history":[{"count":15,"href":"https:\/\/cgmap.org\/bs\/wp-json\/wp\/v2\/pages\/861\/revisions"}],"predecessor-version":[{"id":1068,"href":"https:\/\/cgmap.org\/bs\/wp-json\/wp\/v2\/pages\/861\/revisions\/1068"}],"up":[{"embeddable":true,"href":"https:\/\/cgmap.org\/bs\/wp-json\/wp\/v2\/pages\/597"}],"wp:featuredmedia":[{"embeddable":true,"href":"https:\/\/cgmap.org\/bs\/wp-json\/wp\/v2\/media\/975"}],"wp:attachment":[{"href":"https:\/\/cgmap.org\/bs\/wp-json\/wp\/v2\/media?parent=861"}],"curies":[{"name":"wp","href":"https:\/\/api.w.org\/{rel}","templated":true}]}}