{"id":865,"date":"2020-06-11T17:44:51","date_gmt":"2020-06-11T15:44:51","guid":{"rendered":"https:\/\/cgmap.org\/public-monument-sto-te-nema\/"},"modified":"2020-06-13T15:59:14","modified_gmt":"2020-06-13T13:59:14","slug":"nomadski-spomenik-sto-te-nema","status":"publish","type":"page","link":"https:\/\/cgmap.org\/bs\/projekti\/nomadski-spomenik-sto-te-nema\/","title":{"rendered":"Nomadski spomenik \u0160TO TE NEMA"},"content":{"rendered":"\t\t<div data-elementor-type=\"wp-post\" data-elementor-id=\"865\" class=\"elementor elementor-865 elementor-714\">\n\t\t\t\t\t\t<div class=\"elementor-inner\">\n\t\t\t\t<div class=\"elementor-section-wrap\">\n\t\t\t\t\t\t\t\t\t<section class=\"elementor-section elementor-top-section elementor-element elementor-element-6fb35013 elementor-section-height-min-height elementor-section-boxed elementor-section-height-default elementor-section-items-middle\" data-id=\"6fb35013\" data-element_type=\"section\" data-settings=\"{&quot;background_background&quot;:&quot;classic&quot;,&quot;shape_divider_bottom&quot;:&quot;tilt&quot;}\">\n\t\t\t\t\t\t\t<div class=\"elementor-background-overlay\"><\/div>\n\t\t\t\t\t\t<div class=\"elementor-shape elementor-shape-bottom\" data-negative=\"false\">\n\t\t\t<svg xmlns=\"http:\/\/www.w3.org\/2000\/svg\" viewBox=\"0 0 1000 100\" preserveAspectRatio=\"none\">\n\t<path class=\"elementor-shape-fill\" d=\"M0,6V0h1000v100L0,6z\"\/>\n<\/svg>\t\t<\/div>\n\t\t\t\t\t<div class=\"elementor-container elementor-column-gap-default\">\n\t\t\t\t\t\t\t<div class=\"elementor-row\">\n\t\t\t\t\t<div class=\"elementor-column elementor-col-100 elementor-top-column elementor-element elementor-element-173f0cfd\" data-id=\"173f0cfd\" data-element_type=\"column\">\n\t\t\t<div class=\"elementor-column-wrap elementor-element-populated\">\n\t\t\t\t\t\t\t<div class=\"elementor-widget-wrap\">\n\t\t\t\t\t\t\t\t<\/div>\n\t\t\t\t\t<\/div>\n\t\t<\/div>\n\t\t\t\t\t\t\t\t<\/div>\n\t\t\t\t\t<\/div>\n\t\t<\/section>\n\t\t\t\t<section class=\"elementor-section elementor-top-section elementor-element elementor-element-7936b565 elementor-section-boxed elementor-section-height-default elementor-section-height-default\" data-id=\"7936b565\" data-element_type=\"section\">\n\t\t\t\t\t\t<div class=\"elementor-container elementor-column-gap-default\">\n\t\t\t\t\t\t\t<div class=\"elementor-row\">\n\t\t\t\t\t<div class=\"elementor-column elementor-col-100 elementor-top-column elementor-element elementor-element-19379e12\" data-id=\"19379e12\" data-element_type=\"column\">\n\t\t\t<div class=\"elementor-column-wrap elementor-element-populated\">\n\t\t\t\t\t\t\t<div class=\"elementor-widget-wrap\">\n\t\t\t\t\t\t<div class=\"elementor-element elementor-element-7179e98 elementor-widget elementor-widget-text-editor\" data-id=\"7179e98\" data-element_type=\"widget\" data-widget_type=\"text-editor.default\">\n\t\t\t\t<div class=\"elementor-widget-container\">\n\t\t\t\t\t\t\t\t<div class=\"elementor-text-editor elementor-clearfix\">\n\t\t\t\t<p><a href=\"https:\/\/stotenema.com\/\">\u0160TO TE NEMA<\/a> je nomadski spomenik sje\u0107anja na 8.372 \u017ertve srebreni\u010dkog genocida. Spomenik je djelo umjetnice Aide \u0160ehovi\u0107 i od 2006. godine je predstavljen u 13 razli\u010ditih gradova \u0161irom svijeta. Sastavljen od fild\u017eana koje su tokom godina donirali u\u010desnici projekta, a koji se simboli\u010dno pune kafom svakog 11. jula, \u0160TO TE NEMA na jedinstven na\u010din pru\u017ea priliku da se kao individue, ali i dru\u0161tvo zajedni\u010dki suo\u010dimo sa posljedicama i naslije\u0111em genocida.<\/p><p>Povodom 25. godi\u0161njice genocida u Srebrenici, spomenik \u0160TO TE NEMA \u0107e u julu 2020. godine biti sve\u010dano otvoren u Memorijalnom centru Srebrenica-Poto\u010dari, gdje \u0107e i ostati u svojoj finalnoj postavci.<\/p>\t\t\t\t\t<\/div>\n\t\t\t\t\t\t<\/div>\n\t\t\t\t<\/div>\n\t\t\t\t\t\t<\/div>\n\t\t\t\t\t<\/div>\n\t\t<\/div>\n\t\t\t\t\t\t\t\t<\/div>\n\t\t\t\t\t<\/div>\n\t\t<\/section>\n\t\t\t\t\t\t\t\t\t<\/div>\n\t\t\t<\/div>\n\t\t\t\t\t<\/div>\n\t\t","protected":false},"excerpt":{"rendered":"<p>\u0160TO TE NEMA je nomadski spomenik sje\u0107anja na 8.372 \u017ertve srebreni\u010dkog genocida. Spomenik je djelo umjetnice Aide \u0160ehovi\u0107 i od 2006. godine je predstavljen u 13 razli\u010ditih gradova \u0161irom svijeta. Sastavljen od fild\u017eana koje su tokom godina donirali u\u010desnici projekta, a koji se simboli\u010dno pune kafom svakog 11. jula, \u0160TO TE NEMA na jedinstven na\u010din [&hellip;]<\/p>\n","protected":false},"author":1,"featured_media":894,"parent":597,"menu_order":6,"comment_status":"open","ping_status":"open","template":"elementor_header_footer","meta":{"_mi_skip_tracking":false},"yoast_head":"<!-- This site is optimized with the Yoast SEO plugin v18.5.1 - https:\/\/yoast.com\/wordpress\/plugins\/seo\/ -->\n<title>Nomadski spomenik \u0160TO TE NEMA - cgmap.org<\/title>\n<meta name=\"robots\" content=\"index, follow, max-snippet:-1, max-image-preview:large, max-video-preview:-1\" \/>\n<link rel=\"canonical\" href=\"https:\/\/cgmap.org\/bs\/projekti\/nomadski-spomenik-sto-te-nema\/\" \/>\n<meta property=\"og:locale\" content=\"bs_BA\" \/>\n<meta property=\"og:type\" content=\"article\" \/>\n<meta property=\"og:title\" content=\"Nomadski spomenik \u0160TO TE NEMA - cgmap.org\" \/>\n<meta property=\"og:description\" content=\"\u0160TO TE NEMA je nomadski spomenik sje\u0107anja na 8.372 \u017ertve srebreni\u010dkog genocida. Spomenik je djelo umjetnice Aide \u0160ehovi\u0107 i od 2006. godine je predstavljen u 13 razli\u010ditih gradova \u0161irom svijeta. Sastavljen od fild\u017eana koje su tokom godina donirali u\u010desnici projekta, a koji se simboli\u010dno pune kafom svakog 11. jula, \u0160TO TE NEMA na jedinstven na\u010din [&hellip;]\" \/>\n<meta property=\"og:url\" content=\"https:\/\/cgmap.org\/bs\/projekti\/nomadski-spomenik-sto-te-nema\/\" \/>\n<meta property=\"og:site_name\" content=\"cgmap.org\" \/>\n<meta property=\"article:modified_time\" content=\"2020-06-13T13:59:14+00:00\" \/>\n<meta property=\"og:image\" content=\"https:\/\/cgmap.org\/app\/uploads\/2020\/06\/sto-te-nema.jpeg\" \/>\n\t<meta property=\"og:image:width\" content=\"1500\" \/>\n\t<meta property=\"og:image:height\" content=\"1080\" \/>\n\t<meta property=\"og:image:type\" content=\"image\/jpeg\" \/>\n<meta name=\"twitter:card\" content=\"summary_large_image\" \/>\n<meta name=\"twitter:label1\" content=\"Est. reading time\" \/>\n\t<meta name=\"twitter:data1\" content=\"1 minute\" \/>\n<script type=\"application\/ld+json\" class=\"yoast-schema-graph\">{\"@context\":\"https:\/\/schema.org\",\"@graph\":[{\"@type\":\"WebSite\",\"@id\":\"https:\/\/cgmap.org\/#website\",\"url\":\"https:\/\/cgmap.org\/\",\"name\":\"cgmap.org\",\"description\":\"Koalicija za prevenciju genocida i masovnih zlo\u010dina na Zapadnom Balkanu\",\"potentialAction\":[{\"@type\":\"SearchAction\",\"target\":{\"@type\":\"EntryPoint\",\"urlTemplate\":\"https:\/\/cgmap.org\/?s={search_term_string}\"},\"query-input\":\"required name=search_term_string\"}],\"inLanguage\":\"bs-BA\"},{\"@type\":\"ImageObject\",\"@id\":\"https:\/\/cgmap.org\/bs\/projekti\/nomadski-spomenik-sto-te-nema\/#primaryimage\",\"inLanguage\":\"bs-BA\",\"url\":\"https:\/\/cgmap.org\/app\/uploads\/2020\/06\/sto-te-nema.jpeg\",\"contentUrl\":\"https:\/\/cgmap.org\/app\/uploads\/2020\/06\/sto-te-nema.jpeg\",\"width\":1500,\"height\":1080},{\"@type\":\"WebPage\",\"@id\":\"https:\/\/cgmap.org\/bs\/projekti\/nomadski-spomenik-sto-te-nema\/#webpage\",\"url\":\"https:\/\/cgmap.org\/bs\/projekti\/nomadski-spomenik-sto-te-nema\/\",\"name\":\"Nomadski spomenik \u0160TO TE NEMA - cgmap.org\",\"isPartOf\":{\"@id\":\"https:\/\/cgmap.org\/#website\"},\"primaryImageOfPage\":{\"@id\":\"https:\/\/cgmap.org\/bs\/projekti\/nomadski-spomenik-sto-te-nema\/#primaryimage\"},\"datePublished\":\"2020-06-11T15:44:51+00:00\",\"dateModified\":\"2020-06-13T13:59:14+00:00\",\"breadcrumb\":{\"@id\":\"https:\/\/cgmap.org\/bs\/projekti\/nomadski-spomenik-sto-te-nema\/#breadcrumb\"},\"inLanguage\":\"bs-BA\",\"potentialAction\":[{\"@type\":\"ReadAction\",\"target\":[\"https:\/\/cgmap.org\/bs\/projekti\/nomadski-spomenik-sto-te-nema\/\"]}]},{\"@type\":\"BreadcrumbList\",\"@id\":\"https:\/\/cgmap.org\/bs\/projekti\/nomadski-spomenik-sto-te-nema\/#breadcrumb\",\"itemListElement\":[{\"@type\":\"ListItem\",\"position\":1,\"name\":\"Home\",\"item\":\"https:\/\/cgmap.org\/\"},{\"@type\":\"ListItem\",\"position\":2,\"name\":\"Projekti\",\"item\":\"https:\/\/cgmap.org\/bs\/projekti\/\"},{\"@type\":\"ListItem\",\"position\":3,\"name\":\"Nomadski spomenik \u0160TO TE NEMA\"}]}]}<\/script>\n<!-- \/ Yoast SEO plugin. -->","yoast_head_json":{"title":"Nomadski spomenik \u0160TO TE NEMA - cgmap.org","robots":{"index":"index","follow":"follow","max-snippet":"max-snippet:-1","max-image-preview":"max-image-preview:large","max-video-preview":"max-video-preview:-1"},"canonical":"https:\/\/cgmap.org\/bs\/projekti\/nomadski-spomenik-sto-te-nema\/","og_locale":"bs_BA","og_type":"article","og_title":"Nomadski spomenik \u0160TO TE NEMA - cgmap.org","og_description":"\u0160TO TE NEMA je nomadski spomenik sje\u0107anja na 8.372 \u017ertve srebreni\u010dkog genocida. Spomenik je djelo umjetnice Aide \u0160ehovi\u0107 i od 2006. godine je predstavljen u 13 razli\u010ditih gradova \u0161irom svijeta. Sastavljen od fild\u017eana koje su tokom godina donirali u\u010desnici projekta, a koji se simboli\u010dno pune kafom svakog 11. jula, \u0160TO TE NEMA na jedinstven na\u010din [&hellip;]","og_url":"https:\/\/cgmap.org\/bs\/projekti\/nomadski-spomenik-sto-te-nema\/","og_site_name":"cgmap.org","article_modified_time":"2020-06-13T13:59:14+00:00","og_image":[{"width":1500,"height":1080,"url":"https:\/\/cgmap.org\/app\/uploads\/2020\/06\/sto-te-nema.jpeg","type":"image\/jpeg"}],"twitter_card":"summary_large_image","twitter_misc":{"Est. reading time":"1 minute"},"schema":{"@context":"https:\/\/schema.org","@graph":[{"@type":"WebSite","@id":"https:\/\/cgmap.org\/#website","url":"https:\/\/cgmap.org\/","name":"cgmap.org","description":"Koalicija za prevenciju genocida i masovnih zlo\u010dina na Zapadnom Balkanu","potentialAction":[{"@type":"SearchAction","target":{"@type":"EntryPoint","urlTemplate":"https:\/\/cgmap.org\/?s={search_term_string}"},"query-input":"required name=search_term_string"}],"inLanguage":"bs-BA"},{"@type":"ImageObject","@id":"https:\/\/cgmap.org\/bs\/projekti\/nomadski-spomenik-sto-te-nema\/#primaryimage","inLanguage":"bs-BA","url":"https:\/\/cgmap.org\/app\/uploads\/2020\/06\/sto-te-nema.jpeg","contentUrl":"https:\/\/cgmap.org\/app\/uploads\/2020\/06\/sto-te-nema.jpeg","width":1500,"height":1080},{"@type":"WebPage","@id":"https:\/\/cgmap.org\/bs\/projekti\/nomadski-spomenik-sto-te-nema\/#webpage","url":"https:\/\/cgmap.org\/bs\/projekti\/nomadski-spomenik-sto-te-nema\/","name":"Nomadski spomenik \u0160TO TE NEMA - cgmap.org","isPartOf":{"@id":"https:\/\/cgmap.org\/#website"},"primaryImageOfPage":{"@id":"https:\/\/cgmap.org\/bs\/projekti\/nomadski-spomenik-sto-te-nema\/#primaryimage"},"datePublished":"2020-06-11T15:44:51+00:00","dateModified":"2020-06-13T13:59:14+00:00","breadcrumb":{"@id":"https:\/\/cgmap.org\/bs\/projekti\/nomadski-spomenik-sto-te-nema\/#breadcrumb"},"inLanguage":"bs-BA","potentialAction":[{"@type":"ReadAction","target":["https:\/\/cgmap.org\/bs\/projekti\/nomadski-spomenik-sto-te-nema\/"]}]},{"@type":"BreadcrumbList","@id":"https:\/\/cgmap.org\/bs\/projekti\/nomadski-spomenik-sto-te-nema\/#breadcrumb","itemListElement":[{"@type":"ListItem","position":1,"name":"Home","item":"https:\/\/cgmap.org\/"},{"@type":"ListItem","position":2,"name":"Projekti","item":"https:\/\/cgmap.org\/bs\/projekti\/"},{"@type":"ListItem","position":3,"name":"Nomadski spomenik \u0160TO TE NEMA"}]}]}},"_links":{"self":[{"href":"https:\/\/cgmap.org\/bs\/wp-json\/wp\/v2\/pages\/865"}],"collection":[{"href":"https:\/\/cgmap.org\/bs\/wp-json\/wp\/v2\/pages"}],"about":[{"href":"https:\/\/cgmap.org\/bs\/wp-json\/wp\/v2\/types\/page"}],"author":[{"embeddable":true,"href":"https:\/\/cgmap.org\/bs\/wp-json\/wp\/v2\/users\/1"}],"replies":[{"embeddable":true,"href":"https:\/\/cgmap.org\/bs\/wp-json\/wp\/v2\/comments?post=865"}],"version-history":[{"count":6,"href":"https:\/\/cgmap.org\/bs\/wp-json\/wp\/v2\/pages\/865\/revisions"}],"predecessor-version":[{"id":1182,"href":"https:\/\/cgmap.org\/bs\/wp-json\/wp\/v2\/pages\/865\/revisions\/1182"}],"up":[{"embeddable":true,"href":"https:\/\/cgmap.org\/bs\/wp-json\/wp\/v2\/pages\/597"}],"wp:featuredmedia":[{"embeddable":true,"href":"https:\/\/cgmap.org\/bs\/wp-json\/wp\/v2\/media\/894"}],"wp:attachment":[{"href":"https:\/\/cgmap.org\/bs\/wp-json\/wp\/v2\/media?parent=865"}],"curies":[{"name":"wp","href":"https:\/\/api.w.org\/{rel}","templated":true}]}}