{"id":913,"date":"2020-06-12T12:48:48","date_gmt":"2020-06-12T10:48:48","guid":{"rendered":"https:\/\/cgmap.org\/?page_id=913"},"modified":"2020-06-12T21:20:59","modified_gmt":"2020-06-12T19:20:59","slug":"outreach-aktivnosti","status":"publish","type":"page","link":"https:\/\/cgmap.org\/bs\/novosti\/outreach-aktivnosti\/","title":{"rendered":"Outreach aktivnosti"},"content":{"rendered":"\t\t<div data-elementor-type=\"wp-page\" data-elementor-id=\"913\" class=\"elementor elementor-913 elementor-910\">\n\t\t\t\t\t\t<div class=\"elementor-inner\">\n\t\t\t\t<div class=\"elementor-section-wrap\">\n\t\t\t\t\t\t\t\t\t<section class=\"elementor-section elementor-top-section elementor-element elementor-element-1294cef5 elementor-section-height-min-height elementor-section-boxed elementor-section-height-default elementor-section-items-middle\" data-id=\"1294cef5\" data-element_type=\"section\" data-settings=\"{&quot;background_background&quot;:&quot;classic&quot;,&quot;shape_divider_bottom&quot;:&quot;tilt&quot;}\">\n\t\t\t\t\t\t\t<div class=\"elementor-background-overlay\"><\/div>\n\t\t\t\t\t\t<div class=\"elementor-shape elementor-shape-bottom\" data-negative=\"false\">\n\t\t\t<svg xmlns=\"http:\/\/www.w3.org\/2000\/svg\" viewBox=\"0 0 1000 100\" preserveAspectRatio=\"none\">\n\t<path class=\"elementor-shape-fill\" d=\"M0,6V0h1000v100L0,6z\"\/>\n<\/svg>\t\t<\/div>\n\t\t\t\t\t<div class=\"elementor-container elementor-column-gap-default\">\n\t\t\t\t\t\t\t<div class=\"elementor-row\">\n\t\t\t\t\t<div class=\"elementor-column elementor-col-100 elementor-top-column elementor-element elementor-element-399924ee\" data-id=\"399924ee\" data-element_type=\"column\">\n\t\t\t<div class=\"elementor-column-wrap elementor-element-populated\">\n\t\t\t\t\t\t\t<div class=\"elementor-widget-wrap\">\n\t\t\t\t\t\t\t\t<\/div>\n\t\t\t\t\t<\/div>\n\t\t<\/div>\n\t\t\t\t\t\t\t\t<\/div>\n\t\t\t\t\t<\/div>\n\t\t<\/section>\n\t\t\t\t<section class=\"elementor-section elementor-top-section elementor-element elementor-element-694b61f3 elementor-section-boxed elementor-section-height-default elementor-section-height-default\" data-id=\"694b61f3\" data-element_type=\"section\">\n\t\t\t\t\t\t<div class=\"elementor-container elementor-column-gap-default\">\n\t\t\t\t\t\t\t<div class=\"elementor-row\">\n\t\t\t\t\t<div class=\"elementor-column elementor-col-100 elementor-top-column elementor-element elementor-element-6b7d1f19\" data-id=\"6b7d1f19\" data-element_type=\"column\">\n\t\t\t<div class=\"elementor-column-wrap elementor-element-populated\">\n\t\t\t\t\t\t\t<div class=\"elementor-widget-wrap\">\n\t\t\t\t\t\t<div class=\"elementor-element elementor-element-386f9b14 elementor-widget elementor-widget-text-editor\" data-id=\"386f9b14\" data-element_type=\"widget\" data-widget_type=\"text-editor.default\">\n\t\t\t\t<div class=\"elementor-widget-container\">\n\t\t\t\t\t\t\t\t<div class=\"elementor-text-editor elementor-clearfix\">\n\t\t\t\t<h5>NOVEMBAR 2017: Zagreb Youth Summit<\/h5><p>Inicijativa mladih za ljudska prava, \u010dlan koalicije, organizirala je Zagreba\u010dki samit mladih i pozvla CPI, kao vo\u0111u koalicije, da sudjeluje u doga\u0111aju. Na slu\u017ebenom predstavljanju CGMAP-a na Zapadnom Balkanu, predsjednica CPI-a Velma \u0160ari\u0107 govorila je zajedno sa Benjaminom Abtanom, iz Evropskog lokalnog antirasisti\u010dkog pokreta (EGAM), na panelu \u201eDemokratija i Konflikt: Prevencija ponavljanja konflikta.\u201c Ona je predstavila generalni rad i trenutni plan koalicije. Nakon samita, CGMAP je povezao EGAM s uredom Ujedinjenih nacija za sprje\u010davanje genocida i odgovornost za za\u0161titu, \u0161to je uspostavilo odnos prema budu\u0107im partnerstvima. Time je EGAM postao zvani\u010dni partner CGMAP-a.<\/p><h5>NOVEMBAR 2017: Europski Lokalni Antirasisti\u010dki Pokret<\/h5><p>U novembru 2018. godine CGMAP se pridru\u017eio Evropskom lokalnom antirasisti\u010dkom pokretu (EGAM). EGAM je pokret koji okuplja najva\u017enije antirasisti\u010dke organizacije iz vi\u0161e od 30 evropskih zemalja, unutar i van Evropske unije. Strategija EGAM-a je fokusirana na tri vrste aktivnosti: lokalne akcije \u0161irom Evrope, lobiranje pri evropskim institucijama i podr\u0161ka vo\u0111ama antirasisti\u010dkog civilnog dru\u0161tva. Putem EGAM-a, CGMAP je bio dio nekoliko me\u0111unarodnih akcija i peticija \u010diji je cilj borba protiv diskriminacije manjina, fa\u0161izma i osiguravanje kvalitetnog obrazovanja \u0161irom Evrope.<\/p><h5>DECEMBAR 2017: Zajedni\u010dki odgovor<\/h5><p>CGMAP se pridru\u017eio inicijativi OCD-a za rje\u0161avanje pitanja naplate sudskih tro\u0161kova od \u017ertava ratnih zlo\u010dina. Inicijativu je pokrenuo TRIAL BIH, organizacija koja je u\u010destvovala u treninzima CGMAP-a, a cilj joj je bio adresiranje pitanja naplate visokih sudskih tro\u0161kova koje su \u017ertve ratnih zlo\u010dina bili du\u017eni isplatiti sudovima u Bosni i Hercegovini ukoliko bi njihove zahtjeve za od\u0161tetu nastalu povodom zlo\u010dina sudovi prona\u0161li neutvr\u0111enim. Navedena inicijativa urodila je plodom i rezultirala je odlukom Ustavnog suda koja je navedena potra\u017eivanja proglasila kr\u0161enjem prava \u017ertava na fer su\u0111enje.<\/p><h5>DECEMBAR 2017: Peace Insight-ov online seminar o izgradnji mira i prevenciji zlo\u010dina<\/h5><p>CPI je, u saradnji s publikacijom Peace Direct-a pod nazivom \u201ePeace Insight\u201c i Univerzitetom u Uppsali, omogu\u0107io online diskusiju o taktikama lokalnog pomirenja i lije\u010denju zajednice kao metodama sprje\u010davanja zlo\u010dina. U okviru internetske zajednice sa vi\u0161e od 90 prakti\u010dara i organizacija za izgradnju mira (uklju\u010duju\u0107i mnoge sa Balkana), CPI je govorio o CGMAP-u i temama koje se ti\u010du kolaborativne prevencije zlo\u010dina. Klju\u010dni uvidi i lekcije iz ovih globalnih savjetovanja mogu se na\u0107i ovdje.<\/p><h5>NOVEMBAR 2018: Uvijek koristi pi\u0161taljku, nikada pi\u0161tolj<\/h5><p>CGMAP se pridru\u017eio inicijativi civilnog dru\u0161tva kako bi rije\u0161io pitanje promocije osu\u0111enih ratnih zlo\u010dinaca i politi\u010dku legitimizaciju njihovih zlo\u010dina. Kampanja na dru\u0161tvenim medijima, nazvana \u201eUvijek koristi pi\u0161talju, nikada pi\u0161tolj\u201c, koju je zapo\u010dela \u010dlanica CGMAP-a Inicijativa mladih za ljudska prava Srbije, imala je za cilj da uti\u010de na rje\u0161avanje problema trenutne prakse veli\u010danja ratnih zlo\u010dinaca i njihovog stavljanja u sredi\u0161te pa\u017enje u javnim prostorima.<\/p><h5>KROZ 2018: Dr\u017eanje obe\u0107anja: Suo\u010davanje sa problemom neka\u017enjivosti na Zapadnom balkanu<\/h5><p>CGMAP je sudjelovao u istra\u017eivanju Impunity Watch-a koje bi trebalo doprinijeti pobolj\u0161anju polo\u017eaja brojnih \u017ertava koje su zarobljene u sistemu koji neka\u017enjava i \u0161titi po\u010dinitelje. To je stanje koje i dalje progoni regiju Zapadnog Balkana. Prema istra\u017eivanju i prate\u0107em izvje\u0161taju, Zapadni Balkan je i dalje bojno polje sukobljenih narativa u kojima svaka strana tvrdi da je \u017ertva, a drugu optu\u017euje za pro\u0161la zlostavljanja.<\/p><h5>APRIL 2019: GLOBALNA AKCIJA PROTIV MASOVNIH ZLO\u010cINA<\/h5><p>U 2019. godini su se jo\u0161 dvije organizacije pridru\u017eile CGMAP-u. Jedna od njih je Globalna akcija protiv masovnih zlo\u010dina (GAMAAC), rije\u010d je o globalnoj i inkluzivnoj inicijativi za sprje\u010davanje zlo\u010dina. Druga organizacija je Savez protiv genocida (AAG), me\u0111unarodna koalicija organizacija koja educira \u0161iru javnost i kreatore politika o uzrocima, procesima i upozoravaju\u0107im znakovima genocida. Oni tako\u0111er rade na ja\u010danju institucija i politi\u010dkih volja kako bi bile sposobne da sprije\u010de i zaustave genocid i procesuiraju po\u010dinitelje.<\/p>\t\t\t\t\t<\/div>\n\t\t\t\t\t\t<\/div>\n\t\t\t\t<\/div>\n\t\t\t\t\t\t<\/div>\n\t\t\t\t\t<\/div>\n\t\t<\/div>\n\t\t\t\t\t\t\t\t<\/div>\n\t\t\t\t\t<\/div>\n\t\t<\/section>\n\t\t\t\t\t\t\t\t\t<\/div>\n\t\t\t<\/div>\n\t\t\t\t\t<\/div>\n\t\t","protected":false},"excerpt":{"rendered":"<p>NOVEMBAR 2017: Zagreb Youth Summit Inicijativa mladih za ljudska prava, \u010dlan koalicije, organizirala je Zagreba\u010dki samit mladih i pozvla CPI, kao vo\u0111u koalicije, da sudjeluje u doga\u0111aju. Na slu\u017ebenom predstavljanju CGMAP-a na Zapadnom Balkanu, predsjednica CPI-a Velma \u0160ari\u0107 govorila je zajedno sa Benjaminom Abtanom, iz Evropskog lokalnog antirasisti\u010dkog pokreta (EGAM), na panelu \u201eDemokratija i Konflikt: [&hellip;]<\/p>\n","protected":false},"author":1,"featured_media":560,"parent":906,"menu_order":0,"comment_status":"closed","ping_status":"closed","template":"elementor_header_footer","meta":{"_mi_skip_tracking":false},"yoast_head":"<!-- This site is optimized with the Yoast SEO plugin v18.5.1 - https:\/\/yoast.com\/wordpress\/plugins\/seo\/ -->\n<title>Outreach aktivnosti - cgmap.org<\/title>\n<meta name=\"robots\" content=\"index, follow, max-snippet:-1, max-image-preview:large, max-video-preview:-1\" \/>\n<link rel=\"canonical\" href=\"https:\/\/cgmap.org\/bs\/novosti\/outreach-aktivnosti\/\" \/>\n<meta property=\"og:locale\" content=\"bs_BA\" \/>\n<meta property=\"og:type\" content=\"article\" \/>\n<meta property=\"og:title\" content=\"Outreach aktivnosti - cgmap.org\" \/>\n<meta property=\"og:description\" content=\"NOVEMBAR 2017: Zagreb Youth Summit Inicijativa mladih za ljudska prava, \u010dlan koalicije, organizirala je Zagreba\u010dki samit mladih i pozvla CPI, kao vo\u0111u koalicije, da sudjeluje u doga\u0111aju. Na slu\u017ebenom predstavljanju CGMAP-a na Zapadnom Balkanu, predsjednica CPI-a Velma \u0160ari\u0107 govorila je zajedno sa Benjaminom Abtanom, iz Evropskog lokalnog antirasisti\u010dkog pokreta (EGAM), na panelu \u201eDemokratija i Konflikt: [&hellip;]\" \/>\n<meta property=\"og:url\" content=\"https:\/\/cgmap.org\/bs\/novosti\/outreach-aktivnosti\/\" \/>\n<meta property=\"og:site_name\" content=\"cgmap.org\" \/>\n<meta property=\"article:modified_time\" content=\"2020-06-12T19:20:59+00:00\" \/>\n<meta property=\"og:image\" content=\"https:\/\/cgmap.org\/app\/uploads\/2020\/04\/balkan.jpg\" \/>\n\t<meta property=\"og:image:width\" content=\"1920\" \/>\n\t<meta property=\"og:image:height\" content=\"640\" \/>\n\t<meta property=\"og:image:type\" content=\"image\/jpeg\" \/>\n<meta name=\"twitter:card\" content=\"summary_large_image\" \/>\n<meta name=\"twitter:label1\" content=\"Est. reading time\" \/>\n\t<meta name=\"twitter:data1\" content=\"3 minutes\" \/>\n<script type=\"application\/ld+json\" class=\"yoast-schema-graph\">{\"@context\":\"https:\/\/schema.org\",\"@graph\":[{\"@type\":\"WebSite\",\"@id\":\"https:\/\/cgmap.org\/#website\",\"url\":\"https:\/\/cgmap.org\/\",\"name\":\"cgmap.org\",\"description\":\"Koalicija za prevenciju genocida i masovnih zlo\u010dina na Zapadnom Balkanu\",\"potentialAction\":[{\"@type\":\"SearchAction\",\"target\":{\"@type\":\"EntryPoint\",\"urlTemplate\":\"https:\/\/cgmap.org\/?s={search_term_string}\"},\"query-input\":\"required name=search_term_string\"}],\"inLanguage\":\"bs-BA\"},{\"@type\":\"ImageObject\",\"@id\":\"https:\/\/cgmap.org\/bs\/novosti\/outreach-aktivnosti\/#primaryimage\",\"inLanguage\":\"bs-BA\",\"url\":\"https:\/\/cgmap.org\/app\/uploads\/2020\/04\/balkan.jpg\",\"contentUrl\":\"https:\/\/cgmap.org\/app\/uploads\/2020\/04\/balkan.jpg\",\"width\":1920,\"height\":640},{\"@type\":\"WebPage\",\"@id\":\"https:\/\/cgmap.org\/bs\/novosti\/outreach-aktivnosti\/#webpage\",\"url\":\"https:\/\/cgmap.org\/bs\/novosti\/outreach-aktivnosti\/\",\"name\":\"Outreach aktivnosti - cgmap.org\",\"isPartOf\":{\"@id\":\"https:\/\/cgmap.org\/#website\"},\"primaryImageOfPage\":{\"@id\":\"https:\/\/cgmap.org\/bs\/novosti\/outreach-aktivnosti\/#primaryimage\"},\"datePublished\":\"2020-06-12T10:48:48+00:00\",\"dateModified\":\"2020-06-12T19:20:59+00:00\",\"breadcrumb\":{\"@id\":\"https:\/\/cgmap.org\/bs\/novosti\/outreach-aktivnosti\/#breadcrumb\"},\"inLanguage\":\"bs-BA\",\"potentialAction\":[{\"@type\":\"ReadAction\",\"target\":[\"https:\/\/cgmap.org\/bs\/novosti\/outreach-aktivnosti\/\"]}]},{\"@type\":\"BreadcrumbList\",\"@id\":\"https:\/\/cgmap.org\/bs\/novosti\/outreach-aktivnosti\/#breadcrumb\",\"itemListElement\":[{\"@type\":\"ListItem\",\"position\":1,\"name\":\"Home\",\"item\":\"https:\/\/cgmap.org\/\"},{\"@type\":\"ListItem\",\"position\":2,\"name\":\"Novosti\",\"item\":\"https:\/\/cgmap.org\/bs\/novosti\/\"},{\"@type\":\"ListItem\",\"position\":3,\"name\":\"Outreach aktivnosti\"}]}]}<\/script>\n<!-- \/ Yoast SEO plugin. -->","yoast_head_json":{"title":"Outreach aktivnosti - cgmap.org","robots":{"index":"index","follow":"follow","max-snippet":"max-snippet:-1","max-image-preview":"max-image-preview:large","max-video-preview":"max-video-preview:-1"},"canonical":"https:\/\/cgmap.org\/bs\/novosti\/outreach-aktivnosti\/","og_locale":"bs_BA","og_type":"article","og_title":"Outreach aktivnosti - cgmap.org","og_description":"NOVEMBAR 2017: Zagreb Youth Summit Inicijativa mladih za ljudska prava, \u010dlan koalicije, organizirala je Zagreba\u010dki samit mladih i pozvla CPI, kao vo\u0111u koalicije, da sudjeluje u doga\u0111aju. Na slu\u017ebenom predstavljanju CGMAP-a na Zapadnom Balkanu, predsjednica CPI-a Velma \u0160ari\u0107 govorila je zajedno sa Benjaminom Abtanom, iz Evropskog lokalnog antirasisti\u010dkog pokreta (EGAM), na panelu \u201eDemokratija i Konflikt: [&hellip;]","og_url":"https:\/\/cgmap.org\/bs\/novosti\/outreach-aktivnosti\/","og_site_name":"cgmap.org","article_modified_time":"2020-06-12T19:20:59+00:00","og_image":[{"width":1920,"height":640,"url":"https:\/\/cgmap.org\/app\/uploads\/2020\/04\/balkan.jpg","type":"image\/jpeg"}],"twitter_card":"summary_large_image","twitter_misc":{"Est. reading time":"3 minutes"},"schema":{"@context":"https:\/\/schema.org","@graph":[{"@type":"WebSite","@id":"https:\/\/cgmap.org\/#website","url":"https:\/\/cgmap.org\/","name":"cgmap.org","description":"Koalicija za prevenciju genocida i masovnih zlo\u010dina na Zapadnom Balkanu","potentialAction":[{"@type":"SearchAction","target":{"@type":"EntryPoint","urlTemplate":"https:\/\/cgmap.org\/?s={search_term_string}"},"query-input":"required name=search_term_string"}],"inLanguage":"bs-BA"},{"@type":"ImageObject","@id":"https:\/\/cgmap.org\/bs\/novosti\/outreach-aktivnosti\/#primaryimage","inLanguage":"bs-BA","url":"https:\/\/cgmap.org\/app\/uploads\/2020\/04\/balkan.jpg","contentUrl":"https:\/\/cgmap.org\/app\/uploads\/2020\/04\/balkan.jpg","width":1920,"height":640},{"@type":"WebPage","@id":"https:\/\/cgmap.org\/bs\/novosti\/outreach-aktivnosti\/#webpage","url":"https:\/\/cgmap.org\/bs\/novosti\/outreach-aktivnosti\/","name":"Outreach aktivnosti - cgmap.org","isPartOf":{"@id":"https:\/\/cgmap.org\/#website"},"primaryImageOfPage":{"@id":"https:\/\/cgmap.org\/bs\/novosti\/outreach-aktivnosti\/#primaryimage"},"datePublished":"2020-06-12T10:48:48+00:00","dateModified":"2020-06-12T19:20:59+00:00","breadcrumb":{"@id":"https:\/\/cgmap.org\/bs\/novosti\/outreach-aktivnosti\/#breadcrumb"},"inLanguage":"bs-BA","potentialAction":[{"@type":"ReadAction","target":["https:\/\/cgmap.org\/bs\/novosti\/outreach-aktivnosti\/"]}]},{"@type":"BreadcrumbList","@id":"https:\/\/cgmap.org\/bs\/novosti\/outreach-aktivnosti\/#breadcrumb","itemListElement":[{"@type":"ListItem","position":1,"name":"Home","item":"https:\/\/cgmap.org\/"},{"@type":"ListItem","position":2,"name":"Novosti","item":"https:\/\/cgmap.org\/bs\/novosti\/"},{"@type":"ListItem","position":3,"name":"Outreach aktivnosti"}]}]}},"_links":{"self":[{"href":"https:\/\/cgmap.org\/bs\/wp-json\/wp\/v2\/pages\/913"}],"collection":[{"href":"https:\/\/cgmap.org\/bs\/wp-json\/wp\/v2\/pages"}],"about":[{"href":"https:\/\/cgmap.org\/bs\/wp-json\/wp\/v2\/types\/page"}],"author":[{"embeddable":true,"href":"https:\/\/cgmap.org\/bs\/wp-json\/wp\/v2\/users\/1"}],"replies":[{"embeddable":true,"href":"https:\/\/cgmap.org\/bs\/wp-json\/wp\/v2\/comments?post=913"}],"version-history":[{"count":5,"href":"https:\/\/cgmap.org\/bs\/wp-json\/wp\/v2\/pages\/913\/revisions"}],"predecessor-version":[{"id":1099,"href":"https:\/\/cgmap.org\/bs\/wp-json\/wp\/v2\/pages\/913\/revisions\/1099"}],"up":[{"embeddable":true,"href":"https:\/\/cgmap.org\/bs\/wp-json\/wp\/v2\/pages\/906"}],"wp:featuredmedia":[{"embeddable":true,"href":"https:\/\/cgmap.org\/bs\/wp-json\/wp\/v2\/media\/560"}],"wp:attachment":[{"href":"https:\/\/cgmap.org\/bs\/wp-json\/wp\/v2\/media?parent=913"}],"curies":[{"name":"wp","href":"https:\/\/api.w.org\/{rel}","templated":true}]}}