{"id":931,"date":"2020-06-12T13:15:45","date_gmt":"2020-06-12T11:15:45","guid":{"rendered":"https:\/\/cgmap.org\/vijesti\/news-publications\/"},"modified":"2021-12-20T12:24:24","modified_gmt":"2021-12-20T11:24:24","slug":"novosti-i-publikacije","status":"publish","type":"page","link":"https:\/\/cgmap.org\/bs\/novosti\/novosti-i-publikacije\/","title":{"rendered":"Novosti i publikacije"},"content":{"rendered":"\t\t<div data-elementor-type=\"wp-page\" data-elementor-id=\"931\" class=\"elementor elementor-931 elementor-930\">\n\t\t\t\t\t\t<div class=\"elementor-inner\">\n\t\t\t\t<div class=\"elementor-section-wrap\">\n\t\t\t\t\t\t\t\t\t<section class=\"elementor-section elementor-top-section elementor-element elementor-element-4d7c7d86 elementor-section-height-min-height elementor-section-boxed elementor-section-height-default elementor-section-items-middle\" data-id=\"4d7c7d86\" data-element_type=\"section\" data-settings=\"{&quot;background_background&quot;:&quot;classic&quot;,&quot;shape_divider_bottom&quot;:&quot;tilt&quot;}\">\n\t\t\t\t\t\t\t<div class=\"elementor-background-overlay\"><\/div>\n\t\t\t\t\t\t<div class=\"elementor-shape elementor-shape-bottom\" data-negative=\"false\">\n\t\t\t<svg xmlns=\"http:\/\/www.w3.org\/2000\/svg\" viewBox=\"0 0 1000 100\" preserveAspectRatio=\"none\">\n\t<path class=\"elementor-shape-fill\" d=\"M0,6V0h1000v100L0,6z\"\/>\n<\/svg>\t\t<\/div>\n\t\t\t\t\t<div class=\"elementor-container elementor-column-gap-default\">\n\t\t\t\t\t\t\t<div class=\"elementor-row\">\n\t\t\t\t\t<div class=\"elementor-column elementor-col-100 elementor-top-column elementor-element elementor-element-3929c96b\" data-id=\"3929c96b\" data-element_type=\"column\">\n\t\t\t<div class=\"elementor-column-wrap elementor-element-populated\">\n\t\t\t\t\t\t\t<div class=\"elementor-widget-wrap\">\n\t\t\t\t\t\t\t\t<\/div>\n\t\t\t\t\t<\/div>\n\t\t<\/div>\n\t\t\t\t\t\t\t\t<\/div>\n\t\t\t\t\t<\/div>\n\t\t<\/section>\n\t\t\t\t<section class=\"elementor-section elementor-top-section elementor-element elementor-element-45e18dfe elementor-section-boxed elementor-section-height-default elementor-section-height-default\" data-id=\"45e18dfe\" data-element_type=\"section\">\n\t\t\t\t\t\t<div class=\"elementor-container elementor-column-gap-default\">\n\t\t\t\t\t\t\t<div class=\"elementor-row\">\n\t\t\t\t\t<div class=\"elementor-column elementor-col-100 elementor-top-column elementor-element elementor-element-70ad7f0a\" data-id=\"70ad7f0a\" data-element_type=\"column\">\n\t\t\t<div class=\"elementor-column-wrap elementor-element-populated\">\n\t\t\t\t\t\t\t<div class=\"elementor-widget-wrap\">\n\t\t\t\t\t\t<div class=\"elementor-element elementor-element-7c8ce719 elementor-widget elementor-widget-text-editor\" data-id=\"7c8ce719\" data-element_type=\"widget\" data-widget_type=\"text-editor.default\">\n\t\t\t\t<div class=\"elementor-widget-container\">\n\t\t\t\t\t\t\t\t<div class=\"elementor-text-editor elementor-clearfix\">\n\t\t\t\t<p>2021<\/p><p><a href=\"https:\/\/championhumanity.buzzsprout.com\/\">Peace at Risk in Bosnia Podcast\u00a0<\/a><\/p><p><a href=\"https:\/\/srebrenicamemorial.org\/en\/investigations\/srebrenica-genocide-denial-report-2021\/8\">Srebrenica-Poto\u010dari Memorial: Srebrenica Genocide Denial Report 2021<\/a><\/p><p>2020<\/p><p><a href=\"https:\/\/srebrenicamemorial.org\/en\/investigations\/genocide-denial-report-2020\/4\">Srebrenica-Poto\u010dari Memorial: Srebrenica Genocide Denial Report 2020<\/a><\/p><p>2019<\/p><p><a href=\"http:\/\/balkans.aljazeera.net\/video\/zakon-o-negiranju-genocida\">Zakon o negiranju genocida<\/a><\/p><p><a href=\"http:\/\/ba.n1info.com\/Vijesti\/a355511\/Velma-Saric-za-N1-o-poricanju-genocida.html?fbclid=IwAR3nCtKiQEmrKMMxgNkqRXD37fuKelaFD3hYFgXG4FzOSjdwnz7R7kFH3Zc\" class=\"broken_link\">Velma \u0160ari\u0107: Zadnja faza genocida i jeste poricanje<\/a><\/p><p>2018<\/p><p><a href=\"https:\/\/www.impunitywatch.org\/post\/keeping-the-promise-addressing-impunity-in-the-western-balkans\">Keeping the Promise: Addressing Impunity in the Western Balkans<\/a><\/p><p>2017<\/p><p><a href=\"https:\/\/www.youtube.com\/watch?v=HdsdZjwgt1c\">Pora\u017eavaju\u0107e &#8211; Negiranje genocida bez kazne, zlo\u010dinci na listama<\/a><\/p><p>2013<\/p><p><a href=\"http:\/\/www.pogled.ba\/clanak\/pcrc-prevencija-i-odgovaranje-na-genocid-i-masovne-zlocine\/42927\" class=\"broken_link\">Prevencija i odgovaranje na genocid i masovne zlo\u010dine<\/a><\/p>\t\t\t\t\t<\/div>\n\t\t\t\t\t\t<\/div>\n\t\t\t\t<\/div>\n\t\t\t\t\t\t<\/div>\n\t\t\t\t\t<\/div>\n\t\t<\/div>\n\t\t\t\t\t\t\t\t<\/div>\n\t\t\t\t\t<\/div>\n\t\t<\/section>\n\t\t\t\t\t\t\t\t\t<\/div>\n\t\t\t<\/div>\n\t\t\t\t\t<\/div>\n\t\t","protected":false},"excerpt":{"rendered":"<p>2021 Peace at Risk in Bosnia Podcast\u00a0 Srebrenica-Poto\u010dari Memorial: Srebrenica Genocide Denial Report 2021 2020 Srebrenica-Poto\u010dari Memorial: Srebrenica Genocide Denial Report 2020 2019 Zakon o negiranju genocida Velma \u0160ari\u0107: Zadnja faza genocida i jeste poricanje 2018 Keeping the Promise: Addressing Impunity in the Western Balkans 2017 Pora\u017eavaju\u0107e &#8211; Negiranje genocida bez kazne, zlo\u010dinci na listama [&hellip;]<\/p>\n","protected":false},"author":1,"featured_media":886,"parent":906,"menu_order":2,"comment_status":"closed","ping_status":"closed","template":"elementor_header_footer","meta":{"_mi_skip_tracking":false},"yoast_head":"<!-- This site is optimized with the Yoast SEO plugin v18.5.1 - https:\/\/yoast.com\/wordpress\/plugins\/seo\/ -->\n<title>Novosti i publikacije - cgmap.org<\/title>\n<meta name=\"robots\" content=\"index, follow, max-snippet:-1, max-image-preview:large, max-video-preview:-1\" \/>\n<link rel=\"canonical\" href=\"https:\/\/cgmap.org\/bs\/novosti\/novosti-i-publikacije\/\" \/>\n<meta property=\"og:locale\" content=\"bs_BA\" \/>\n<meta property=\"og:type\" content=\"article\" \/>\n<meta property=\"og:title\" content=\"Novosti i publikacije - cgmap.org\" \/>\n<meta property=\"og:description\" content=\"2021 Peace at Risk in Bosnia Podcast\u00a0 Srebrenica-Poto\u010dari Memorial: Srebrenica Genocide Denial Report 2021 2020 Srebrenica-Poto\u010dari Memorial: Srebrenica Genocide Denial Report 2020 2019 Zakon o negiranju genocida Velma \u0160ari\u0107: Zadnja faza genocida i jeste poricanje 2018 Keeping the Promise: Addressing Impunity in the Western Balkans 2017 Pora\u017eavaju\u0107e &#8211; Negiranje genocida bez kazne, zlo\u010dinci na listama [&hellip;]\" \/>\n<meta property=\"og:url\" content=\"https:\/\/cgmap.org\/bs\/novosti\/novosti-i-publikacije\/\" \/>\n<meta property=\"og:site_name\" content=\"cgmap.org\" \/>\n<meta property=\"article:modified_time\" content=\"2021-12-20T11:24:24+00:00\" \/>\n<meta property=\"og:image\" content=\"https:\/\/cgmap.org\/app\/uploads\/2020\/06\/members.jpg\" \/>\n\t<meta property=\"og:image:width\" content=\"1920\" \/>\n\t<meta property=\"og:image:height\" content=\"1080\" \/>\n\t<meta property=\"og:image:type\" content=\"image\/jpeg\" \/>\n<meta name=\"twitter:card\" content=\"summary_large_image\" \/>\n<script type=\"application\/ld+json\" class=\"yoast-schema-graph\">{\"@context\":\"https:\/\/schema.org\",\"@graph\":[{\"@type\":\"WebSite\",\"@id\":\"https:\/\/cgmap.org\/#website\",\"url\":\"https:\/\/cgmap.org\/\",\"name\":\"cgmap.org\",\"description\":\"Koalicija za prevenciju genocida i masovnih zlo\u010dina na Zapadnom Balkanu\",\"potentialAction\":[{\"@type\":\"SearchAction\",\"target\":{\"@type\":\"EntryPoint\",\"urlTemplate\":\"https:\/\/cgmap.org\/?s={search_term_string}\"},\"query-input\":\"required name=search_term_string\"}],\"inLanguage\":\"bs-BA\"},{\"@type\":\"ImageObject\",\"@id\":\"https:\/\/cgmap.org\/bs\/novosti\/novosti-i-publikacije\/#primaryimage\",\"inLanguage\":\"bs-BA\",\"url\":\"https:\/\/cgmap.org\/app\/uploads\/2020\/06\/members.jpg\",\"contentUrl\":\"https:\/\/cgmap.org\/app\/uploads\/2020\/06\/members.jpg\",\"width\":1920,\"height\":1080},{\"@type\":\"WebPage\",\"@id\":\"https:\/\/cgmap.org\/bs\/novosti\/novosti-i-publikacije\/#webpage\",\"url\":\"https:\/\/cgmap.org\/bs\/novosti\/novosti-i-publikacije\/\",\"name\":\"Novosti i publikacije - cgmap.org\",\"isPartOf\":{\"@id\":\"https:\/\/cgmap.org\/#website\"},\"primaryImageOfPage\":{\"@id\":\"https:\/\/cgmap.org\/bs\/novosti\/novosti-i-publikacije\/#primaryimage\"},\"datePublished\":\"2020-06-12T11:15:45+00:00\",\"dateModified\":\"2021-12-20T11:24:24+00:00\",\"breadcrumb\":{\"@id\":\"https:\/\/cgmap.org\/bs\/novosti\/novosti-i-publikacije\/#breadcrumb\"},\"inLanguage\":\"bs-BA\",\"potentialAction\":[{\"@type\":\"ReadAction\",\"target\":[\"https:\/\/cgmap.org\/bs\/novosti\/novosti-i-publikacije\/\"]}]},{\"@type\":\"BreadcrumbList\",\"@id\":\"https:\/\/cgmap.org\/bs\/novosti\/novosti-i-publikacije\/#breadcrumb\",\"itemListElement\":[{\"@type\":\"ListItem\",\"position\":1,\"name\":\"Home\",\"item\":\"https:\/\/cgmap.org\/\"},{\"@type\":\"ListItem\",\"position\":2,\"name\":\"Novosti\",\"item\":\"https:\/\/cgmap.org\/bs\/novosti\/\"},{\"@type\":\"ListItem\",\"position\":3,\"name\":\"Novosti i publikacije\"}]}]}<\/script>\n<!-- \/ Yoast SEO plugin. -->","yoast_head_json":{"title":"Novosti i publikacije - cgmap.org","robots":{"index":"index","follow":"follow","max-snippet":"max-snippet:-1","max-image-preview":"max-image-preview:large","max-video-preview":"max-video-preview:-1"},"canonical":"https:\/\/cgmap.org\/bs\/novosti\/novosti-i-publikacije\/","og_locale":"bs_BA","og_type":"article","og_title":"Novosti i publikacije - cgmap.org","og_description":"2021 Peace at Risk in Bosnia Podcast\u00a0 Srebrenica-Poto\u010dari Memorial: Srebrenica Genocide Denial Report 2021 2020 Srebrenica-Poto\u010dari Memorial: Srebrenica Genocide Denial Report 2020 2019 Zakon o negiranju genocida Velma \u0160ari\u0107: Zadnja faza genocida i jeste poricanje 2018 Keeping the Promise: Addressing Impunity in the Western Balkans 2017 Pora\u017eavaju\u0107e &#8211; Negiranje genocida bez kazne, zlo\u010dinci na listama [&hellip;]","og_url":"https:\/\/cgmap.org\/bs\/novosti\/novosti-i-publikacije\/","og_site_name":"cgmap.org","article_modified_time":"2021-12-20T11:24:24+00:00","og_image":[{"width":1920,"height":1080,"url":"https:\/\/cgmap.org\/app\/uploads\/2020\/06\/members.jpg","type":"image\/jpeg"}],"twitter_card":"summary_large_image","schema":{"@context":"https:\/\/schema.org","@graph":[{"@type":"WebSite","@id":"https:\/\/cgmap.org\/#website","url":"https:\/\/cgmap.org\/","name":"cgmap.org","description":"Koalicija za prevenciju genocida i masovnih zlo\u010dina na Zapadnom Balkanu","potentialAction":[{"@type":"SearchAction","target":{"@type":"EntryPoint","urlTemplate":"https:\/\/cgmap.org\/?s={search_term_string}"},"query-input":"required name=search_term_string"}],"inLanguage":"bs-BA"},{"@type":"ImageObject","@id":"https:\/\/cgmap.org\/bs\/novosti\/novosti-i-publikacije\/#primaryimage","inLanguage":"bs-BA","url":"https:\/\/cgmap.org\/app\/uploads\/2020\/06\/members.jpg","contentUrl":"https:\/\/cgmap.org\/app\/uploads\/2020\/06\/members.jpg","width":1920,"height":1080},{"@type":"WebPage","@id":"https:\/\/cgmap.org\/bs\/novosti\/novosti-i-publikacije\/#webpage","url":"https:\/\/cgmap.org\/bs\/novosti\/novosti-i-publikacije\/","name":"Novosti i publikacije - cgmap.org","isPartOf":{"@id":"https:\/\/cgmap.org\/#website"},"primaryImageOfPage":{"@id":"https:\/\/cgmap.org\/bs\/novosti\/novosti-i-publikacije\/#primaryimage"},"datePublished":"2020-06-12T11:15:45+00:00","dateModified":"2021-12-20T11:24:24+00:00","breadcrumb":{"@id":"https:\/\/cgmap.org\/bs\/novosti\/novosti-i-publikacije\/#breadcrumb"},"inLanguage":"bs-BA","potentialAction":[{"@type":"ReadAction","target":["https:\/\/cgmap.org\/bs\/novosti\/novosti-i-publikacije\/"]}]},{"@type":"BreadcrumbList","@id":"https:\/\/cgmap.org\/bs\/novosti\/novosti-i-publikacije\/#breadcrumb","itemListElement":[{"@type":"ListItem","position":1,"name":"Home","item":"https:\/\/cgmap.org\/"},{"@type":"ListItem","position":2,"name":"Novosti","item":"https:\/\/cgmap.org\/bs\/novosti\/"},{"@type":"ListItem","position":3,"name":"Novosti i publikacije"}]}]}},"_links":{"self":[{"href":"https:\/\/cgmap.org\/bs\/wp-json\/wp\/v2\/pages\/931"}],"collection":[{"href":"https:\/\/cgmap.org\/bs\/wp-json\/wp\/v2\/pages"}],"about":[{"href":"https:\/\/cgmap.org\/bs\/wp-json\/wp\/v2\/types\/page"}],"author":[{"embeddable":true,"href":"https:\/\/cgmap.org\/bs\/wp-json\/wp\/v2\/users\/1"}],"replies":[{"embeddable":true,"href":"https:\/\/cgmap.org\/bs\/wp-json\/wp\/v2\/comments?post=931"}],"version-history":[{"count":10,"href":"https:\/\/cgmap.org\/bs\/wp-json\/wp\/v2\/pages\/931\/revisions"}],"predecessor-version":[{"id":1506,"href":"https:\/\/cgmap.org\/bs\/wp-json\/wp\/v2\/pages\/931\/revisions\/1506"}],"up":[{"embeddable":true,"href":"https:\/\/cgmap.org\/bs\/wp-json\/wp\/v2\/pages\/906"}],"wp:featuredmedia":[{"embeddable":true,"href":"https:\/\/cgmap.org\/bs\/wp-json\/wp\/v2\/media\/886"}],"wp:attachment":[{"href":"https:\/\/cgmap.org\/bs\/wp-json\/wp\/v2\/media?parent=931"}],"curies":[{"name":"wp","href":"https:\/\/api.w.org\/{rel}","templated":true}]}}